{"id":397,"date":"2018-06-09T21:22:55","date_gmt":"2018-06-09T19:22:55","guid":{"rendered":"http:\/\/donkosira.org\/?page_id=397"},"modified":"2022-03-28T18:40:32","modified_gmt":"2022-03-28T18:40:32","slug":"mariam-coulibaly","status":"publish","type":"page","link":"https:\/\/www.donkosira.org\/en\/notre-equipe\/mariam-coulibaly\/","title":{"rendered":"Mariam Coulibaly"},"content":{"rendered":"<p>[vc_row css=&#8221;.vc_custom_1606782278260{padding-top: 40px !important;padding-bottom: 10px !important;}&#8221;][vc_column width=&#8221;1\/2&#8243;][vc_single_image image=&#8221;25231&#8243;][\/vc_column][vc_column width=&#8221;1\/2&#8243;]<h1 class=\"boc_heading  al_left  \"  style=\"margin-bottom: 8px;margin-top: 0px;color: #00a0a5;font-size: 33px;\"><span>MARIAM Coulibaly<\/span><\/h1><h3 class=\"boc_heading  al_left  boc_subheading \"  style=\"margin-bottom: 20px;margin-top: 0px;color: #adadad;font-size: 19px;\"><span>Tr\u00e9sori\u00e8re<\/span><\/h3><div class=\"boc_divider_holder\"><div class=\"boc_divider  \"  style=\"margin-top: 22px;margin-bottom: 22px;width: 100px;height: 1px;background: #eeeeee;\"><\/div><\/div>[vc_column_text]<\/p>\n<p style=\"text-align: justify;\">Je m\u2019appelle Mariam Coulibaly, je viens de Bamako (Mali). J\u2019ai 33 ans, je suis mari\u00e9e, m\u00e8re\u00a0de deux enfants. Je suis actuellement en licence 3 sciences et techniques d\u2019animation socio-culturelle\/ jeunesse et loisir \u00e0 l\u2019INJS (Institut national de la jeunesse et des sports) \u00e0 Bamako.<\/p>\n<p style=\"text-align: justify;\">Je suis tr\u00e9sori\u00e8re de l\u2019association Donkosira. Le projet Donkosira est tr\u00e8s int\u00e9ressant car il permet de mieux conna\u00eetre nos patrimoines culturels d\u2019Afrique de l\u2019Ouest : Mali, S\u00e9n\u00e9gal et Guin\u00e9e. Cela renforce la coh\u00e9sion r\u00e9gionale entre ces trois pays.<\/p>\n<p>[\/vc_column_text][\/vc_column][\/vc_row][vc_row][vc_column]<div class=\"boc_spacing \" style=\"height: 40px\"><\/div>[\/vc_column][\/vc_row][vc_row full_width=&#8221;stretch_row&#8221; bg_type=&#8221;bg_color&#8221; enable_overlay=&#8221;enable_overlay_value&#8221; overlay_color=&#8221;#00a0a5&#8243; css=&#8221;.vc_custom_1599070253320{margin-bottom: 0px !important;padding-top: 20px !important;padding-bottom: 10px !important;}&#8221; bg_color_value=&#8221;#00a0a5&#8243;][vc_column]<h2 class=\"boc_heading  center  boc_subheading boc_animate_when_almost_visible boc_left-to-right\"  style=\"margin-bottom: 20px;margin-top: 0px;color: #ffffff;font-size: 27px;\"><span>\u00ab Donkosira : le chemin de la connaissance \u00bb<\/span><\/h2>[\/vc_column][\/vc_row]<\/p>\n","protected":false},"excerpt":{"rendered":"<p>[vc_row css=&#8221;.vc_custom_1606782278260{padding-top: 40px !important;padding-bottom: 10px !important;}&#8221;][vc_column width=&#8221;1\/2&#8243;][vc_single_image image=&#8221;25231&#8243;][\/vc_column][vc_column width=&#8221;1\/2&#8243;][vc_column_text] Je m\u2019appelle Mariam Coulibaly, je viens de Bamako (Mali). J\u2019ai 33 ans, je suis mari\u00e9e, m\u00e8re\u00a0de deux enfants. Je suis actuellement en licence 3 sciences et techniques d\u2019animation socio-culturelle\/ jeunesse et loisir \u00e0 l\u2019INJS (Institut national de la jeunesse et des sports) \u00e0 Bamako. Je suis tr\u00e9sori\u00e8re de l\u2019association Donkosira. Le<\/p>\n<div class=\"h10\"><\/div>\n<p><a class=\"more-link1\" href=\"https:\/\/www.donkosira.org\/en\/notre-equipe\/mariam-coulibaly\/\">Lire plus<\/a><\/p>\n","protected":false},"author":1,"featured_media":0,"parent":23104,"menu_order":14,"comment_status":"closed","ping_status":"closed","template":"","meta":{"footnotes":""},"class_list":["post-397","page","type-page","status-publish","hentry"],"translation":{"provider":"WPGlobus","version":"3.0.0","language":"en","enabled_languages":["fr","en"],"languages":{"fr":{"title":true,"content":true,"excerpt":false},"en":{"title":false,"content":false,"excerpt":false}}},"jetpack_likes_enabled":false,"jetpack_sharing_enabled":true,"_links":{"self":[{"href":"https:\/\/www.donkosira.org\/en\/wp-json\/wp\/v2\/pages\/397","targetHints":{"allow":["GET"]}}],"collection":[{"href":"https:\/\/www.donkosira.org\/en\/wp-json\/wp\/v2\/pages"}],"about":[{"href":"https:\/\/www.donkosira.org\/en\/wp-json\/wp\/v2\/types\/page"}],"author":[{"embeddable":true,"href":"https:\/\/www.donkosira.org\/en\/wp-json\/wp\/v2\/users\/1"}],"replies":[{"embeddable":true,"href":"https:\/\/www.donkosira.org\/en\/wp-json\/wp\/v2\/comments?post=397"}],"version-history":[{"count":0,"href":"https:\/\/www.donkosira.org\/en\/wp-json\/wp\/v2\/pages\/397\/revisions"}],"up":[{"embeddable":true,"href":"https:\/\/www.donkosira.org\/en\/wp-json\/wp\/v2\/pages\/23104"}],"wp:attachment":[{"href":"https:\/\/www.donkosira.org\/en\/wp-json\/wp\/v2\/media?parent=397"}],"curies":[{"name":"wp","href":"https:\/\/api.w.org\/{rel}","templated":true}]}}