{"id":376,"date":"2018-06-09T20:52:44","date_gmt":"2018-06-09T18:52:44","guid":{"rendered":"http:\/\/donkosira.org\/?page_id=376"},"modified":"2025-12-05T21:42:31","modified_gmt":"2025-12-05T21:42:31","slug":"mamadou-sene-cisse","status":"publish","type":"page","link":"https:\/\/www.donkosira.org\/en\/notre-equipe\/mamadou-sene-cisse\/","title":{"rendered":"Mamadou S\u00e9ne Ciss\u00e9"},"content":{"rendered":"<p>[vc_row css=&#8221;.vc_custom_1606782159046{padding-top: 40px !important;padding-bottom: 10px !important;}&#8221;][vc_column width=&#8221;1\/2&#8243;][vc_single_image image=&#8221;29705&#8243;][vc_column_text]<\/p>\n<p>[\/vc_column_text][\/vc_column][vc_column width=&#8221;1\/2&#8243; css=&#8221;.vc_custom_1598480079517{padding-right: 20px !important;padding-bottom: 80px !important;padding-left: 40px !important;}&#8221;]<h1 class=\"boc_heading  al_left  \"  style=\"margin-bottom: 8px;margin-top: 0px;color: #00a0a5;font-size: 33px;\"><span>Mamadou S\u00e9ne CISSE<\/span><\/h1><h3 class=\"boc_heading  al_left  boc_subheading \"  style=\"margin-bottom: 20px;margin-top: 0px;color: #adadad;font-size: 19px;\"><span>Pr\u00e9sident \/ Chercheur, archiviste, blogueur<\/span><\/h3><div class=\"boc_divider_holder\"><div class=\"boc_divider  \"  style=\"margin-top: 22px;margin-bottom: 22px;width: 100px;height: 1px;background: #eeeeee;\"><\/div><\/div>[vc_column_text]<\/p>\n<p style=\"text-align: justify;\">N\u00e9 le\u00a0 26 janvier 1979 \u00e0 Banjul (Gambie), Mamadou S\u00e9ne Ciss\u00e9 est le Pr\u00e9sident de l&#8217;association Donkosira. Le projet Donkosira lui a permis de rencontrer, d&#8217;\u00e9changer, de former des communaut\u00e9s locales contribuant \u00e0 mettre en lumi\u00e8re et \u00e0 partager l&#8217;information sur leurs traditions, leur langues, leur art, leur histoire culturelle au profit d&#8217;autres communaut\u00e9s, par l&#8217;usage de la technologie de l&#8217;information et de la communication, un des grands d\u00e9fis du mill\u00e9naire.<\/p>\n<p>[\/vc_column_text]<div class=\"boc_divider_holder\"><div class=\"boc_divider  \"  style=\"margin-top: 22px;margin-bottom: 22px;width: 100px;height: 1px;background: #eeeeee;\"><\/div><\/div><div class=\"boc_spacing \" style=\"height: 5px\"><\/div>[vc_column_text]<span style=\"color: #008080;\"><em>E-MAIL : pamodicisse@gmail.com<\/em><\/span>[\/vc_column_text][\/vc_column][\/vc_row][vc_row][vc_column]<div class=\"boc_spacing \" style=\"height: 40px\"><\/div>[\/vc_column][\/vc_row][vc_row full_width=&#8221;stretch_row&#8221; bg_type=&#8221;bg_color&#8221; enable_overlay=&#8221;enable_overlay_value&#8221; overlay_color=&#8221;#00a0a5&#8243; css=&#8221;.vc_custom_1599070071393{margin-bottom: 0px !important;padding-top: 20px !important;padding-bottom: 10px !important;}&#8221; el_class=&#8221;white_text&#8221; bg_color_value=&#8221;#00a0a5&#8243;][vc_column]<h2 class=\"boc_heading  center  boc_subheading boc_animate_when_almost_visible boc_left-to-right\"  style=\"margin-bottom: 20px;margin-top: 0px;color: #ffffff;font-size: 27px;\"><span>\u00ab Donkosira : le chemin de la connaissance \u00bb<\/span><\/h2>[\/vc_column][\/vc_row]<\/p>\n","protected":false},"excerpt":{"rendered":"<p>[vc_row css=&#8221;.vc_custom_1606782159046{padding-top: 40px !important;padding-bottom: 10px !important;}&#8221;][vc_column width=&#8221;1\/2&#8243;][vc_single_image image=&#8221;29705&#8243;][vc_column_text] [\/vc_column_text][\/vc_column][vc_column width=&#8221;1\/2&#8243; css=&#8221;.vc_custom_1598480079517{padding-right: 20px !important;padding-bottom: 80px !important;padding-left: 40px !important;}&#8221;][vc_column_text] N\u00e9 le\u00a0 26 janvier 1979 \u00e0 Banjul (Gambie), Mamadou S\u00e9ne Ciss\u00e9 est le Pr\u00e9sident de l&#8217;association Donkosira. Le projet Donkosira lui a permis de rencontrer, d&#8217;\u00e9changer, de former des communaut\u00e9s locales contribuant \u00e0 mettre en lumi\u00e8re et \u00e0 partager l&#8217;information sur leurs traditions,<\/p>\n<div class=\"h10\"><\/div>\n<p><a class=\"more-link1\" href=\"https:\/\/www.donkosira.org\/en\/notre-equipe\/mamadou-sene-cisse\/\">Lire plus<\/a><\/p>\n","protected":false},"author":1,"featured_media":0,"parent":23104,"menu_order":13,"comment_status":"closed","ping_status":"closed","template":"","meta":{"footnotes":""},"class_list":["post-376","page","type-page","status-publish","hentry"],"translation":{"provider":"WPGlobus","version":"3.0.0","language":"en","enabled_languages":["fr","en"],"languages":{"fr":{"title":true,"content":true,"excerpt":false},"en":{"title":false,"content":false,"excerpt":false}}},"jetpack_likes_enabled":false,"jetpack_sharing_enabled":true,"_links":{"self":[{"href":"https:\/\/www.donkosira.org\/en\/wp-json\/wp\/v2\/pages\/376","targetHints":{"allow":["GET"]}}],"collection":[{"href":"https:\/\/www.donkosira.org\/en\/wp-json\/wp\/v2\/pages"}],"about":[{"href":"https:\/\/www.donkosira.org\/en\/wp-json\/wp\/v2\/types\/page"}],"author":[{"embeddable":true,"href":"https:\/\/www.donkosira.org\/en\/wp-json\/wp\/v2\/users\/1"}],"replies":[{"embeddable":true,"href":"https:\/\/www.donkosira.org\/en\/wp-json\/wp\/v2\/comments?post=376"}],"version-history":[{"count":4,"href":"https:\/\/www.donkosira.org\/en\/wp-json\/wp\/v2\/pages\/376\/revisions"}],"predecessor-version":[{"id":29707,"href":"https:\/\/www.donkosira.org\/en\/wp-json\/wp\/v2\/pages\/376\/revisions\/29707"}],"up":[{"embeddable":true,"href":"https:\/\/www.donkosira.org\/en\/wp-json\/wp\/v2\/pages\/23104"}],"wp:attachment":[{"href":"https:\/\/www.donkosira.org\/en\/wp-json\/wp\/v2\/media?parent=376"}],"curies":[{"name":"wp","href":"https:\/\/api.w.org\/{rel}","templated":true}]}}