{"id":28533,"date":"2022-04-14T23:00:45","date_gmt":"2022-04-14T23:00:45","guid":{"rendered":"https:\/\/www.donkosira.org\/?page_id=28533"},"modified":"2023-07-07T10:03:16","modified_gmt":"2023-07-07T10:03:16","slug":"djonya-kele-ja-toulon","status":"publish","type":"page","link":"https:\/\/www.donkosira.org\/en\/projets\/djonya-kele-ja-toulon\/","title":{"rendered":"Djonya K\u00e9l\u00e9 ja Toulon project (&#8220;Gaming against slavery&#8221;)"},"content":{"rendered":"<p>[vc_row][vc_column][vc_column_text]<\/p>\n<h3><strong>Presentation of the project<\/strong><\/h3>\n<p>The Djonya K\u00e9l\u00e9 ja Toulon project (&#8220;Gaming against slavery&#8221;) aims to contribute to the fight against descent-based slavery in Mali through the creation of a video game for mobiles that will raise awareness of the consequences of this phenomenon.<\/p>\n<p>Financed by UKRI through its Art and Humanities fund, this research-action project brings together 20 young people from the villages of Kayes (Monzona, Banzana, Mambiri, Bouillagui and Bougarila) and S\u00e9gou (Diombougouba, Souleye, Founou, Monimp\u00e9bougou and Boky w\u00e8r\u00e8). Supervised by the associations Donkosira and V4T, they will be trained in qualitative research, collect the history of their localities and participate in the creation of the game scenario and its development thanks to the support of the Jiwe Studios.<\/p>\n<p>Led by Dr Marie Rodet, the project is led by a consortium of five organisations: SOAS (University of London); Voice for Thought ; JIWE Studios ; KASART MEDIA and UKRI (Art and Humanities Research council).[\/vc_column_text][\/vc_column][\/vc_row][vc_row][vc_column][vc_single_image image=&#8221;29059&#8243;][\/vc_column][\/vc_row]<\/p>\n","protected":false},"excerpt":{"rendered":"<p>[vc_row][vc_column][vc_column_text] Presentation of the project The Djonya K\u00e9l\u00e9 ja Toulon project (&#8220;Gaming against slavery&#8221;) aims to contribute to the fight against descent-based slavery in Mali through the creation of a video game for mobiles that will raise awareness of the consequences of this phenomenon. Financed by UKRI through its Art and Humanities fund, this research-action project brings together 20 young<\/p>\n<div class=\"h10\"><\/div>\n<p><a class=\"more-link1\" href=\"https:\/\/www.donkosira.org\/en\/projets\/djonya-kele-ja-toulon\/\">Lire plus<\/a><\/p>\n","protected":false},"author":1,"featured_media":0,"parent":25670,"menu_order":0,"comment_status":"closed","ping_status":"closed","template":"","meta":{"footnotes":""},"class_list":["post-28533","page","type-page","status-publish","hentry"],"translation":{"provider":"WPGlobus","version":"3.0.0","language":"en","enabled_languages":["fr","en"],"languages":{"fr":{"title":true,"content":true,"excerpt":false},"en":{"title":true,"content":true,"excerpt":false}}},"jetpack_likes_enabled":false,"jetpack_sharing_enabled":true,"_links":{"self":[{"href":"https:\/\/www.donkosira.org\/en\/wp-json\/wp\/v2\/pages\/28533","targetHints":{"allow":["GET"]}}],"collection":[{"href":"https:\/\/www.donkosira.org\/en\/wp-json\/wp\/v2\/pages"}],"about":[{"href":"https:\/\/www.donkosira.org\/en\/wp-json\/wp\/v2\/types\/page"}],"author":[{"embeddable":true,"href":"https:\/\/www.donkosira.org\/en\/wp-json\/wp\/v2\/users\/1"}],"replies":[{"embeddable":true,"href":"https:\/\/www.donkosira.org\/en\/wp-json\/wp\/v2\/comments?post=28533"}],"version-history":[{"count":9,"href":"https:\/\/www.donkosira.org\/en\/wp-json\/wp\/v2\/pages\/28533\/revisions"}],"predecessor-version":[{"id":29576,"href":"https:\/\/www.donkosira.org\/en\/wp-json\/wp\/v2\/pages\/28533\/revisions\/29576"}],"up":[{"embeddable":true,"href":"https:\/\/www.donkosira.org\/en\/wp-json\/wp\/v2\/pages\/25670"}],"wp:attachment":[{"href":"https:\/\/www.donkosira.org\/en\/wp-json\/wp\/v2\/media?parent=28533"}],"curies":[{"name":"wp","href":"https:\/\/api.w.org\/{rel}","templated":true}]}}