{"id":28487,"date":"2022-04-11T23:11:40","date_gmt":"2022-04-11T23:11:40","guid":{"rendered":"https:\/\/www.donkosira.org\/?page_id=28487"},"modified":"2022-04-12T22:42:06","modified_gmt":"2022-04-12T22:42:06","slug":"newsletters","status":"publish","type":"page","link":"https:\/\/www.donkosira.org\/en\/newsletters\/","title":{"rendered":"Newsletters"},"content":{"rendered":"<p>[vc_row full_width=&#8221;stretch_row&#8221; parallax=&#8221;content-moving&#8221; parallax_image=&#8221;26165&#8243; bg_type=&#8221;bg_color&#8221; css=&#8221;.vc_custom_1649803322134{margin-bottom: 0px !important;padding-top: 20px !important;padding-bottom: 5px !important;}&#8221; bg_color_value=&#8221;#08ada7&#8243;][vc_column]<div class=\"boc_spacing \" style=\"height: 40px\"><\/div><h2 class=\"boc_heading  al_left  \"  style=\"margin-bottom: 8px;margin-top: 0px;color: #ffffff;font-size: 50px;\"><span>Newsletters<\/span><\/h2><div class=\"boc_divider_holder\"><div class=\"boc_divider  \"  style=\"margin-top: 0px;margin-bottom: 10px;width: 200px;height: 1px;background: #ffffff;\"><\/div><\/div><h3 class=\"boc_heading  al_left  \"  style=\"margin-bottom: 8px;margin-top: 0px;color: #ffffff;font-size: 18px;\"><span>Abonnez-Vous ici !<\/span><\/h3>[vc_column_text]<script>(function() {\n\twindow.mc4wp = window.mc4wp || {\n\t\tlisteners: [],\n\t\tforms: {\n\t\t\ton: function(evt, cb) {\n\t\t\t\twindow.mc4wp.listeners.push(\n\t\t\t\t\t{\n\t\t\t\t\t\tevent   : evt,\n\t\t\t\t\t\tcallback: cb\n\t\t\t\t\t}\n\t\t\t\t);\n\t\t\t}\n\t\t}\n\t}\n})();\n<\/script><!-- Mailchimp for WordPress v4.10.8 - https:\/\/wordpress.org\/plugins\/mailchimp-for-wp\/ --><form id=\"mc4wp-form-1\" class=\"mc4wp-form mc4wp-form-28495\" method=\"post\" data-id=\"28495\" data-name=\"Newsletter\" ><div class=\"mc4wp-form-fields\"><p>\r\n\t<label>Adresse de courrier \u00e9lectronique: \r\n\t\t<input type=\"email\" name=\"EMAIL\" placeholder=\"Votre adresse de courrier \u00e9lectronique\" required \/>\r\n<\/label>\r\n<\/p>\r\n\r\n<p>\r\n\t<input type=\"submit\" value=\"Abonnez-vous\" \/>\r\n<\/p><\/div><label style=\"display: none !important;\">Leave this field empty if you're human: <input type=\"text\" name=\"_mc4wp_honeypot\" value=\"\" tabindex=\"-1\" autocomplete=\"off\" \/><\/label><input type=\"hidden\" name=\"_mc4wp_timestamp\" value=\"1776205624\" \/><input type=\"hidden\" name=\"_mc4wp_form_id\" value=\"28495\" \/><input type=\"hidden\" name=\"_mc4wp_form_element_id\" value=\"mc4wp-form-1\" \/><div class=\"mc4wp-response\"><\/div><\/form><!-- \/ Mailchimp for WordPress Plugin -->[\/vc_column_text]<div class=\"boc_spacing \" style=\"height: 40px\"><\/div>[\/vc_column][\/vc_row][vc_row][vc_column]<div class=\"boc_spacing \" style=\"height: 10px\"><\/div>[\/vc_column][\/vc_row][vc_row][vc_column width=&#8221;1\/2&#8243;]<div class=\"boc_spacing \" style=\"height: 10px\"><\/div><h2 class=\"boc_heading  al_left  \"  style=\"margin-bottom: 8px;margin-top: 0px;color: #08ada7;font-size: 24px;\"><span>Newsletter n\u00b04<\/span><\/h2><div class=\"boc_divider_holder\"><div class=\"boc_divider  \"  style=\"margin-top: 0px;margin-bottom: 10px;width: 200px;height: 1px;background: #ffffff;\"><\/div><\/div>[vc_column_text]<\/p>\n<p style=\"font-weight: 400;\">Ch\u00e8res lectrices, chers lecteurs,<strong>&nbsp;<\/strong><\/p>\n<p style=\"font-weight: 400;\">Il n&#8217;est jamais trop tard pour souhaiter une bonne ann\u00e9e 2022 aux Watigueleyens avec cette quatri\u00e8me \u00e9dition de la newsletter du projet Watigueleye K\u00e8l\u00ea !<br \/>\nDu c\u00f4t\u00e9 de la recherche, nous sommes heureux de vous pr\u00e9senter un nouveau partenaire du projet,&nbsp;&nbsp;le CIRD en Guin\u00e9e et sa consultante Safiatou&#8230;<\/p>\n<p>[\/vc_column_text]<a\thref=\"https:\/\/mailchi.mp\/0269cafae120\/emifo-newslettern-6120341?e=UNIQID\" \n\t\t\t\tclass=\"button btn_medium btn_theme_color btn_rounded btn_outline    \"  target='_self'><span>Visualiser dans votre navigateur<\/span><\/a>[\/vc_column][vc_column width=&#8221;1\/2&#8243;]<div class=\"boc_spacing \" style=\"height: 80px\"><\/div>[vc_single_image img_size=&#8221;medium&#8221; image=&#8221;28511&#8243;][\/vc_column][\/vc_row][vc_row][vc_column]<div class=\"boc_divider_holder\"><div class=\"boc_divider  \"  style=\"margin-top: 20px;margin-bottom: 20px;height: 1px;background: #eeeeee;\"><\/div><\/div>[\/vc_column][\/vc_row][vc_row][vc_column width=&#8221;1\/2&#8243;]<div class=\"boc_spacing \" style=\"height: 10px\"><\/div><h2 class=\"boc_heading  al_left  \"  style=\"margin-bottom: 8px;margin-top: 0px;color: #08ada7;font-size: 24px;\"><span>Newsletter n\u00b03<\/span><\/h2><div class=\"boc_divider_holder\"><div class=\"boc_divider  \"  style=\"margin-top: 0px;margin-bottom: 10px;width: 200px;height: 1px;background: #ffffff;\"><\/div><\/div>[vc_column_text]Ch\u00e8res lectrices, chers lecteurs,<br \/>\n&nbsp;<br \/>\nPour cette nouvelle livraison de la newsletter des activit\u00e9s de Donkosira, nous mettons en avant le travail qu&#8217;Aline Desdevises a consacr\u00e9 au projet Watigueleya K\u00e8l\u00ea : dans son m\u00e9moire centr\u00e9 sur le th\u00e8me de la sant\u00e9 qu&#8217;elle r\u00e9sume pour nous, elle documente le travail de l&#8217;association Donkosira, l&#8217;apport des savoirs villageois dans la lutte contre le changement&#8230;&nbsp;[\/vc_column_text]<a\thref=\"https:\/\/mailchi.mp\/ae49682fa698\/emifo-newslettern-6046978?e=UNIQID\" \n\t\t\t\tclass=\"button btn_medium btn_theme_color btn_rounded btn_outline    \"  target='_self'><span>Visualiser dans votre navigateur<\/span><\/a>[\/vc_column][vc_column width=&#8221;1\/2&#8243;]<div class=\"boc_spacing \" style=\"height: 80px\"><\/div>[vc_single_image img_size=&#8221;medium&#8221; image=&#8221;28509&#8243;][\/vc_column][\/vc_row][vc_row][vc_column]<div class=\"boc_divider_holder\"><div class=\"boc_divider  \"  style=\"margin-top: 20px;margin-bottom: 20px;height: 1px;background: #eeeeee;\"><\/div><\/div>[\/vc_column][\/vc_row][vc_row][vc_column width=&#8221;1\/2&#8243;]<div class=\"boc_spacing \" style=\"height: 10px\"><\/div><h2 class=\"boc_heading  al_left  \"  style=\"margin-bottom: 8px;margin-top: 0px;color: #08ada7;font-size: 24px;\"><span>Newsletter n\u00b0 2<\/span><\/h2><div class=\"boc_divider_holder\"><div class=\"boc_divider  \"  style=\"margin-top: 0px;margin-bottom: 10px;width: 200px;height: 1px;background: #ffffff;\"><\/div><\/div>[vc_column_text]Cher.e.s lecteur.ice.s,<\/p>\n<p>L\u2019\u00e9quipe du programme de recherche-action Watigueleya K\u00e8l\u00ea est ravie de vous pr\u00e9senter les derni\u00e8res activit\u00e9s men\u00e9es pour la compr\u00e9hension et la valorisation des strat\u00e9gies locales de r\u00e9silience face aux stress et catastrophes socio-\u00e9cologiques au Mali, au S\u00e9n\u00e9gal et en Guin\u00e9e&#8230;&nbsp;[\/vc_column_text]<a\thref=\"https:\/\/mailchi.mp\/8f19507162e7\/emifo-newslettern-5607838?e=UNIQID\" \n\t\t\t\tclass=\"button btn_medium btn_theme_color btn_rounded btn_outline    \"  target='_self'><span>Visualiser dans votre navigateur<\/span><\/a>[\/vc_column][vc_column width=&#8221;1\/2&#8243;]<div class=\"boc_spacing \" style=\"height: 80px\"><\/div>[vc_single_image img_size=&#8221;medium&#8221; image=&#8221;28507&#8243;][\/vc_column][\/vc_row][vc_row][vc_column width=&#8221;1\/2&#8243;]<div class=\"boc_spacing \" style=\"height: 10px\"><\/div><h2 class=\"boc_heading  al_left  \"  style=\"margin-bottom: 8px;margin-top: 0px;color: #08ada7;font-size: 24px;\"><span>Newsletter n\u00b0 1<\/span><\/h2><div class=\"boc_divider_holder\"><div class=\"boc_divider  \"  style=\"margin-top: 0px;margin-bottom: 10px;width: 200px;height: 1px;background: #ffffff;\"><\/div><\/div>[vc_column_text]Le programme de recherche-action Watigueleya K\u00e8l\u00ea a pour but de comprendre et de comparer les strat\u00e9gies locales de r\u00e9silience face aux stresses et catastrophes socio-\u00e9cologiques sur la longue dur\u00e9e et d\u2019aider \u00e0 la valorisation et l\u2019inclusion \u00e9quitable de ces strat\u00e9gies dans la gouvernance et la prise de d\u00e9cision dans trois pays ouest-africains, le Mali, le S\u00e9n\u00e9gal et la Guin\u00e9e&#8230;&nbsp;[\/vc_column_text]<a\thref=\"https:\/\/mailchi.mp\/d84737ae6cc9\/emifo-newslettern-4906026?e=UNIQID\" \n\t\t\t\tclass=\"button btn_medium btn_theme_color btn_rounded btn_outline    \"  target='_self'><span>Visualiser dans votre navigateur<\/span><\/a>[\/vc_column][vc_column width=&#8221;1\/2&#8243;]<div class=\"boc_spacing \" style=\"height: 80px\"><\/div>[vc_single_image img_size=&#8221;medium&#8221; image=&#8221;28502&#8243;][\/vc_column][\/vc_row][vc_row][vc_column]<div class=\"boc_divider_holder\"><div class=\"boc_divider  \"  style=\"margin-top: 20px;margin-bottom: 20px;height: 1px;background: #eeeeee;\"><\/div><\/div>[\/vc_column][\/vc_row]<\/p>\n","protected":false},"excerpt":{"rendered":"<p>[vc_row full_width=&#8221;stretch_row&#8221; parallax=&#8221;content-moving&#8221; parallax_image=&#8221;26165&#8243; bg_type=&#8221;bg_color&#8221; css=&#8221;.vc_custom_1649803322134{margin-bottom: 0px !important;padding-top: 20px !important;padding-bottom: 5px !important;}&#8221; bg_color_value=&#8221;#08ada7&#8243;][vc_column][vc_column_text][\/vc_column_text][\/vc_column][\/vc_row][vc_row][vc_column][\/vc_column][\/vc_row][vc_row][vc_column width=&#8221;1\/2&#8243;][vc_column_text] Ch\u00e8res lectrices, chers lecteurs,&nbsp; Il n&#8217;est jamais trop tard pour souhaiter une bonne ann\u00e9e 2022 aux Watigueleyens avec cette quatri\u00e8me \u00e9dition de la newsletter du projet Watigueleye K\u00e8l\u00ea ! Du c\u00f4t\u00e9 de la recherche, nous sommes heureux de vous pr\u00e9senter un nouveau partenaire du projet,&nbsp;&nbsp;le CIRD<\/p>\n<div class=\"h10\"><\/div>\n<p><a class=\"more-link1\" href=\"https:\/\/www.donkosira.org\/en\/newsletters\/\">Lire plus<\/a><\/p>\n","protected":false},"author":1,"featured_media":0,"parent":0,"menu_order":0,"comment_status":"closed","ping_status":"closed","template":"","meta":{"footnotes":""},"class_list":["post-28487","page","type-page","status-publish","hentry"],"translation":{"provider":"WPGlobus","version":"3.0.0","language":"en","enabled_languages":["fr","en"],"languages":{"fr":{"title":true,"content":true,"excerpt":false},"en":{"title":false,"content":false,"excerpt":false}}},"jetpack_likes_enabled":false,"jetpack_sharing_enabled":true,"_links":{"self":[{"href":"https:\/\/www.donkosira.org\/en\/wp-json\/wp\/v2\/pages\/28487","targetHints":{"allow":["GET"]}}],"collection":[{"href":"https:\/\/www.donkosira.org\/en\/wp-json\/wp\/v2\/pages"}],"about":[{"href":"https:\/\/www.donkosira.org\/en\/wp-json\/wp\/v2\/types\/page"}],"author":[{"embeddable":true,"href":"https:\/\/www.donkosira.org\/en\/wp-json\/wp\/v2\/users\/1"}],"replies":[{"embeddable":true,"href":"https:\/\/www.donkosira.org\/en\/wp-json\/wp\/v2\/comments?post=28487"}],"version-history":[{"count":0,"href":"https:\/\/www.donkosira.org\/en\/wp-json\/wp\/v2\/pages\/28487\/revisions"}],"wp:attachment":[{"href":"https:\/\/www.donkosira.org\/en\/wp-json\/wp\/v2\/media?parent=28487"}],"curies":[{"name":"wp","href":"https:\/\/api.w.org\/{rel}","templated":true}]}}