{"id":28239,"date":"2022-03-24T03:26:57","date_gmt":"2022-03-24T03:26:57","guid":{"rendered":"https:\/\/www.donkosira.org\/?page_id=28239"},"modified":"2022-03-24T03:29:32","modified_gmt":"2022-03-24T03:29:32","slug":"savoirs-locaux-wassadou-depot","status":"publish","type":"page","link":"https:\/\/www.donkosira.org\/en\/savoirs-locaux-wassadou-depot\/","title":{"rendered":"Savoirs locaux\/Wassadou D\u00e9pot"},"content":{"rendered":"<p>[vc_row css=&#8221;.vc_custom_1606778939242{padding-top: 20px !important;padding-bottom: 10px !important;}&#8221;][vc_column]<h2 class=\"boc_heading  al_left  \"  style=\"margin-bottom: 8px;margin-top: 0px;color: #333333;font-size: 44px;\"><span>Savoirs locaux, Wassadou D\u00e9pot (S\u00e9n\u00e9gal)<\/span><\/h2><div class=\"boc_divider_holder\"><div class=\"boc_divider  \"  style=\"margin-top: 0px;margin-bottom: 5px;height: 1px;background: #eeeeee;\"><\/div><\/div><div class=\"boc_spacing \" style=\"height: 1px\"><\/div>[\/vc_column][\/vc_row][vc_row][vc_column]\n\t\t<!--New Tabs-->\n\t\t<div class=\"newtabs clearfix vertical  minimal_style\">\n\t\t\t<ul class=\"resp-tabs-list\">\n\t\t\t<\/ul>\n\t\t\t<div class=\"resp-tabs-container\">\n\t\t<div class=\"single_tab_div\" rel-title=\"WATIGUELEYA K\u00c8L\u00ca : R\u00e9silience Climatique \u00c9quitable en Afrique de l\u2019Ouest\" rel-icon=\"icon icon-sun\">[vc_row_inner][vc_column_inner]<div id = \"post_grid_ed231dee225da5c99138c05db5784baf\" class=\"grid_holder \"><div class=\"col span_1_of_3 info_item isotope_element\">\n\t\t\t\t\t\t\t<div class=\"post_item_block  \"><div class=\"pic \"><a href=\"https:\/\/www.donkosira.org\/en\/limportance-de-la-foret-a-wassadou-senegal-fevrier-2023\/\"><img decoding=\"async\" src=\"https:\/\/i0.wp.com\/www.donkosira.org\/wp-content\/uploads\/2023\/06\/Capture-decran-2023-06-20-a-10.43.56.png?resize=600%2C380&#038;ssl=1\"\/><div class=\"img_overlay\"><span class=\"hover_icon icon_plus\"><\/span><\/div><\/a><\/div><div class=\"post_item_desc dark_links\"><h4><a href=\"https:\/\/www.donkosira.org\/en\/limportance-de-la-foret-a-wassadou-senegal-fevrier-2023\/\">The importance of the forest in Wassadou (Senegal), February 2023<\/a><\/h4><div class=\"small_post_date\"><span class=\"icon icon-calendar2\"><\/span> &nbsp; 20\/06\/2023<\/div>\t\t<\/div>\n\t\t\t\t<\/div>\n\t\t\t\t<\/div><div class=\"col span_1_of_3 info_item isotope_element\">\n\t\t\t\t\t\t\t<div class=\"post_item_block  \"><div class=\"pic \"><a href=\"https:\/\/www.donkosira.org\/en\/latelier-plaidoyer-de-tambacounda-senegal-janvier-2023\/\"><img decoding=\"async\" src=\"https:\/\/i0.wp.com\/www.donkosira.org\/wp-content\/uploads\/2023\/03\/thumbnail.jpg?resize=600%2C380&#038;ssl=1\"\/><div class=\"img_overlay\"><span class=\"hover_icon icon_plus\"><\/span><\/div><\/a><\/div><div class=\"post_item_desc dark_links\"><h4><a href=\"https:\/\/www.donkosira.org\/en\/latelier-plaidoyer-de-tambacounda-senegal-janvier-2023\/\">Tambacounda Advocacy Workshop (Senegal), January 2023<\/a><\/h4><div class=\"small_post_date\"><span class=\"icon icon-calendar2\"><\/span> &nbsp; 06\/03\/2023<\/div>\t\t<\/div>\n\t\t\t\t<\/div>\n\t\t\t\t<\/div><div class=\"col span_1_of_3 info_item isotope_element\">\n\t\t\t\t\t\t\t<div class=\"post_item_block  \"><div class=\"pic \"><a href=\"https:\/\/www.donkosira.org\/en\/28652-revision-v1\/\"><img decoding=\"async\" src=\"https:\/\/i0.wp.com\/www.donkosira.org\/wp-content\/uploads\/2022\/05\/Lacce%CC%80s-a%CC%80-leau-pour-les-e%CC%81leveurs-a%CC%80-Wassadou-Se%CC%81ne%CC%81gal-Fe%CC%81vrier-2022.jpg?resize=600%2C380&#038;ssl=1\"\/><div class=\"img_overlay\"><span class=\"hover_icon icon_plus\"><\/span><\/div><\/a><\/div><div class=\"post_item_desc dark_links\"><h4><a href=\"https:\/\/www.donkosira.org\/en\/28652-revision-v1\/\">Access to water for herders in Wassadou, Senegal, February 2022<\/a><\/h4><div class=\"small_post_date\"><span class=\"icon icon-calendar2\"><\/span> &nbsp; 31\/05\/2022<\/div>\t\t<\/div>\n\t\t\t\t<\/div>\n\t\t\t\t<\/div><div class=\"col span_1_of_3 info_item isotope_element\">\n\t\t\t\t\t\t\t<div class=\"post_item_block  \"><div class=\"pic \"><a href=\"https:\/\/www.donkosira.org\/en\/tissage-de-pailles-a-wassadou-par-fatou-diallo-reportage-de-jacques-camara-janvier-2022\/\"><img decoding=\"async\" src=\"https:\/\/i0.wp.com\/www.donkosira.org\/wp-content\/uploads\/2022\/01\/tissage-de-paille.png?resize=600%2C380&#038;ssl=1\"\/><div class=\"img_overlay\"><span class=\"hover_icon icon_plus\"><\/span><\/div><\/a><\/div><div class=\"post_item_desc dark_links\"><h4><a href=\"https:\/\/www.donkosira.org\/en\/tissage-de-pailles-a-wassadou-par-fatou-diallo-reportage-de-jacques-camara-janvier-2022\/\">Straw weaving in Wassadou, January 2022<\/a><\/h4><div class=\"small_post_date\"><span class=\"icon icon-calendar2\"><\/span> &nbsp; 27\/01\/2022<\/div>\t\t<\/div>\n\t\t\t\t<\/div>\n\t\t\t\t<\/div><div class=\"col span_1_of_3 info_item isotope_element\">\n\t\t\t\t\t\t\t<div class=\"post_item_block  \"><div class=\"pic \"><a href=\"https:\/\/www.donkosira.org\/en\/la-recolte-de-larachide-a-wassadou-senegal-par-adama-dansokho-et-fatou-diallo-octobre-2021\/\"><img decoding=\"async\" src=\"https:\/\/i0.wp.com\/www.donkosira.org\/wp-content\/uploads\/2021\/12\/Wassadou-Dec-2021.jpeg?resize=600%2C380&#038;ssl=1\"\/><div class=\"img_overlay\"><span class=\"hover_icon icon_plus\"><\/span><\/div><\/a><\/div><div class=\"post_item_desc dark_links\"><h4><a href=\"https:\/\/www.donkosira.org\/en\/la-recolte-de-larachide-a-wassadou-senegal-par-adama-dansokho-et-fatou-diallo-octobre-2021\/\">&#8220;The groundnut harvest in Wassadou, Senegal&#8221; by Adama Dansokho and Fatou Diallo, October 2021<\/a><\/h4><div class=\"small_post_date\"><span class=\"icon icon-calendar2\"><\/span> &nbsp; 09\/12\/2021<\/div>\t\t<\/div>\n\t\t\t\t<\/div>\n\t\t\t\t<\/div><div class=\"col span_1_of_3 info_item isotope_element\">\n\t\t\t\t\t\t\t<div class=\"post_item_block  \"><div class=\"pic \"><a href=\"https:\/\/www.donkosira.org\/en\/une-riziere-a-wassadou-senegal-mai-2021\/\"><img decoding=\"async\" src=\"https:\/\/i0.wp.com\/www.donkosira.org\/wp-content\/uploads\/2021\/07\/WhatsApp-Image-2021-07-14-at-13.54.jpg?resize=600%2C380&#038;ssl=1\"\/><div class=\"img_overlay\"><span class=\"hover_icon icon_plus\"><\/span><\/div><\/a><\/div><div class=\"post_item_desc dark_links\"><h4><a href=\"https:\/\/www.donkosira.org\/en\/une-riziere-a-wassadou-senegal-mai-2021\/\">&#8220;A rice field in Wassadou, Senegal&#8221;, May 2021<\/a><\/h4><div class=\"small_post_date\"><span class=\"icon icon-calendar2\"><\/span> &nbsp; 16\/07\/2021<\/div>\t\t<\/div>\n\t\t\t\t<\/div>\n\t\t\t\t<\/div><div class=\"col span_1_of_3 info_item isotope_element\">\n\t\t\t\t\t\t\t<div class=\"post_item_block  \"><div class=\"pic \"><a href=\"https:\/\/www.donkosira.org\/en\/vendeuse-des-legumes-au-marche-hebdomadaire-de-wassadou-dadama-dansoko-mai-2021\/\"><img decoding=\"async\" src=\"https:\/\/i0.wp.com\/www.donkosira.org\/wp-content\/uploads\/2021\/05\/image_2021-05-20_011223.png?resize=415%2C286&#038;ssl=1\"\/><div class=\"img_overlay\"><span class=\"hover_icon icon_plus\"><\/span><\/div><\/a><\/div><div class=\"post_item_desc dark_links\"><h4><a href=\"https:\/\/www.donkosira.org\/en\/vendeuse-des-legumes-au-marche-hebdomadaire-de-wassadou-dadama-dansoko-mai-2021\/\">&#8220;Vegetable saleswoman at the weekly market of Wassadou&#8221;, (Senegal) &#8211; May 2021<\/a><\/h4><div class=\"small_post_date\"><span class=\"icon icon-calendar2\"><\/span> &nbsp; 20\/05\/2021<\/div>\t\t<\/div>\n\t\t\t\t<\/div>\n\t\t\t\t<\/div>\n\t\t\t<\/div>\n\t\t\t<div class=\"h10 clear\"><\/div>[\/vc_column_inner][\/vc_row_inner]<\/div><\/div>\n\t\t\t\t<\/div>[\/vc_column][\/vc_row][vc_row][vc_column]<div class=\"boc_spacing \" style=\"height: 40px\"><\/div>[\/vc_column][\/vc_row][vc_row full_width=&#8221;stretch_row&#8221; bg_type=&#8221;bg_color&#8221; enable_overlay=&#8221;enable_overlay_value&#8221; overlay_color=&#8221;#00a0a5&#8243; el_class=&#8221;white_text&#8221; css=&#8221;.vc_custom_1599075870573{margin-bottom: 0px !important;padding-top: 20px !important;padding-bottom: 10px !important;}&#8221; bg_color_value=&#8221;#00a0a5&#8243;][vc_column]<h2 class=\"boc_heading  center  boc_subheading boc_animate_when_almost_visible boc_left-to-right\"  style=\"margin-bottom: 20px;margin-top: 0px;color: #ffffff;font-size: 27px;\"><span>\u00ab Donkosira : le chemin de la connaissance \u00bb<\/span><\/h2>[\/vc_column][\/vc_row]<\/p>\n","protected":false},"excerpt":{"rendered":"<p>[vc_row css=&#8221;.vc_custom_1606778939242{padding-top: 20px !important;padding-bottom: 10px !important;}&#8221;][vc_column][\/vc_column][\/vc_row][vc_row][vc_column][\/vc_column][\/vc_row][vc_row][vc_column][\/vc_column][\/vc_row][vc_row full_width=&#8221;stretch_row&#8221; bg_type=&#8221;bg_color&#8221; enable_overlay=&#8221;enable_overlay_value&#8221; overlay_color=&#8221;#00a0a5&#8243; el_class=&#8221;white_text&#8221; css=&#8221;.vc_custom_1599075870573{margin-bottom: 0px !important;padding-top: 20px !important;padding-bottom: 10px !important;}&#8221; bg_color_value=&#8221;#00a0a5&#8243;][vc_column][\/vc_column][\/vc_row]<\/p>\n","protected":false},"author":1,"featured_media":0,"parent":0,"menu_order":0,"comment_status":"closed","ping_status":"closed","template":"","meta":{"footnotes":""},"class_list":["post-28239","page","type-page","status-publish","hentry"],"translation":{"provider":"WPGlobus","version":"3.0.0","language":"en","enabled_languages":["fr","en"],"languages":{"fr":{"title":true,"content":true,"excerpt":false},"en":{"title":false,"content":false,"excerpt":false}}},"jetpack_likes_enabled":false,"jetpack_sharing_enabled":true,"_links":{"self":[{"href":"https:\/\/www.donkosira.org\/en\/wp-json\/wp\/v2\/pages\/28239","targetHints":{"allow":["GET"]}}],"collection":[{"href":"https:\/\/www.donkosira.org\/en\/wp-json\/wp\/v2\/pages"}],"about":[{"href":"https:\/\/www.donkosira.org\/en\/wp-json\/wp\/v2\/types\/page"}],"author":[{"embeddable":true,"href":"https:\/\/www.donkosira.org\/en\/wp-json\/wp\/v2\/users\/1"}],"replies":[{"embeddable":true,"href":"https:\/\/www.donkosira.org\/en\/wp-json\/wp\/v2\/comments?post=28239"}],"version-history":[{"count":0,"href":"https:\/\/www.donkosira.org\/en\/wp-json\/wp\/v2\/pages\/28239\/revisions"}],"wp:attachment":[{"href":"https:\/\/www.donkosira.org\/en\/wp-json\/wp\/v2\/media?parent=28239"}],"curies":[{"name":"wp","href":"https:\/\/api.w.org\/{rel}","templated":true}]}}