{"id":28226,"date":"2022-03-24T02:54:15","date_gmt":"2022-03-24T02:54:15","guid":{"rendered":"https:\/\/www.donkosira.org\/?page_id=28226"},"modified":"2022-04-11T18:39:57","modified_gmt":"2022-04-11T18:39:57","slug":"savoirs-locaux-agnack","status":"publish","type":"page","link":"https:\/\/www.donkosira.org\/en\/savoirs-locaux-agnack\/","title":{"rendered":"Savoirs locaux\/Agnack"},"content":{"rendered":"<p>[vc_row css=&#8221;.vc_custom_1606778939242{padding-top: 20px !important;padding-bottom: 10px !important;}&#8221;][vc_column]<h2 class=\"boc_heading  al_left  \"  style=\"margin-bottom: 8px;margin-top: 0px;color: #333333;font-size: 44px;\"><span>Savoirs locaux, Agnack (S\u00e9n\u00e9gal)<\/span><\/h2><div class=\"boc_divider_holder\"><div class=\"boc_divider  \"  style=\"margin-top: 0px;margin-bottom: 5px;height: 1px;background: #eeeeee;\"><\/div><\/div><div class=\"boc_spacing \" style=\"height: 1px\"><\/div>[\/vc_column][\/vc_row][vc_row][vc_column]\n\t\t<!--New Tabs-->\n\t\t<div class=\"newtabs clearfix vertical  minimal_style\">\n\t\t\t<ul class=\"resp-tabs-list\">\n\t\t\t<\/ul>\n\t\t\t<div class=\"resp-tabs-container\">\n\t\t<div class=\"single_tab_div\" rel-title=\"Organisation sociale, culture mara\u00eech\u00e8re et travaux collectifs\" rel-icon=\"icon icon-helm\">[vc_row_inner][vc_column_inner]<div id = \"post_grid_7e6bd051afd6d6f18ba505971ad8f1c5\" class=\"grid_holder \"><div class=\"col span_1_of_3 info_item isotope_element\">\n\t\t\t\t\t\t\t<div class=\"post_item_block  \"><div class=\"pic \"><a href=\"https:\/\/www.donkosira.org\/en\/mariages-et-pratiques-traditionnelles-agnak-grand-senegal\/\"><img decoding=\"async\" src=\"https:\/\/i0.wp.com\/www.donkosira.org\/wp-content\/uploads\/2019\/02\/Mariage-traditionnel-a-Agnack.png?resize=600%2C380&#038;ssl=1\"\/><div class=\"img_overlay\"><span class=\"hover_icon icon_plus\"><\/span><\/div><\/a><\/div><div class=\"post_item_desc dark_links\"><h4><a href=\"https:\/\/www.donkosira.org\/en\/mariages-et-pratiques-traditionnelles-agnak-grand-senegal\/\">Mariages et pratiques traditionnelles Agnak Grand (S\u00e9n\u00e9gal)<\/a><\/h4><div class=\"small_post_date\"><span class=\"icon icon-calendar2\"><\/span> &nbsp; 12\/02\/2019<\/div>\t\t<\/div>\n\t\t\t\t<\/div>\n\t\t\t\t<\/div><div class=\"col span_1_of_3 info_item isotope_element\">\n\t\t\t\t\t\t\t<div class=\"post_item_block  \"><div class=\"pic \"><a href=\"https:\/\/www.donkosira.org\/en\/les-femmes-et-les-cultures-de-contre-saison-agnak-senegal\/\"><img decoding=\"async\" src=\"https:\/\/i0.wp.com\/www.donkosira.org\/wp-content\/uploads\/2019\/02\/agnack-petit-4.jpg?resize=600%2C380&#038;ssl=1\"\/><div class=\"img_overlay\"><span class=\"hover_icon icon_plus\"><\/span><\/div><\/a><\/div><div class=\"post_item_desc dark_links\"><h4><a href=\"https:\/\/www.donkosira.org\/en\/les-femmes-et-les-cultures-de-contre-saison-agnak-senegal\/\">Les femmes et les cultures de contre-saison Agnak (S\u00e9n\u00e9gal)<\/a><\/h4><div class=\"small_post_date\"><span class=\"icon icon-calendar2\"><\/span> &nbsp; 12\/02\/2019<\/div>\t\t<\/div>\n\t\t\t\t<\/div>\n\t\t\t\t<\/div><div class=\"col span_1_of_3 info_item isotope_element\">\n\t\t\t\t\t\t\t<div class=\"post_item_block  \"><div class=\"pic \"><a href=\"https:\/\/www.donkosira.org\/en\/les-femmes-a-bouillagui-mali-monzona-mali-agnack-petit-senegal-et-damaro-guinee\/\"><img decoding=\"async\" src=\"https:\/\/i0.wp.com\/www.donkosira.org\/wp-content\/uploads\/2019\/02\/Les-femmes-a-Bouillagui-Mali-Monzona-Mali-Agnack-Petit-Senegal-et-Damaro-Guinee.jpg?resize=600%2C380&#038;ssl=1\"\/><div class=\"img_overlay\"><span class=\"hover_icon icon_plus\"><\/span><\/div><\/a><\/div><div class=\"post_item_desc dark_links\"><h4><a href=\"https:\/\/www.donkosira.org\/en\/les-femmes-a-bouillagui-mali-monzona-mali-agnack-petit-senegal-et-damaro-guinee\/\">Les femmes \u00e0 Bouillagui (Mali), Monzona (Mali), Agnack Petit (S\u00e9n\u00e9gal) et Damaro (Guin\u00e9e)<\/a><\/h4><div class=\"small_post_date\"><span class=\"icon icon-calendar2\"><\/span> &nbsp; 12\/02\/2019<\/div>\t\t<\/div>\n\t\t\t\t<\/div>\n\t\t\t\t<\/div><div class=\"col span_1_of_3 info_item isotope_element\">\n\t\t\t\t\t\t\t<div class=\"post_item_block  \"><div class=\"pic \"><a href=\"https:\/\/www.donkosira.org\/en\/premiere-communion-catholique-a-agnack-grand-senegal\/\"><img decoding=\"async\" src=\"https:\/\/i0.wp.com\/www.donkosira.org\/wp-content\/uploads\/2019\/02\/agnack-grand-1.jpg?resize=600%2C380&#038;ssl=1\"\/><div class=\"img_overlay\"><span class=\"hover_icon icon_plus\"><\/span><\/div><\/a><\/div><div class=\"post_item_desc dark_links\"><h4><a href=\"https:\/\/www.donkosira.org\/en\/premiere-communion-catholique-a-agnack-grand-senegal\/\">Premi\u00e8re communion catholique \u00e0 Agnack Grand (S\u00e9n\u00e9gal)<\/a><\/h4><div class=\"small_post_date\"><span class=\"icon icon-calendar2\"><\/span> &nbsp; 11\/02\/2019<\/div>\t\t<\/div>\n\t\t\t\t<\/div>\n\t\t\t\t<\/div><div class=\"col span_1_of_3 info_item isotope_element\">\n\t\t\t\t\t\t\t<div class=\"post_item_block  \"><div class=\"pic \"><a href=\"https:\/\/www.donkosira.org\/en\/mise-en-place-de-pepinieres-de-riz-a-agnack-petit-une-pratique-ancienne-senegal\/\"><img decoding=\"async\" src=\"https:\/\/i0.wp.com\/www.donkosira.org\/wp-content\/uploads\/2019\/02\/agnack-petit-1-a.jpg?resize=600%2C380&#038;ssl=1\"\/><div class=\"img_overlay\"><span class=\"hover_icon icon_plus\"><\/span><\/div><\/a><\/div><div class=\"post_item_desc dark_links\"><h4><a href=\"https:\/\/www.donkosira.org\/en\/mise-en-place-de-pepinieres-de-riz-a-agnack-petit-une-pratique-ancienne-senegal\/\">Mise en place de p\u00e9pini\u00e8res de riz \u00e0 Agnack-petit (une pratique ancienne) (S\u00e9n\u00e9gal)<\/a><\/h4><div class=\"small_post_date\"><span class=\"icon icon-calendar2\"><\/span> &nbsp; 11\/02\/2019<\/div>\t\t<\/div>\n\t\t\t\t<\/div>\n\t\t\t\t<\/div><div class=\"col span_1_of_3 info_item isotope_element\">\n\t\t\t\t\t\t\t<div class=\"post_item_block  \"><div class=\"pic \"><a href=\"https:\/\/www.donkosira.org\/en\/extraction-de-jus-de-pomme-de-cajou-pour-en-faire-du-vin-et-poterie-des-activites-auxquelles-les-femmes-dagnack-sadonnent-regulierement-senegal\/\"><img decoding=\"async\" src=\"https:\/\/i0.wp.com\/www.donkosira.org\/wp-content\/uploads\/2019\/02\/EXTRACTION-DU-JUS-DE-CAJOU.png?resize=600%2C380&#038;ssl=1\"\/><div class=\"img_overlay\"><span class=\"hover_icon icon_plus\"><\/span><\/div><\/a><\/div><div class=\"post_item_desc dark_links\"><h4><a href=\"https:\/\/www.donkosira.org\/en\/extraction-de-jus-de-pomme-de-cajou-pour-en-faire-du-vin-et-poterie-des-activites-auxquelles-les-femmes-dagnack-sadonnent-regulierement-senegal\/\">Extraction de jus de pomme de cajou pour en faire du vin et poterie, des activit\u00e9s auxquelles les femmes d\u2019Agnack s\u2019adonnent r\u00e9guli\u00e8rement (S\u00e9n\u00e9gal)<\/a><\/h4><div class=\"small_post_date\"><span class=\"icon icon-calendar2\"><\/span> &nbsp; 11\/02\/2019<\/div>\t\t<\/div>\n\t\t\t\t<\/div>\n\t\t\t\t<\/div><div class=\"col span_1_of_3 info_item isotope_element\">\n\t\t\t\t\t\t\t<div class=\"post_item_block  \"><div class=\"pic \"><a href=\"https:\/\/www.donkosira.org\/en\/le-bapteme-a-agnack-petit-senegal\/\"><img decoding=\"async\" src=\"https:\/\/i0.wp.com\/www.donkosira.org\/wp-content\/uploads\/2018\/09\/images-bebe-e1604632684275.jpg?resize=600%2C380&#038;ssl=1\"\/><div class=\"img_overlay\"><span class=\"hover_icon icon_plus\"><\/span><\/div><\/a><\/div><div class=\"post_item_desc dark_links\"><h4><a href=\"https:\/\/www.donkosira.org\/en\/le-bapteme-a-agnack-petit-senegal\/\">Le bapt\u00eame \u00e0 Agnack petit (S\u00e9n\u00e9gal)<\/a><\/h4><div class=\"small_post_date\"><span class=\"icon icon-calendar2\"><\/span> &nbsp; 11\/02\/2019<\/div>\t\t<\/div>\n\t\t\t\t<\/div>\n\t\t\t\t<\/div><div class=\"col span_1_of_3 info_item isotope_element\">\n\t\t\t\t\t\t\t<div class=\"post_item_block  \"><div class=\"pic \"><a href=\"https:\/\/www.donkosira.org\/en\/ceremonie-de-funerailles-dune-vieille-femme-a-niaguis-village-proche-dagnack-senegal\/\"><img decoding=\"async\" src=\"https:\/\/i0.wp.com\/www.donkosira.org\/wp-content\/uploads\/2018\/09\/Ceremonie-de-funerailles-dune-vieille-femme-a-Niaguis-village-proche-dAgnack-Senegal.jpg?resize=600%2C380&#038;ssl=1\"\/><div class=\"img_overlay\"><span class=\"hover_icon icon_plus\"><\/span><\/div><\/a><\/div><div class=\"post_item_desc dark_links\"><h4><a href=\"https:\/\/www.donkosira.org\/en\/ceremonie-de-funerailles-dune-vieille-femme-a-niaguis-village-proche-dagnack-senegal\/\">C\u00e9r\u00e9monie de fun\u00e9railles d\u2019une vieille femme \u00e0 Niaguis, village proche d\u2019Agnack (S\u00e9n\u00e9gal)<\/a><\/h4><div class=\"small_post_date\"><span class=\"icon icon-calendar2\"><\/span> &nbsp; 14\/09\/2018<\/div>\t\t<\/div>\n\t\t\t\t<\/div>\n\t\t\t\t<\/div><div class=\"col span_1_of_3 info_item isotope_element\">\n\t\t\t\t\t\t\t<div class=\"post_item_block  \"><div class=\"pic \"><a href=\"https:\/\/www.donkosira.org\/en\/les-mariages-reunissent-toutes-les-ethnies-a-agnack-senegal\/\"><img decoding=\"async\" src=\"https:\/\/i0.wp.com\/www.donkosira.org\/wp-content\/uploads\/2018\/06\/Mariage-agnack.png?resize=600%2C380&#038;ssl=1\"\/><div class=\"img_overlay\"><span class=\"hover_icon icon_plus\"><\/span><\/div><\/a><\/div><div class=\"post_item_desc dark_links\"><h4><a href=\"https:\/\/www.donkosira.org\/en\/les-mariages-reunissent-toutes-les-ethnies-a-agnack-senegal\/\">Les mariages r\u00e9unissent toutes les ethnies \u00e0 Agnack (S\u00e9n\u00e9gal)<\/a><\/h4><div class=\"small_post_date\"><span class=\"icon icon-calendar2\"><\/span> &nbsp; 19\/06\/2018<\/div>\t\t<\/div>\n\t\t\t\t<\/div>\n\t\t\t\t<\/div><div class=\"col span_1_of_3 info_item isotope_element\">\n\t\t\t\t\t\t\t<div class=\"post_item_block  \"><div class=\"pic \"><a href=\"https:\/\/www.donkosira.org\/en\/amusements-du-lundi-de-paques-match-de-foot-feminin-a-agnack-senegal\/\"><img decoding=\"async\" src=\"https:\/\/i0.wp.com\/www.donkosira.org\/wp-content\/uploads\/2018\/06\/Opera-Instantane%CC%81_2022-04-11_180740_www.youtube.com_.png?resize=600%2C380&#038;ssl=1\"\/><div class=\"img_overlay\"><span class=\"hover_icon icon_plus\"><\/span><\/div><\/a><\/div><div class=\"post_item_desc dark_links\"><h4><a href=\"https:\/\/www.donkosira.org\/en\/amusements-du-lundi-de-paques-match-de-foot-feminin-a-agnack-senegal\/\">Amusements du lundi de P\u00e2ques : match de foot f\u00e9minin \u00e0 Agnack (S\u00e9n\u00e9gal)<\/a><\/h4><div class=\"small_post_date\"><span class=\"icon icon-calendar2\"><\/span> &nbsp; 19\/06\/2018<\/div>\t\t<\/div>\n\t\t\t\t<\/div>\n\t\t\t\t<\/div><div class=\"col span_1_of_3 info_item isotope_element\">\n\t\t\t\t\t\t\t<div class=\"post_item_block  \"><div class=\"pic \"><a href=\"https:\/\/www.donkosira.org\/en\/pilage-et-vannage-du-riz-a-agnack-senegal\/\"><img decoding=\"async\" src=\"https:\/\/i0.wp.com\/www.donkosira.org\/wp-content\/uploads\/2018\/06\/Opera-Instantane%CC%81_2022-04-11_181639_www.youtube.com_.png?resize=600%2C380&#038;ssl=1\"\/><div class=\"img_overlay\"><span class=\"hover_icon icon_plus\"><\/span><\/div><\/a><\/div><div class=\"post_item_desc dark_links\"><h4><a href=\"https:\/\/www.donkosira.org\/en\/pilage-et-vannage-du-riz-a-agnack-senegal\/\">Pilage et vannage du riz \u00e0 Agnack (S\u00e9n\u00e9gal)<\/a><\/h4><div class=\"small_post_date\"><span class=\"icon icon-calendar2\"><\/span> &nbsp; 19\/06\/2018<\/div>\t\t<\/div>\n\t\t\t\t<\/div>\n\t\t\t\t<\/div><div class=\"col span_1_of_3 info_item isotope_element\">\n\t\t\t\t\t\t\t<div class=\"post_item_block  \"><div class=\"pic \"><a href=\"https:\/\/www.donkosira.org\/en\/la-recolte-du-vin-de-palme-une-activite-importante-a-agnack-senegal\/\"><img decoding=\"async\" src=\"https:\/\/i0.wp.com\/www.donkosira.org\/wp-content\/uploads\/2018\/06\/Opera-Instantane%CC%81_2022-04-11_184744_www.youtube.com_.png?resize=600%2C380&#038;ssl=1\"\/><div class=\"img_overlay\"><span class=\"hover_icon icon_plus\"><\/span><\/div><\/a><\/div><div class=\"post_item_desc dark_links\"><h4><a href=\"https:\/\/www.donkosira.org\/en\/la-recolte-du-vin-de-palme-une-activite-importante-a-agnack-senegal\/\">La r\u00e9colte du vin de palme: une activit\u00e9 importante \u00e0 Agnack (S\u00e9n\u00e9gal)<\/a><\/h4><div class=\"small_post_date\"><span class=\"icon icon-calendar2\"><\/span> &nbsp; 19\/06\/2018<\/div>\t\t<\/div>\n\t\t\t\t<\/div>\n\t\t\t\t<\/div><div class=\"col span_1_of_3 info_item isotope_element\">\n\t\t\t\t\t\t\t<div class=\"post_item_block  \"><div class=\"pic \"><a href=\"https:\/\/www.donkosira.org\/en\/grenier-pour-garder-le-riz-a-agnack-grand-senegal\/\"><img decoding=\"async\" src=\"https:\/\/i0.wp.com\/www.donkosira.org\/wp-content\/uploads\/2018\/06\/Opera-Instantane%CC%81_2022-04-11_192123_www.donkosira.org_.png?resize=600%2C380&#038;ssl=1\"\/><div class=\"img_overlay\"><span class=\"hover_icon icon_plus\"><\/span><\/div><\/a><\/div><div class=\"post_item_desc dark_links\"><h4><a href=\"https:\/\/www.donkosira.org\/en\/grenier-pour-garder-le-riz-a-agnack-grand-senegal\/\">Grenier pour garder le riz \u00e0 Agnack Grand (S\u00e9n\u00e9gal)<\/a><\/h4><div class=\"small_post_date\"><span class=\"icon icon-calendar2\"><\/span> &nbsp; 19\/06\/2018<\/div>\t\t<\/div>\n\t\t\t\t<\/div>\n\t\t\t\t<\/div>\n\t\t\t<\/div>\n\t\t\t<div class=\"h10 clear\"><\/div>[\/vc_column_inner][\/vc_row_inner]<\/div><div class=\"single_tab_div\" rel-title=\"Artisanat et memoire des gestes Agnack\" rel-icon=\"icon icon-target\">[vc_row_inner][vc_column_inner]<div id = \"post_grid_35cbea7becc41c6ba0bced888fac0e3a\" class=\"grid_holder \"><div class=\"col span_1_of_3 info_item isotope_element\">\n\t\t\t\t\t\t\t<div class=\"post_item_block  \"><div class=\"pic \"><a href=\"https:\/\/www.donkosira.org\/en\/la-fabrication-et-la-signification-des-tissus-a-bouillagui-mali-damaro-guinee-et-a-agnack-senegal\/\"><img decoding=\"async\" src=\"https:\/\/i0.wp.com\/www.donkosira.org\/wp-content\/uploads\/2018\/09\/tissus-horizontal.jpg?resize=600%2C380&#038;ssl=1\"\/><div class=\"img_overlay\"><span class=\"hover_icon icon_plus\"><\/span><\/div><\/a><\/div><div class=\"post_item_desc dark_links\"><h4><a href=\"https:\/\/www.donkosira.org\/en\/la-fabrication-et-la-signification-des-tissus-a-bouillagui-mali-damaro-guinee-et-a-agnack-senegal\/\">La fabrication et la signification des tissus \u00e0 Bouillagui (Mali), Damaro (Guin\u00e9e) et \u00e0 Agnack (S\u00e9n\u00e9gal)<\/a><\/h4><div class=\"small_post_date\"><span class=\"icon icon-calendar2\"><\/span> &nbsp; 14\/09\/2018<\/div>\t\t<\/div>\n\t\t\t\t<\/div>\n\t\t\t\t<\/div><div class=\"col span_1_of_3 info_item isotope_element\">\n\t\t\t\t\t\t\t<div class=\"post_item_block  \"><div class=\"pic \"><a href=\"https:\/\/www.donkosira.org\/en\/ansou-biaye-fabrique-les-entonnoirs-pour-la-recolte-du-vin-de-palme-agnack\/\"><img decoding=\"async\" src=\"https:\/\/i0.wp.com\/www.donkosira.org\/wp-content\/uploads\/2018\/06\/Ansatou-Biaye.jpg?resize=600%2C380&#038;ssl=1\"\/><div class=\"img_overlay\"><span class=\"hover_icon icon_plus\"><\/span><\/div><\/a><\/div><div class=\"post_item_desc dark_links\"><h4><a href=\"https:\/\/www.donkosira.org\/en\/ansou-biaye-fabrique-les-entonnoirs-pour-la-recolte-du-vin-de-palme-agnack\/\">Ansou Biaye fabrique les entonnoirs pour la r\u00e9colte du vin de palme (Agnack)<\/a><\/h4><div class=\"small_post_date\"><span class=\"icon icon-calendar2\"><\/span> &nbsp; 19\/06\/2018<\/div>\t\t<\/div>\n\t\t\t\t<\/div>\n\t\t\t\t<\/div><div class=\"col span_1_of_3 info_item isotope_element\">\n\t\t\t\t\t\t\t<div class=\"post_item_block  \"><div class=\"pic \"><a href=\"https:\/\/www.donkosira.org\/en\/la-ceinture-pour-monter-sur-les-palmiers-a-agnack-senegal\/\"><img decoding=\"async\" src=\"https:\/\/i0.wp.com\/www.donkosira.org\/wp-content\/uploads\/2018\/06\/ceinture.jpg?resize=600%2C380&#038;ssl=1\"\/><div class=\"img_overlay\"><span class=\"hover_icon icon_plus\"><\/span><\/div><\/a><\/div><div class=\"post_item_desc dark_links\"><h4><a href=\"https:\/\/www.donkosira.org\/en\/la-ceinture-pour-monter-sur-les-palmiers-a-agnack-senegal\/\">La ceinture pour monter sur les palmiers \u00e0 Agnack (S\u00e9n\u00e9gal)<\/a><\/h4><div class=\"small_post_date\"><span class=\"icon icon-calendar2\"><\/span> &nbsp; 19\/06\/2018<\/div>\t\t<\/div>\n\t\t\t\t<\/div>\n\t\t\t\t<\/div>\n\t\t\t<\/div>\n\t\t\t<div class=\"h10 clear\"><\/div>[\/vc_column_inner][\/vc_row_inner]<\/div><div class=\"single_tab_div\" rel-title=\"Litt\u00e9rature orale et lieux de m\u00e9moire\" rel-icon=\"icon icon-note\">[vc_row_inner][vc_column_inner]<div id = \"post_grid_f0b674f541d999d5240c049fdeddadb6\" class=\"grid_holder \"><div class=\"col span_1_of_3 info_item isotope_element\">\n\t\t\t\t\t\t\t<div class=\"post_item_block  \"><div class=\"pic \"><a href=\"https:\/\/www.donkosira.org\/en\/art-divinatoire-chez-les-bainouncks-agnak-senegal\/\"><img decoding=\"async\" src=\"https:\/\/i0.wp.com\/www.donkosira.org\/wp-content\/uploads\/2019\/02\/Artt-divinatoire-agnack-petit-3.jpg?resize=600%2C380&#038;ssl=1\"\/><div class=\"img_overlay\"><span class=\"hover_icon icon_plus\"><\/span><\/div><\/a><\/div><div class=\"post_item_desc dark_links\"><h4><a href=\"https:\/\/www.donkosira.org\/en\/art-divinatoire-chez-les-bainouncks-agnak-senegal\/\">Art divinatoire chez les Ba\u00efnoucks Agnak (S\u00e9n\u00e9gal)<\/a><\/h4><div class=\"small_post_date\"><span class=\"icon icon-calendar2\"><\/span> &nbsp; 11\/02\/2019<\/div>\t\t<\/div>\n\t\t\t\t<\/div>\n\t\t\t\t<\/div><div class=\"col span_1_of_3 info_item isotope_element\">\n\t\t\t\t\t\t\t<div class=\"post_item_block  \"><div class=\"pic \"><a href=\"https:\/\/www.donkosira.org\/en\/explication-du-deuxieme-nom-dagnack-petit-senegal\/\"><img decoding=\"async\" src=\"https:\/\/i0.wp.com\/www.donkosira.org\/wp-content\/uploads\/2018\/06\/Agnack-second-nom.png?resize=600%2C380&#038;ssl=1\"\/><div class=\"img_overlay\"><span class=\"hover_icon icon_plus\"><\/span><\/div><\/a><\/div><div class=\"post_item_desc dark_links\"><h4><a href=\"https:\/\/www.donkosira.org\/en\/explication-du-deuxieme-nom-dagnack-petit-senegal\/\">Explication du deuxi\u00e8me nom d\u2019Agnack Petit (S\u00e9n\u00e9gal)<\/a><\/h4><div class=\"small_post_date\"><span class=\"icon icon-calendar2\"><\/span> &nbsp; 19\/06\/2018<\/div>\t\t<\/div>\n\t\t\t\t<\/div>\n\t\t\t\t<\/div>\n\t\t\t<\/div>\n\t\t\t<div class=\"h10 clear\"><\/div>[\/vc_column_inner][\/vc_row_inner]<\/div><\/div>\n\t\t\t\t<\/div>[\/vc_column][\/vc_row][vc_row][vc_column]<div class=\"boc_spacing \" style=\"height: 40px\"><\/div>[\/vc_column][\/vc_row][vc_row full_width=&#8221;stretch_row&#8221; bg_type=&#8221;bg_color&#8221; enable_overlay=&#8221;enable_overlay_value&#8221; overlay_color=&#8221;#00a0a5&#8243; el_class=&#8221;white_text&#8221; css=&#8221;.vc_custom_1599075870573{margin-bottom: 0px !important;padding-top: 20px !important;padding-bottom: 10px !important;}&#8221; bg_color_value=&#8221;#00a0a5&#8243;][vc_column]<h2 class=\"boc_heading  center  boc_subheading boc_animate_when_almost_visible boc_left-to-right\"  style=\"margin-bottom: 20px;margin-top: 0px;color: #ffffff;font-size: 27px;\"><span>\u00ab Donkosira : le chemin de la connaissance \u00bb<\/span><\/h2>[\/vc_column][\/vc_row]<\/p>\n","protected":false},"excerpt":{"rendered":"<p>[vc_row css=&#8221;.vc_custom_1606778939242{padding-top: 20px !important;padding-bottom: 10px !important;}&#8221;][vc_column][\/vc_column][\/vc_row][vc_row][vc_column][\/vc_column][\/vc_row][vc_row][vc_column][\/vc_column][\/vc_row][vc_row full_width=&#8221;stretch_row&#8221; bg_type=&#8221;bg_color&#8221; enable_overlay=&#8221;enable_overlay_value&#8221; overlay_color=&#8221;#00a0a5&#8243; el_class=&#8221;white_text&#8221; css=&#8221;.vc_custom_1599075870573{margin-bottom: 0px !important;padding-top: 20px !important;padding-bottom: 10px !important;}&#8221; bg_color_value=&#8221;#00a0a5&#8243;][vc_column][\/vc_column][\/vc_row]<\/p>\n","protected":false},"author":1,"featured_media":0,"parent":0,"menu_order":0,"comment_status":"closed","ping_status":"closed","template":"","meta":{"footnotes":""},"class_list":["post-28226","page","type-page","status-publish","hentry"],"translation":{"provider":"WPGlobus","version":"3.0.0","language":"en","enabled_languages":["fr","en"],"languages":{"fr":{"title":true,"content":true,"excerpt":false},"en":{"title":false,"content":false,"excerpt":false}}},"jetpack_likes_enabled":false,"jetpack_sharing_enabled":true,"_links":{"self":[{"href":"https:\/\/www.donkosira.org\/en\/wp-json\/wp\/v2\/pages\/28226","targetHints":{"allow":["GET"]}}],"collection":[{"href":"https:\/\/www.donkosira.org\/en\/wp-json\/wp\/v2\/pages"}],"about":[{"href":"https:\/\/www.donkosira.org\/en\/wp-json\/wp\/v2\/types\/page"}],"author":[{"embeddable":true,"href":"https:\/\/www.donkosira.org\/en\/wp-json\/wp\/v2\/users\/1"}],"replies":[{"embeddable":true,"href":"https:\/\/www.donkosira.org\/en\/wp-json\/wp\/v2\/comments?post=28226"}],"version-history":[{"count":0,"href":"https:\/\/www.donkosira.org\/en\/wp-json\/wp\/v2\/pages\/28226\/revisions"}],"wp:attachment":[{"href":"https:\/\/www.donkosira.org\/en\/wp-json\/wp\/v2\/media?parent=28226"}],"curies":[{"name":"wp","href":"https:\/\/api.w.org\/{rel}","templated":true}]}}