{"id":28215,"date":"2022-03-24T00:41:50","date_gmt":"2022-03-24T00:41:50","guid":{"rendered":"https:\/\/www.donkosira.org\/?page_id=28215"},"modified":"2022-03-24T00:41:50","modified_gmt":"2022-03-24T00:41:50","slug":"savoirs-locaux-bouguarila","status":"publish","type":"page","link":"https:\/\/www.donkosira.org\/en\/savoirs-locaux-bouguarila\/","title":{"rendered":"Savoirs locaux\/Bouguarila"},"content":{"rendered":"<p>[vc_row css=&#8221;.vc_custom_1606778939242{padding-top: 20px !important;padding-bottom: 10px !important;}&#8221;][vc_column]<h2 class=\"boc_heading  al_left  \"  style=\"margin-bottom: 8px;margin-top: 0px;color: #333333;font-size: 44px;\"><span>Savoirs locaux, Bouguarila (Mali)<\/span><\/h2><div class=\"boc_divider_holder\"><div class=\"boc_divider  \"  style=\"margin-top: 0px;margin-bottom: 5px;height: 1px;background: #eeeeee;\"><\/div><\/div><div class=\"boc_spacing \" style=\"height: 1px\"><\/div>[\/vc_column][\/vc_row][vc_row][vc_column]\n\t\t<!--New Tabs-->\n\t\t<div class=\"newtabs clearfix vertical  minimal_style\">\n\t\t\t<ul class=\"resp-tabs-list\">\n\t\t\t<\/ul>\n\t\t\t<div class=\"resp-tabs-container\">\n\t\t<div class=\"single_tab_div\" rel-title=\"WATIGUELEYA K\u00c8L\u00ca : R\u00e9silience Climatique \u00c9quitable en Afrique de l\u2019Ouest\" rel-icon=\"icon icon-sun\">[vc_row_inner][vc_column_inner]<div id = \"post_grid_676b47784a5690d93990c35cc05a1811\" class=\"grid_holder \"><div class=\"col span_1_of_3 info_item isotope_element\">\n\t\t\t\t\t\t\t<div class=\"post_item_block  \"><div class=\"pic \"><a href=\"https:\/\/www.donkosira.org\/en\/les-feux-de-brousse-a-bougarila-mali-fevrier-2023\/\"><img decoding=\"async\" src=\"https:\/\/i0.wp.com\/www.donkosira.org\/wp-content\/uploads\/2023\/06\/Reportage-Bougarilla-2-2.jpg?resize=600%2C380&#038;ssl=1\"\/><div class=\"img_overlay\"><span class=\"hover_icon icon_plus\"><\/span><\/div><\/a><\/div><div class=\"post_item_desc dark_links\"><h4><a href=\"https:\/\/www.donkosira.org\/en\/les-feux-de-brousse-a-bougarila-mali-fevrier-2023\/\">Bush fires in Bougarila (Mali), February 2023<\/a><\/h4><div class=\"small_post_date\"><span class=\"icon icon-calendar2\"><\/span> &nbsp; 28\/06\/2023<\/div>\t\t<\/div>\n\t\t\t\t<\/div>\n\t\t\t\t<\/div><div class=\"col span_1_of_3 info_item isotope_element\">\n\t\t\t\t\t\t\t<div class=\"post_item_block  \"><div class=\"post_item_desc dark_links\"><h4><a href=\"https:\/\/www.donkosira.org\/en\/jardins-maraichers-a-bougarila-mali-aout-2022\/\">Market gardens in Bougarila (Mali), August 2022<\/a><\/h4><div class=\"small_post_date\"><span class=\"icon icon-calendar2\"><\/span> &nbsp; 02\/05\/2023<\/div>\t\t<\/div>\n\t\t\t\t<\/div>\n\t\t\t\t<\/div><div class=\"col span_1_of_3 info_item isotope_element\">\n\t\t\t\t\t\t\t<div class=\"post_item_block  \"><div class=\"post_item_desc dark_links\"><h4><a href=\"https:\/\/www.donkosira.org\/en\/enjeux-de-la-coupe-du-ronier-a-bougarila-mali-aout-2022\/\">Stakes of the roast tree harvest in Bougarila (Mali), August 2022<\/a><\/h4><div class=\"small_post_date\"><span class=\"icon icon-calendar2\"><\/span> &nbsp; 02\/05\/2023<\/div>\t\t<\/div>\n\t\t\t\t<\/div>\n\t\t\t\t<\/div><div class=\"col span_1_of_3 info_item isotope_element\">\n\t\t\t\t\t\t\t<div class=\"post_item_block  \"><div class=\"pic \"><a href=\"https:\/\/www.donkosira.org\/en\/28998-revision-v1\/\"><img decoding=\"async\" src=\"https:\/\/i0.wp.com\/www.donkosira.org\/wp-content\/uploads\/2023\/01\/Capture-decran-2023-01-25-a-20.57.56.png?resize=600%2C380&#038;ssl=1\"\/><div class=\"img_overlay\"><span class=\"hover_icon icon_plus\"><\/span><\/div><\/a><\/div><div class=\"post_item_desc dark_links\"><h4><a href=\"https:\/\/www.donkosira.org\/en\/28998-revision-v1\/\">Cutting trees to make charcoal (Bougarila, Mali), October 2021<\/a><\/h4><div class=\"small_post_date\"><span class=\"icon icon-calendar2\"><\/span> &nbsp; 25\/01\/2023<\/div>\t\t<\/div>\n\t\t\t\t<\/div>\n\t\t\t\t<\/div><div class=\"col span_1_of_3 info_item isotope_element\">\n\t\t\t\t\t\t\t<div class=\"post_item_block  \"><div class=\"pic \"><a href=\"https:\/\/www.donkosira.org\/en\/28875-revision-v1\/\"><img decoding=\"async\" src=\"https:\/\/i0.wp.com\/www.donkosira.org\/wp-content\/uploads\/2022\/11\/Capture-decran-2022-11-23-a-16.23.25.jpg?resize=600%2C380&#038;ssl=1\"\/><div class=\"img_overlay\"><span class=\"hover_icon icon_plus\"><\/span><\/div><\/a><\/div><div class=\"post_item_desc dark_links\"><h4><a href=\"https:\/\/www.donkosira.org\/en\/28875-revision-v1\/\">The difficulties in agriculture in Bougarilla (Mali), April 2021<\/a><\/h4><div class=\"small_post_date\"><span class=\"icon icon-calendar2\"><\/span> &nbsp; 23\/11\/2022<\/div>\t\t<\/div>\n\t\t\t\t<\/div>\n\t\t\t\t<\/div><div class=\"col span_1_of_3 info_item isotope_element\">\n\t\t\t\t\t\t\t<div class=\"post_item_block  \"><div class=\"pic \"><a href=\"https:\/\/www.donkosira.org\/en\/28694-revision-v1\/\"><img decoding=\"async\" src=\"https:\/\/i0.wp.com\/www.donkosira.org\/wp-content\/uploads\/2022\/01\/Opera-Instantane%CC%81_2022-04-15_014119_www.youtube.com_.png?resize=600%2C380&#038;ssl=1\"\/><div class=\"img_overlay\"><span class=\"hover_icon icon_plus\"><\/span><\/div><\/a><\/div><div class=\"post_item_desc dark_links\"><h4><a href=\"https:\/\/www.donkosira.org\/en\/28694-revision-v1\/\">Using baobab leaves in Bougarila, Mali, April 2022<\/a><\/h4><div class=\"small_post_date\"><span class=\"icon icon-calendar2\"><\/span> &nbsp; 30\/05\/2022<\/div>\t\t<\/div>\n\t\t\t\t<\/div>\n\t\t\t\t<\/div><div class=\"col span_1_of_3 info_item isotope_element\">\n\t\t\t\t\t\t\t<div class=\"post_item_block  \"><div class=\"pic \"><a href=\"https:\/\/www.donkosira.org\/en\/recolte-de-feuilles-de-baobab-a-bougarila-par-gaoussou-coulibaly-novembre-2021\/\"><img decoding=\"async\" src=\"https:\/\/i0.wp.com\/www.donkosira.org\/wp-content\/uploads\/2022\/01\/Opera-Instantane%CC%81_2022-04-15_014119_www.youtube.com_.png?resize=600%2C380&#038;ssl=1\"\/><div class=\"img_overlay\"><span class=\"hover_icon icon_plus\"><\/span><\/div><\/a><\/div><div class=\"post_item_desc dark_links\"><h4><a href=\"https:\/\/www.donkosira.org\/en\/recolte-de-feuilles-de-baobab-a-bougarila-par-gaoussou-coulibaly-novembre-2021\/\">Harvesting baobab leaves in Bougarila, November 2021<\/a><\/h4><div class=\"small_post_date\"><span class=\"icon icon-calendar2\"><\/span> &nbsp; 27\/01\/2022<\/div>\t\t<\/div>\n\t\t\t\t<\/div>\n\t\t\t\t<\/div><div class=\"col span_1_of_3 info_item isotope_element\">\n\t\t\t\t\t\t\t<div class=\"post_item_block  \"><div class=\"pic \"><a href=\"https:\/\/www.donkosira.org\/en\/sorganiser-collectivement-a-bougarila-mali-par-gaoussou-coulibaly-novembre-2021\/\"><img decoding=\"async\" src=\"https:\/\/i0.wp.com\/www.donkosira.org\/wp-content\/uploads\/2021\/12\/Un-champ-collectif-a%CC%80-Bougarila-Novembre-2021.jpg?resize=600%2C380&#038;ssl=1\"\/><div class=\"img_overlay\"><span class=\"hover_icon icon_plus\"><\/span><\/div><\/a><\/div><div class=\"post_item_desc dark_links\"><h4><a href=\"https:\/\/www.donkosira.org\/en\/sorganiser-collectivement-a-bougarila-mali-par-gaoussou-coulibaly-novembre-2021\/\">&#8220;Organising collectively in Bougarila, Mali&#8221;, November 2021<\/a><\/h4><div class=\"small_post_date\"><span class=\"icon icon-calendar2\"><\/span> &nbsp; 09\/12\/2021<\/div>\t\t<\/div>\n\t\t\t\t<\/div>\n\t\t\t\t<\/div><div class=\"col span_1_of_3 info_item isotope_element\">\n\t\t\t\t\t\t\t<div class=\"post_item_block  \"><div class=\"pic \"><a href=\"https:\/\/www.donkosira.org\/en\/fertiliser-les-sols-au-mali-bougarila-et-monzona-mali-mai-2021\/\"><img decoding=\"async\" src=\"https:\/\/i0.wp.com\/www.donkosira.org\/wp-content\/uploads\/2021\/07\/3-Engrais-Monzona.jpeg?resize=600%2C380&#038;ssl=1\"\/><div class=\"img_overlay\"><span class=\"hover_icon icon_plus\"><\/span><\/div><\/a><\/div><div class=\"post_item_desc dark_links\"><h4><a href=\"https:\/\/www.donkosira.org\/en\/fertiliser-les-sols-au-mali-bougarila-et-monzona-mali-mai-2021\/\">&#8220;Fertilizing the soil in Bougarila and Monzona, Mali&#8221;, May 2021<\/a><\/h4><div class=\"small_post_date\"><span class=\"icon icon-calendar2\"><\/span> &nbsp; 16\/07\/2021<\/div>\t\t<\/div>\n\t\t\t\t<\/div>\n\t\t\t\t<\/div><div class=\"col span_1_of_3 info_item isotope_element\">\n\t\t\t\t\t\t\t<div class=\"post_item_block  \"><div class=\"pic \"><a href=\"https:\/\/www.donkosira.org\/en\/le-probleme-deau-a-bougarila-differentes-initiatives-pour-compenser-le-manque-deau-mali-avril-2021\/\"><img decoding=\"async\" src=\"https:\/\/i0.wp.com\/www.donkosira.org\/wp-content\/uploads\/2021\/05\/image_2021-05-20_232454.png?resize=600%2C380&#038;ssl=1\"\/><div class=\"img_overlay\"><span class=\"hover_icon icon_plus\"><\/span><\/div><\/a><\/div><div class=\"post_item_desc dark_links\"><h4><a href=\"https:\/\/www.donkosira.org\/en\/le-probleme-deau-a-bougarila-differentes-initiatives-pour-compenser-le-manque-deau-mali-avril-2021\/\">&#8220;The water problem in Bouiguarila: different initiatives to compensate for the lack of water&#8221; (Mali) &#8211; April 2021<\/a><\/h4><div class=\"small_post_date\"><span class=\"icon icon-calendar2\"><\/span> &nbsp; 24\/05\/2021<\/div>\t\t<\/div>\n\t\t\t\t<\/div>\n\t\t\t\t<\/div>\n\t\t\t<\/div>\n\t\t\t<div class=\"h10 clear\"><\/div>[\/vc_column_inner][\/vc_row_inner]<\/div><\/div>\n\t\t\t\t<\/div>[\/vc_column][\/vc_row][vc_row][vc_column]<div class=\"boc_spacing \" style=\"height: 40px\"><\/div>[\/vc_column][\/vc_row][vc_row full_width=&#8221;stretch_row&#8221; bg_type=&#8221;bg_color&#8221; enable_overlay=&#8221;enable_overlay_value&#8221; overlay_color=&#8221;#00a0a5&#8243; el_class=&#8221;white_text&#8221; css=&#8221;.vc_custom_1599075870573{margin-bottom: 0px !important;padding-top: 20px !important;padding-bottom: 10px !important;}&#8221; bg_color_value=&#8221;#00a0a5&#8243;][vc_column]<h2 class=\"boc_heading  center  boc_subheading boc_animate_when_almost_visible boc_left-to-right\"  style=\"margin-bottom: 20px;margin-top: 0px;color: #ffffff;font-size: 27px;\"><span>\u00ab Donkosira : le chemin de la connaissance \u00bb<\/span><\/h2>[\/vc_column][\/vc_row]<\/p>\n","protected":false},"excerpt":{"rendered":"<p>[vc_row css=&#8221;.vc_custom_1606778939242{padding-top: 20px !important;padding-bottom: 10px !important;}&#8221;][vc_column][\/vc_column][\/vc_row][vc_row][vc_column][\/vc_column][\/vc_row][vc_row][vc_column][\/vc_column][\/vc_row][vc_row full_width=&#8221;stretch_row&#8221; bg_type=&#8221;bg_color&#8221; enable_overlay=&#8221;enable_overlay_value&#8221; overlay_color=&#8221;#00a0a5&#8243; el_class=&#8221;white_text&#8221; css=&#8221;.vc_custom_1599075870573{margin-bottom: 0px !important;padding-top: 20px !important;padding-bottom: 10px !important;}&#8221; bg_color_value=&#8221;#00a0a5&#8243;][vc_column][\/vc_column][\/vc_row]<\/p>\n","protected":false},"author":1,"featured_media":0,"parent":0,"menu_order":0,"comment_status":"closed","ping_status":"closed","template":"","meta":{"footnotes":""},"class_list":["post-28215","page","type-page","status-publish","hentry"],"translation":{"provider":"WPGlobus","version":"3.0.0","language":"en","enabled_languages":["fr","en"],"languages":{"fr":{"title":true,"content":true,"excerpt":false},"en":{"title":false,"content":false,"excerpt":false}}},"jetpack_likes_enabled":false,"jetpack_sharing_enabled":true,"_links":{"self":[{"href":"https:\/\/www.donkosira.org\/en\/wp-json\/wp\/v2\/pages\/28215","targetHints":{"allow":["GET"]}}],"collection":[{"href":"https:\/\/www.donkosira.org\/en\/wp-json\/wp\/v2\/pages"}],"about":[{"href":"https:\/\/www.donkosira.org\/en\/wp-json\/wp\/v2\/types\/page"}],"author":[{"embeddable":true,"href":"https:\/\/www.donkosira.org\/en\/wp-json\/wp\/v2\/users\/1"}],"replies":[{"embeddable":true,"href":"https:\/\/www.donkosira.org\/en\/wp-json\/wp\/v2\/comments?post=28215"}],"version-history":[{"count":0,"href":"https:\/\/www.donkosira.org\/en\/wp-json\/wp\/v2\/pages\/28215\/revisions"}],"wp:attachment":[{"href":"https:\/\/www.donkosira.org\/en\/wp-json\/wp\/v2\/media?parent=28215"}],"curies":[{"name":"wp","href":"https:\/\/api.w.org\/{rel}","templated":true}]}}