{"id":28159,"date":"2022-03-23T18:02:39","date_gmt":"2022-03-23T18:02:39","guid":{"rendered":"https:\/\/www.donkosira.org\/?page_id=28159"},"modified":"2022-03-23T20:07:21","modified_gmt":"2022-03-23T20:07:21","slug":"savoirs-locaux-bossoko","status":"publish","type":"page","link":"https:\/\/www.donkosira.org\/en\/savoirs-locaux-bossoko\/","title":{"rendered":"Savoirs locaux\/Bossoko"},"content":{"rendered":"<p>[vc_row css=&#8221;.vc_custom_1606778939242{padding-top: 20px !important;padding-bottom: 10px !important;}&#8221;][vc_column]<h2 class=\"boc_heading  al_left  \"  style=\"margin-bottom: 8px;margin-top: 0px;color: #333333;font-size: 44px;\"><span>Savoirs locaux, Bossoko (Guin\u00e9e)<\/span><\/h2><div class=\"boc_divider_holder\"><div class=\"boc_divider  \"  style=\"margin-top: 5px;margin-bottom: 0px;height: 1px;background: #eeeeee;\"><\/div><\/div><div class=\"boc_spacing \" style=\"height: 1px\"><\/div>[\/vc_column][\/vc_row][vc_row][vc_column]\n\t\t<!--New Tabs-->\n\t\t<div class=\"newtabs clearfix vertical  minimal_style\">\n\t\t\t<ul class=\"resp-tabs-list\">\n\t\t\t<\/ul>\n\t\t\t<div class=\"resp-tabs-container\">\n\t\t<div class=\"single_tab_div\" rel-title=\"WATIGUELEYA K\u00c8L\u00ca : R\u00e9silience Climatique \u00c9quitable en Afrique de l\u2019Ouest\" rel-icon=\"icon icon-sun\">[vc_row_inner][vc_column_inner]<div id = \"post_grid_4b556256642511d9d3a3e46e99c55d2e\" class=\"grid_holder \"><div class=\"col span_1_of_3 info_item isotope_element\">\n\t\t\t\t\t\t\t<div class=\"post_item_block  \"><div class=\"pic \"><a href=\"https:\/\/www.donkosira.org\/en\/conte-bossoko-guinee-fevrier-2023\/\"><img decoding=\"async\" src=\"https:\/\/i0.wp.com\/www.donkosira.org\/wp-content\/uploads\/2023\/04\/WhatsApp-Image-2021-05-15-at-15.13.17-e1682001347740.jpeg?resize=600%2C380&#038;ssl=1\"\/><div class=\"img_overlay\"><span class=\"hover_icon icon_plus\"><\/span><\/div><\/a><\/div><div class=\"post_item_desc dark_links\"><h4><a href=\"https:\/\/www.donkosira.org\/en\/conte-bossoko-guinee-fevrier-2023\/\">Tale (Bossoko, Guinea), February 2023<\/a><\/h4><div class=\"small_post_date\"><span class=\"icon icon-calendar2\"><\/span> &nbsp; 06\/07\/2023<\/div>\t\t<\/div>\n\t\t\t\t<\/div>\n\t\t\t\t<\/div><div class=\"col span_1_of_3 info_item isotope_element\">\n\t\t\t\t\t\t\t<div class=\"post_item_block  \"><div class=\"pic \"><a href=\"https:\/\/www.donkosira.org\/en\/chant-de-femmes-pour-le-desherbage-bossoko-guinee-fevrier-2023\/\"><img decoding=\"async\" src=\"https:\/\/i0.wp.com\/www.donkosira.org\/wp-content\/uploads\/2022\/01\/proverbes2_culture-oignons.jpeg?resize=600%2C380&#038;ssl=1\"\/><div class=\"img_overlay\"><span class=\"hover_icon icon_plus\"><\/span><\/div><\/a><\/div><div class=\"post_item_desc dark_links\"><h4><a href=\"https:\/\/www.donkosira.org\/en\/chant-de-femmes-pour-le-desherbage-bossoko-guinee-fevrier-2023\/\">Women&#8217;s song for weeding (Bossoko, Guinea), February 2023<\/a><\/h4><div class=\"small_post_date\"><span class=\"icon icon-calendar2\"><\/span> &nbsp; 27\/06\/2023<\/div>\t\t<\/div>\n\t\t\t\t<\/div>\n\t\t\t\t<\/div><div class=\"col span_1_of_3 info_item isotope_element\">\n\t\t\t\t\t\t\t<div class=\"post_item_block  \"><div class=\"pic \"><a href=\"https:\/\/www.donkosira.org\/en\/les-diffucultes-dacces-a-leau-et-leurs-consequences-a-bossoko-guinee-mai-2021\/\"><img decoding=\"async\" src=\"https:\/\/i0.wp.com\/www.donkosira.org\/wp-content\/uploads\/2023\/04\/WhatsApp-Image-2021-05-15-at-15.13.17-e1682001347740.jpeg?resize=600%2C380&#038;ssl=1\"\/><div class=\"img_overlay\"><span class=\"hover_icon icon_plus\"><\/span><\/div><\/a><\/div><div class=\"post_item_desc dark_links\"><h4><a href=\"https:\/\/www.donkosira.org\/en\/les-diffucultes-dacces-a-leau-et-leurs-consequences-a-bossoko-guinee-mai-2021\/\">Difficulties in accessing water and their consequences in Bossoko (Guinea), May 2021<\/a><\/h4><div class=\"small_post_date\"><span class=\"icon icon-calendar2\"><\/span> &nbsp; 20\/04\/2023<\/div>\t\t<\/div>\n\t\t\t\t<\/div>\n\t\t\t\t<\/div><div class=\"col span_1_of_3 info_item isotope_element\">\n\t\t\t\t\t\t\t<div class=\"post_item_block  \"><div class=\"pic \"><a href=\"https:\/\/www.donkosira.org\/en\/28637-revision-v1\/\"><img decoding=\"async\" src=\"https:\/\/i0.wp.com\/www.donkosira.org\/wp-content\/uploads\/2022\/05\/gombo.jpg?resize=600%2C380&#038;ssl=1\"\/><div class=\"img_overlay\"><span class=\"hover_icon icon_plus\"><\/span><\/div><\/a><\/div><div class=\"post_item_desc dark_links\"><h4><a href=\"https:\/\/www.donkosira.org\/en\/28637-revision-v1\/\">Growing okra in Bossoko, Guinea, November 2021<\/a><\/h4><div class=\"small_post_date\"><span class=\"icon icon-calendar2\"><\/span> &nbsp; 30\/05\/2022<\/div>\t\t<\/div>\n\t\t\t\t<\/div>\n\t\t\t\t<\/div><div class=\"col span_1_of_3 info_item isotope_element\">\n\t\t\t\t\t\t\t<div class=\"post_item_block  \"><div class=\"pic \"><a href=\"https:\/\/www.donkosira.org\/en\/sougban-une-plante-medicinale-aux-multiples-vertus-a-bossoko-guinee-novembre-2021\/\"><img decoding=\"async\" src=\"https:\/\/i0.wp.com\/www.donkosira.org\/wp-content\/uploads\/2022\/01\/Plante-medecinale.png?resize=600%2C380&#038;ssl=1\"\/><div class=\"img_overlay\"><span class=\"hover_icon icon_plus\"><\/span><\/div><\/a><\/div><div class=\"post_item_desc dark_links\"><h4><a href=\"https:\/\/www.donkosira.org\/en\/sougban-une-plante-medicinale-aux-multiples-vertus-a-bossoko-guinee-novembre-2021\/\">Sougban: a medicinal plant with multiple virtues in Bossoko, Guinea, November 2021<\/a><\/h4><div class=\"small_post_date\"><span class=\"icon icon-calendar2\"><\/span> &nbsp; 27\/01\/2022<\/div>\t\t<\/div>\n\t\t\t\t<\/div>\n\t\t\t\t<\/div><div class=\"col span_1_of_3 info_item isotope_element\">\n\t\t\t\t\t\t\t<div class=\"post_item_block  \"><div class=\"pic \"><a href=\"https:\/\/www.donkosira.org\/en\/les-panneaux-solaires-a-bossoko-une-alternative-a-la-deforestation-a-bokoso-guinee-novembre-2021\/\"><img decoding=\"async\" src=\"https:\/\/i0.wp.com\/www.donkosira.org\/wp-content\/uploads\/2021\/12\/panneau-solaire.png?resize=600%2C380&#038;ssl=1\"\/><div class=\"img_overlay\"><span class=\"hover_icon icon_plus\"><\/span><\/div><\/a><\/div><div class=\"post_item_desc dark_links\"><h4><a href=\"https:\/\/www.donkosira.org\/en\/les-panneaux-solaires-a-bossoko-une-alternative-a-la-deforestation-a-bokoso-guinee-novembre-2021\/\">&#8220;Solar panels in Bossoko: an alternative to deforestation in Bokoso, Guinea&#8221;, November 2021<\/a><\/h4><div class=\"small_post_date\"><span class=\"icon icon-calendar2\"><\/span> &nbsp; 03\/12\/2021<\/div>\t\t<\/div>\n\t\t\t\t<\/div>\n\t\t\t\t<\/div><div class=\"col span_1_of_3 info_item isotope_element\">\n\t\t\t\t\t\t\t<div class=\"post_item_block  \"><div class=\"pic \"><a href=\"https:\/\/www.donkosira.org\/en\/riviere-bokossoni-a-bossoko-de-sidiki-camara-avril-2021\/\"><img decoding=\"async\" src=\"https:\/\/i0.wp.com\/www.donkosira.org\/wp-content\/uploads\/2021\/05\/7.-2-Riviere-Bokossini-1.jpg?resize=600%2C380&#038;ssl=1\"\/><div class=\"img_overlay\"><span class=\"hover_icon icon_plus\"><\/span><\/div><\/a><\/div><div class=\"post_item_desc dark_links\"><h4><a href=\"https:\/\/www.donkosira.org\/en\/riviere-bokossoni-a-bossoko-de-sidiki-camara-avril-2021\/\">&#8220;Bokossoni River in Bossoko&#8221;, (Guinea) &#8211; April 2021<\/a><\/h4><div class=\"small_post_date\"><span class=\"icon icon-calendar2\"><\/span> &nbsp; 20\/05\/2021<\/div>\t\t<\/div>\n\t\t\t\t<\/div>\n\t\t\t\t<\/div>\n\t\t\t<\/div>\n\t\t\t<div class=\"h10 clear\"><\/div>[\/vc_column_inner][\/vc_row_inner]<\/div><\/div>\n\t\t\t\t<\/div>[\/vc_column][\/vc_row][vc_row][vc_column]<div class=\"boc_spacing \" style=\"height: 40px\"><\/div>[\/vc_column][\/vc_row][vc_row full_width=&#8221;stretch_row&#8221; bg_type=&#8221;bg_color&#8221; enable_overlay=&#8221;enable_overlay_value&#8221; overlay_color=&#8221;#00a0a5&#8243; el_class=&#8221;white_text&#8221; css=&#8221;.vc_custom_1599075870573{margin-bottom: 0px !important;padding-top: 20px !important;padding-bottom: 10px !important;}&#8221; bg_color_value=&#8221;#00a0a5&#8243;][vc_column]<h2 class=\"boc_heading  center  boc_subheading boc_animate_when_almost_visible boc_left-to-right\"  style=\"margin-bottom: 20px;margin-top: 0px;color: #ffffff;font-size: 27px;\"><span>\u00ab Donkosira : le chemin de la connaissance \u00bb<\/span><\/h2>[\/vc_column][\/vc_row]<\/p>\n","protected":false},"excerpt":{"rendered":"<p>[vc_row css=&#8221;.vc_custom_1606778939242{padding-top: 20px !important;padding-bottom: 10px !important;}&#8221;][vc_column][\/vc_column][\/vc_row][vc_row][vc_column][\/vc_column][\/vc_row][vc_row][vc_column][\/vc_column][\/vc_row][vc_row full_width=&#8221;stretch_row&#8221; bg_type=&#8221;bg_color&#8221; enable_overlay=&#8221;enable_overlay_value&#8221; overlay_color=&#8221;#00a0a5&#8243; el_class=&#8221;white_text&#8221; css=&#8221;.vc_custom_1599075870573{margin-bottom: 0px !important;padding-top: 20px !important;padding-bottom: 10px !important;}&#8221; bg_color_value=&#8221;#00a0a5&#8243;][vc_column][\/vc_column][\/vc_row]<\/p>\n","protected":false},"author":1,"featured_media":0,"parent":0,"menu_order":0,"comment_status":"closed","ping_status":"closed","template":"","meta":{"footnotes":""},"class_list":["post-28159","page","type-page","status-publish","hentry"],"translation":{"provider":"WPGlobus","version":"3.0.0","language":"en","enabled_languages":["fr","en"],"languages":{"fr":{"title":true,"content":true,"excerpt":false},"en":{"title":false,"content":false,"excerpt":false}}},"jetpack_likes_enabled":false,"jetpack_sharing_enabled":true,"_links":{"self":[{"href":"https:\/\/www.donkosira.org\/en\/wp-json\/wp\/v2\/pages\/28159","targetHints":{"allow":["GET"]}}],"collection":[{"href":"https:\/\/www.donkosira.org\/en\/wp-json\/wp\/v2\/pages"}],"about":[{"href":"https:\/\/www.donkosira.org\/en\/wp-json\/wp\/v2\/types\/page"}],"author":[{"embeddable":true,"href":"https:\/\/www.donkosira.org\/en\/wp-json\/wp\/v2\/users\/1"}],"replies":[{"embeddable":true,"href":"https:\/\/www.donkosira.org\/en\/wp-json\/wp\/v2\/comments?post=28159"}],"version-history":[{"count":0,"href":"https:\/\/www.donkosira.org\/en\/wp-json\/wp\/v2\/pages\/28159\/revisions"}],"wp:attachment":[{"href":"https:\/\/www.donkosira.org\/en\/wp-json\/wp\/v2\/media?parent=28159"}],"curies":[{"name":"wp","href":"https:\/\/api.w.org\/{rel}","templated":true}]}}