{"id":27603,"date":"2021-07-20T21:37:16","date_gmt":"2021-07-20T21:37:16","guid":{"rendered":"https:\/\/www.donkosira.org\/?page_id=27603"},"modified":"2022-04-12T04:48:42","modified_gmt":"2022-04-12T04:48:42","slug":"newsletters","status":"publish","type":"page","link":"https:\/\/www.donkosira.org\/en\/projets\/newsletters\/","title":{"rendered":"Newsletters"},"content":{"rendered":"<p>[vc_row full_width=&#8221;stretch_row&#8221; parallax=&#8221;content-moving&#8221; parallax_image=&#8221;26165&#8243; bg_type=&#8221;bg_color&#8221; enable_overlay=&#8221;enable_overlay_value&#8221; overlay_color=&#8221;#00a0a5&#8243; seperator_enable=&#8221;off&#8221; ult_hide_row=&#8221;off&#8221; el_class=&#8221;white_text&#8221; css=&#8221;.vc_custom_1649738916865{margin-bottom: 0px !important;padding-top: 20px !important;padding-bottom: 5px !important;}&#8221; bg_color_value=&#8221;#00a0a5&#8243;][vc_column width=&#8221;1\/4&#8243;][vc_single_image img_size=&#8221;medium&#8221; image=&#8221;26189&#8243;][\/vc_column][vc_column width=&#8221;3\/4&#8243;]<div class=\"boc_spacing \" style=\"height: 40px\"><\/div><h2 class=\"boc_heading  al_left  \"  style=\"margin-bottom: 8px;margin-top: 0px;color: #f9d000;font-size: 50px;\"><span>Newsletters<\/span><\/h2><h1 class=\"boc_heading  al_left  \"  style=\"margin-bottom: 8px;margin-top: 0px;color: #ffffff;font-size: 40px;\"><span>WATIGUELEYA K\u00c8L\u00ca : R\u00e9silience Climatique \u00c9quitable en Afrique de l\u2019Ouest<\/span><\/h1><h5 class=\"boc_heading  al_left  \"  style=\"margin-bottom: 8px;margin-top: 0px;color: #ffffff;font-size: 22px;\"><span>Programme de Recherche-Action Comparative (Mali, Guin\u00e9e et S\u00e9n\u00e9gal)<\/span><\/h5>[\/vc_column][\/vc_row][vc_row parallax=&#8221;content-moving&#8221; bg_type=&#8221;bg_color&#8221; enable_overlay=&#8221;off&#8221; seperator_enable=&#8221;off&#8221; ult_hide_row=&#8221;off&#8221; el_class=&#8221;white_text&#8221; css=&#8221;.vc_custom_1618942483185{margin-bottom: 0px !important;padding-top: 5px !important;padding-bottom: 10px !important;border-radius: 1px !important;}&#8221; bg_color_value=&#8221;#ffffff&#8221;][vc_column parallax=&#8221;content-moving&#8221; width=&#8221;1\/2&#8243; css=&#8221;.vc_custom_1618941321011{padding-top: 10% !important;padding-right: 10% !important;padding-bottom: 10px !important;padding-left: 10% !important;}&#8221;]<h2 class=\"boc_heading  al_left  \"  style=\"margin-bottom: 8px;margin-top: 0px;color: #00a0a5;font-size: 24px;\"><span>Newsletter n\u00b0 1<\/span><\/h2><div class=\"boc_divider_holder\"><div class=\"boc_divider  \"  style=\"margin-top: 20px;margin-bottom: 20px;width: 200px;height: 1px;background: #727272;\"><\/div><\/div>[vc_column_text]<span style=\"color: #000000;\">Le programme de recherche-action Watigueleya K\u00e8l\u00ea a pour but de comprendre et de comparer les strat\u00e9gies locales de r\u00e9silience face aux stresses et catastrophes socio-\u00e9cologiques sur la longue dur\u00e9e et d\u2019aider \u00e0 la valorisation et l\u2019inclusion \u00e9quitable de ces strat\u00e9gies dans la gouvernance et la prise de d\u00e9cision dans trois pays ouest-africains, le Mali, le S\u00e9n\u00e9gal et la Guin\u00e9e&#8230;<\/span>[\/vc_column_text]<a\thref=\"https:\/\/mailchi.mp\/d84737ae6cc9\/emifo-newslettern-4906026?e=8e05a1a923\" \n\t\t\t\tclass=\"button btn_medium btn_theme_color btn_rounded btn_outline    \"  target='_self'><span>Version Fran\u00e7aise<\/span><\/a><a\thref=\"https:\/\/mailchi.mp\/012f82052607\/emifo-newslettern-4974542?e=8e05a1a923\" \n\t\t\t\tclass=\"button btn_medium btn_theme_color btn_rounded btn_outline    \"  target='_self'><span>English version<\/span><\/a>[\/vc_column][vc_column width=&#8221;1\/2&#8243;][vc_row_inner][vc_column_inner]<div class=\"boc_spacing \" style=\"height: 80px\"><\/div>[vc_single_image img_size=&#8221;medium&#8221; image=&#8221;27618&#8243;][\/vc_column_inner][\/vc_row_inner][\/vc_column][\/vc_row][vc_row enable_overlay=&#8221;off&#8221; el_class=&#8221;no_text_transform&#8221;][vc_column css=&#8221;.vc_custom_1436125124564{padding-bottom: 40px !important;}&#8221;]<div class=\"boc_spacing \" style=\"height: 20px\"><\/div><div class=\"boc_divider_holder\"><div class=\"boc_divider  \"  style=\"margin-top: px;margin-bottom: 0px;height: 1px;background: #eeeeee;\"><\/div><\/div>[\/vc_column][\/vc_row][vc_row][vc_column]<h2 class=\"boc_heading  center  \"  style=\"margin-bottom: 20px;margin-top: 0px;color: #333333;\"><span>Les partenaires du projet<\/span><\/h2><div class=\"logo_gallery \"><div class=\"grid_holder  small_spacing\" id=\"img_gallery_21fa82dfc23a4a97b9e9e25218d72400\"><div class=\"col span_1_of_4 info_item isotope_element \">\n\t\t\t\t\t\t\t<div class=\"pic \">\n\t\t\t\t\t\t<a href=\"javascript:void(0)\" style=\"cursor: default;\" >\n\t\t\t\t\t\t\t<img decoding=\"async\" src=\"https:\/\/i0.wp.com\/www.donkosira.org\/wp-content\/uploads\/2020\/11\/logo-dksira.jpg?fit=372%2C140&#038;ssl=1\" alt=\"\"\/>\n\t\t\t\t\t\t<\/a><\/div>\n\t\t\t\t\t<\/div><div class=\"col span_1_of_4 info_item isotope_element \">\n\t\t\t\t\t\t\t<div class=\"pic \">\n\t\t\t\t\t\t<a href=\"javascript:void(0)\" style=\"cursor: default;\" >\n\t\t\t\t\t\t\t<img decoding=\"async\" src=\"https:\/\/i0.wp.com\/www.donkosira.org\/wp-content\/uploads\/2020\/10\/SOAS.jpg?fit=300%2C140&#038;ssl=1\" alt=\"\"\/>\n\t\t\t\t\t\t<\/a><\/div>\n\t\t\t\t\t<\/div><div class=\"col span_1_of_4 info_item isotope_element \">\n\t\t\t\t\t\t\t<div class=\"pic \">\n\t\t\t\t\t\t<a href=\"javascript:void(0)\" style=\"cursor: default;\" >\n\t\t\t\t\t\t\t<img decoding=\"async\" src=\"https:\/\/i0.wp.com\/www.donkosira.org\/wp-content\/uploads\/2020\/09\/LogoBordeaux.jpg?fit=300%2C140&#038;ssl=1\" alt=\"\"\/>\n\t\t\t\t\t\t<\/a><\/div>\n\t\t\t\t\t<\/div><div class=\"col span_1_of_4 info_item isotope_element \">\n\t\t\t\t\t\t\t<div class=\"pic \">\n\t\t\t\t\t\t<a href=\"javascript:void(0)\" style=\"cursor: default;\" >\n\t\t\t\t\t\t\t<img decoding=\"async\" src=\"https:\/\/i0.wp.com\/www.donkosira.org\/wp-content\/uploads\/2020\/11\/US-Global-Studies.jpg?fit=300%2C140&#038;ssl=1\" alt=\"\"\/>\n\t\t\t\t\t\t<\/a><\/div>\n\t\t\t\t\t<\/div><div class=\"col span_1_of_4 info_item isotope_element \">\n\t\t\t\t\t\t\t<div class=\"pic \">\n\t\t\t\t\t\t<a href=\"javascript:void(0)\" style=\"cursor: default;\" >\n\t\t\t\t\t\t\t<img decoding=\"async\" src=\"https:\/\/i0.wp.com\/www.donkosira.org\/wp-content\/uploads\/2020\/08\/UK-RI.jpg?fit=300%2C140&#038;ssl=1\" alt=\"\"\/>\n\t\t\t\t\t\t<\/a><\/div>\n\t\t\t\t\t<\/div><div class=\"col span_1_of_4 info_item isotope_element \">\n\t\t\t\t\t\t\t<div class=\"pic \">\n\t\t\t\t\t\t<a href=\"javascript:void(0)\" style=\"cursor: default;\" >\n\t\t\t\t\t\t\t<img decoding=\"async\" src=\"https:\/\/i0.wp.com\/www.donkosira.org\/wp-content\/uploads\/2020\/08\/GCRF.jpg?fit=300%2C140&#038;ssl=1\" alt=\"\"\/>\n\t\t\t\t\t\t<\/a><\/div>\n\t\t\t\t\t<\/div><\/div><\/div>[\/vc_column][\/vc_row][vc_row][vc_column]<div class=\"boc_spacing \" style=\"height: 40px\"><\/div>[\/vc_column][\/vc_row][vc_row full_width=&#8221;stretch_row&#8221; bg_type=&#8221;bg_color&#8221; enable_overlay=&#8221;enable_overlay_value&#8221; overlay_color=&#8221;#00a0a5&#8243; seperator_enable=&#8221;off&#8221; ult_hide_row=&#8221;off&#8221; el_class=&#8221;white_text&#8221; css=&#8221;.vc_custom_1618938512604{margin-bottom: 0px !important;padding-top: 20px !important;padding-bottom: 10px !important;}&#8221; bg_color_value=&#8221;#00a0a5&#8243;][vc_column]<h2 class=\"boc_heading  center  boc_subheading boc_animate_when_almost_visible boc_left-to-right\"  style=\"margin-bottom: 20px;margin-top: 0px;color: #ffffff;font-size: 27px;\"><span>\u00ab Donkosira : le chemin de la connaissance \u00bb<\/span><\/h2>[\/vc_column][\/vc_row]<\/p>\n","protected":false},"excerpt":{"rendered":"<p>[vc_row full_width=&#8221;stretch_row&#8221; parallax=&#8221;content-moving&#8221; parallax_image=&#8221;26165&#8243; bg_type=&#8221;bg_color&#8221; enable_overlay=&#8221;enable_overlay_value&#8221; overlay_color=&#8221;#00a0a5&#8243; seperator_enable=&#8221;off&#8221; ult_hide_row=&#8221;off&#8221; el_class=&#8221;white_text&#8221; css=&#8221;.vc_custom_1649738916865{margin-bottom: 0px !important;padding-top: 20px !important;padding-bottom: 5px !important;}&#8221; bg_color_value=&#8221;#00a0a5&#8243;][vc_column width=&#8221;1\/4&#8243;][vc_single_image img_size=&#8221;medium&#8221; image=&#8221;26189&#8243;][\/vc_column][vc_column width=&#8221;3\/4&#8243;][\/vc_column][\/vc_row][vc_row parallax=&#8221;content-moving&#8221; bg_type=&#8221;bg_color&#8221; enable_overlay=&#8221;off&#8221; seperator_enable=&#8221;off&#8221; ult_hide_row=&#8221;off&#8221; el_class=&#8221;white_text&#8221; css=&#8221;.vc_custom_1618942483185{margin-bottom: 0px !important;padding-top: 5px !important;padding-bottom: 10px !important;border-radius: 1px !important;}&#8221; bg_color_value=&#8221;#ffffff&#8221;][vc_column parallax=&#8221;content-moving&#8221; width=&#8221;1\/2&#8243; css=&#8221;.vc_custom_1618941321011{padding-top: 10% !important;padding-right: 10% !important;padding-bottom: 10px !important;padding-left: 10% !important;}&#8221;][vc_column_text]Le programme de recherche-action Watigueleya K\u00e8l\u00ea a pour but de comprendre et<\/p>\n<div class=\"h10\"><\/div>\n<p><a class=\"more-link1\" href=\"https:\/\/www.donkosira.org\/en\/projets\/newsletters\/\">Lire plus<\/a><\/p>\n","protected":false},"author":1,"featured_media":0,"parent":25670,"menu_order":0,"comment_status":"closed","ping_status":"closed","template":"","meta":{"footnotes":""},"class_list":["post-27603","page","type-page","status-publish","hentry"],"translation":{"provider":"WPGlobus","version":"3.0.0","language":"en","enabled_languages":["fr","en"],"languages":{"fr":{"title":true,"content":true,"excerpt":false},"en":{"title":false,"content":false,"excerpt":false}}},"jetpack_likes_enabled":false,"jetpack_sharing_enabled":true,"_links":{"self":[{"href":"https:\/\/www.donkosira.org\/en\/wp-json\/wp\/v2\/pages\/27603","targetHints":{"allow":["GET"]}}],"collection":[{"href":"https:\/\/www.donkosira.org\/en\/wp-json\/wp\/v2\/pages"}],"about":[{"href":"https:\/\/www.donkosira.org\/en\/wp-json\/wp\/v2\/types\/page"}],"author":[{"embeddable":true,"href":"https:\/\/www.donkosira.org\/en\/wp-json\/wp\/v2\/users\/1"}],"replies":[{"embeddable":true,"href":"https:\/\/www.donkosira.org\/en\/wp-json\/wp\/v2\/comments?post=27603"}],"version-history":[{"count":0,"href":"https:\/\/www.donkosira.org\/en\/wp-json\/wp\/v2\/pages\/27603\/revisions"}],"up":[{"embeddable":true,"href":"https:\/\/www.donkosira.org\/en\/wp-json\/wp\/v2\/pages\/25670"}],"wp:attachment":[{"href":"https:\/\/www.donkosira.org\/en\/wp-json\/wp\/v2\/media?parent=27603"}],"curies":[{"name":"wp","href":"https:\/\/api.w.org\/{rel}","templated":true}]}}