{"id":26467,"date":"2021-05-05T07:07:34","date_gmt":"2021-05-05T07:07:34","guid":{"rendered":"https:\/\/www.donkosira.org\/?page_id=26467"},"modified":"2022-04-07T04:43:19","modified_gmt":"2022-04-07T04:43:19","slug":"jack-camara","status":"publish","type":"page","link":"https:\/\/www.donkosira.org\/en\/notre-equipe\/jack-camara\/","title":{"rendered":"Jacques Camara"},"content":{"rendered":"<p>[vc_row css=&#8221;.vc_custom_1606782925962{padding-top: 40px !important;padding-bottom: 10px !important;}&#8221;][vc_column width=&#8221;1\/2&#8243;][vc_single_image image=&#8221;26468&#8243;][\/vc_column][vc_column width=&#8221;1\/2&#8243; css=&#8221;.vc_custom_1598576615442{padding-right: 20px !important;padding-bottom: 80px !important;padding-left: 40px !important;}&#8221;]<h1 class=\"boc_heading no_text_transform letter_spacing_negative al_left  \"  style=\"margin-bottom: 8px;margin-top: 0px;color: #00a0a5;font-size: 33px;\"><span>Jacques Camara<\/span><\/h1><h3 class=\"boc_heading  al_left  boc_subheading \"  style=\"margin-bottom: 20px;margin-top: 0px;color: #adadad;font-size: 19px;\"><span>Agent de d\u00e9veloppement communautaire<\/span><\/h3><div class=\"boc_divider_holder\"><div class=\"boc_divider  \"  style=\"margin-top: 22px;margin-bottom: 22px;width: 100px;height: 1px;background: #eeeeee;\"><\/div><\/div>[vc_column_text]<\/p>\n<div dir=\"auto\">\n<div dir=\"auto\">\n<div dir=\"auto\">\n<div dir=\"auto\">Je m&#8217;appelle Jacques Camara je suis Bedik et agent de d\u00e9veloppement communautaire \u00e0 Bandafassi, mon village est consid\u00e9r\u00e9 comme la porte d&#8217;entr\u00e9e du pays Bassari, se trouvant au S\u00e9n\u00e9gal dans la r\u00e9gion de K\u00e9dougou, \u00e0 15 km de la capitale r\u00e9gionale. Je parle le bedick, le bassari, le peulh et un tout petit peu le mandingue.<\/div>\n<\/div>\n<\/div>\n<\/div>\n<p>[\/vc_column_text]<div class=\"boc_divider_holder\"><div class=\"boc_divider  \"  style=\"margin-top: 22px;margin-bottom: 22px;width: 100px;height: 1px;background: #eeeeee;\"><\/div><\/div><div class=\"boc_spacing \" style=\"height: 5px\"><\/div>[\/vc_column][\/vc_row][vc_row][vc_column]<div class=\"boc_spacing \" style=\"height: 40px\"><\/div>[\/vc_column][\/vc_row][vc_row full_width=&#8221;stretch_row&#8221; bg_type=&#8221;bg_color&#8221; enable_overlay=&#8221;enable_overlay_value&#8221; overlay_color=&#8221;#00a0a5&#8243; ult_hide_row=&#8221;off&#8221; el_class=&#8221;white_text&#8221; css=&#8221;.vc_custom_1620189826157{margin-bottom: 0px !important;padding-top: 20px !important;padding-bottom: 10px !important;}&#8221; bg_color_value=&#8221;#00a0a5&#8243;][vc_column]<h2 class=\"boc_heading  center  boc_subheading boc_animate_when_almost_visible boc_left-to-right\"  style=\"margin-bottom: 20px;margin-top: 0px;color: #ffffff;font-size: 27px;\"><span>\u00ab Donkosira : le chemin de la connaissance \u00bb<\/span><\/h2>[\/vc_column][\/vc_row]<\/p>\n","protected":false},"excerpt":{"rendered":"<p>[vc_row css=&#8221;.vc_custom_1606782925962{padding-top: 40px !important;padding-bottom: 10px !important;}&#8221;][vc_column width=&#8221;1\/2&#8243;][vc_single_image image=&#8221;26468&#8243;][\/vc_column][vc_column width=&#8221;1\/2&#8243; css=&#8221;.vc_custom_1598576615442{padding-right: 20px !important;padding-bottom: 80px !important;padding-left: 40px !important;}&#8221;][vc_column_text] Je m&#8217;appelle Jacques Camara je suis Bedik et agent de d\u00e9veloppement communautaire \u00e0 Bandafassi, mon village est consid\u00e9r\u00e9 comme la porte d&#8217;entr\u00e9e du pays Bassari, se trouvant au S\u00e9n\u00e9gal dans la r\u00e9gion de K\u00e9dougou, \u00e0 15 km de la capitale r\u00e9gionale. Je parle le<\/p>\n<div class=\"h10\"><\/div>\n<p><a class=\"more-link1\" href=\"https:\/\/www.donkosira.org\/en\/notre-equipe\/jack-camara\/\">Lire plus<\/a><\/p>\n","protected":false},"author":1,"featured_media":0,"parent":23104,"menu_order":18,"comment_status":"closed","ping_status":"closed","template":"","meta":{"footnotes":""},"class_list":["post-26467","page","type-page","status-publish","hentry"],"translation":{"provider":"WPGlobus","version":"3.0.0","language":"en","enabled_languages":["fr","en"],"languages":{"fr":{"title":true,"content":true,"excerpt":false},"en":{"title":false,"content":false,"excerpt":false}}},"jetpack_likes_enabled":false,"jetpack_sharing_enabled":true,"_links":{"self":[{"href":"https:\/\/www.donkosira.org\/en\/wp-json\/wp\/v2\/pages\/26467","targetHints":{"allow":["GET"]}}],"collection":[{"href":"https:\/\/www.donkosira.org\/en\/wp-json\/wp\/v2\/pages"}],"about":[{"href":"https:\/\/www.donkosira.org\/en\/wp-json\/wp\/v2\/types\/page"}],"author":[{"embeddable":true,"href":"https:\/\/www.donkosira.org\/en\/wp-json\/wp\/v2\/users\/1"}],"replies":[{"embeddable":true,"href":"https:\/\/www.donkosira.org\/en\/wp-json\/wp\/v2\/comments?post=26467"}],"version-history":[{"count":0,"href":"https:\/\/www.donkosira.org\/en\/wp-json\/wp\/v2\/pages\/26467\/revisions"}],"up":[{"embeddable":true,"href":"https:\/\/www.donkosira.org\/en\/wp-json\/wp\/v2\/pages\/23104"}],"wp:attachment":[{"href":"https:\/\/www.donkosira.org\/en\/wp-json\/wp\/v2\/media?parent=26467"}],"curies":[{"name":"wp","href":"https:\/\/api.w.org\/{rel}","templated":true}]}}