{"id":26348,"date":"2021-05-01T01:42:58","date_gmt":"2021-05-01T01:42:58","guid":{"rendered":"https:\/\/www.donkosira.org\/?page_id=26348"},"modified":"2021-05-01T02:27:07","modified_gmt":"2021-05-01T02:27:07","slug":"marie-christine-deleigne","status":"publish","type":"page","link":"https:\/\/www.donkosira.org\/en\/notre-equipe\/marie-christine-deleigne\/","title":{"rendered":"Marie-Christine Deleigne"},"content":{"rendered":"<p>[vc_row css=&#8221;.vc_custom_1606781793781{padding-top: 40px !important;padding-bottom: 10px !important;}&#8221;][vc_column width=&#8221;1\/2&#8243;][vc_single_image image=&#8221;26352&#8243;][\/vc_column][vc_column width=&#8221;1\/2&#8243;]<h1 class=\"boc_heading no_text_transform letter_spacing_negative al_left  \"  style=\"margin-bottom: 8px;margin-top: 0px;color: #00a0a5;font-size: 33px;\"><span> Dr Marie-Christine DELEIGNE<\/span><\/h1><h2 class=\"boc_heading  al_left  boc_subheading \"  style=\"margin-bottom: 20px;margin-top: 0px;color: #adadad;font-size: 19px;\"><span> Sociologue et D\u00e9mographe <\/span><\/h2><div class=\"boc_divider_holder\"><div class=\"boc_divider  \"  style=\"margin-top: 22px;margin-bottom: 22px;width: 100px;height: 1px;background: #eeeeee;\"><\/div><\/div>[vc_column_text]<\/p>\n<p style=\"text-align: justify;\">Marie-Christine Deleigne, docteure en sociologie et d\u00e9mographie de l&#8217;Universit\u00e9 de Paris (Paris V), est sp\u00e9cialis\u00e9e dans les questions d&#8217;\u00e9ducation (politiques \u00e9ducatives, rapports des populations \u00e0 l&#8217;\u00e9cole et aux savoirs) en Afrique subsaharienne. Chercheuse associ\u00e9e au CMH (Paris) et au Ceped (Paris), ses recherches les plus r\u00e9centes portent sur l&#8217;alimentation scolaire dans ses rapports \u00e0 l&#8217;\u00e9cole, aux dynamiques de scolarisation et de d\u00e9veloppement local, notamment \u00e0 Madagascar, selon une approche mixte (quantitative et qualitative) et sur la longue dur\u00e9e.<\/p>\n<p style=\"text-align: justify;\">Au sein du programme de recherche-action Watigueleya K\u00e8l\u00ea, elle est en charge de la partie &#8220;enqu\u00eate quantitative&#8221;.<\/p>\n<p>[\/vc_column_text]<div class=\"boc_spacing \" style=\"height: 5px\"><\/div><div class=\"boc_divider_holder\"><div class=\"boc_divider  \"  style=\"margin-top: 22px;margin-bottom: 22px;width: 100px;height: 1px;background: #eeeeee;\"><\/div><\/div>[vc_column_text][\/vc_column_text][\/vc_column][\/vc_row][vc_row][vc_column]<div class=\"boc_spacing \" style=\"height: 40px\"><\/div>[\/vc_column][\/vc_row][vc_row full_width=&#8221;stretch_row&#8221; bg_type=&#8221;bg_color&#8221; enable_overlay=&#8221;enable_overlay_value&#8221; overlay_color=&#8221;#00a0a5&#8243; el_class=&#8221;white_text&#8221; css=&#8221;.vc_custom_1599069259873{margin-bottom: 0px !important;padding-top: 20px !important;padding-bottom: 10px !important;}&#8221; bg_color_value=&#8221;#00a0a5&#8243;][vc_column]<h2 class=\"boc_heading  center  boc_subheading boc_animate_when_almost_visible boc_left-to-right\"  style=\"margin-bottom: 20px;margin-top: 0px;color: #ffffff;font-size: 27px;\"><span>\u00ab Donkosira : le chemin de la connaissance \u00bb<\/span><\/h2>[\/vc_column][\/vc_row]<\/p>\n","protected":false},"excerpt":{"rendered":"<p>[vc_row css=&#8221;.vc_custom_1606781793781{padding-top: 40px !important;padding-bottom: 10px !important;}&#8221;][vc_column width=&#8221;1\/2&#8243;][vc_single_image image=&#8221;26352&#8243;][\/vc_column][vc_column width=&#8221;1\/2&#8243;][vc_column_text] Marie-Christine Deleigne, docteure en sociologie et d\u00e9mographie de l&#8217;Universit\u00e9 de Paris (Paris V), est sp\u00e9cialis\u00e9e dans les questions d&#8217;\u00e9ducation (politiques \u00e9ducatives, rapports des populations \u00e0 l&#8217;\u00e9cole et aux savoirs) en Afrique subsaharienne. Chercheuse associ\u00e9e au CMH (Paris) et au Ceped (Paris), ses recherches les plus r\u00e9centes portent sur l&#8217;alimentation scolaire dans<\/p>\n<div class=\"h10\"><\/div>\n<p><a class=\"more-link1\" href=\"https:\/\/www.donkosira.org\/en\/notre-equipe\/marie-christine-deleigne\/\">Lire plus<\/a><\/p>\n","protected":false},"author":1,"featured_media":0,"parent":23104,"menu_order":8,"comment_status":"closed","ping_status":"closed","template":"","meta":{"footnotes":""},"class_list":["post-26348","page","type-page","status-publish","hentry"],"translation":{"provider":"WPGlobus","version":"3.0.0","language":"en","enabled_languages":["fr","en"],"languages":{"fr":{"title":true,"content":true,"excerpt":false},"en":{"title":false,"content":false,"excerpt":false}}},"jetpack_likes_enabled":false,"jetpack_sharing_enabled":true,"_links":{"self":[{"href":"https:\/\/www.donkosira.org\/en\/wp-json\/wp\/v2\/pages\/26348","targetHints":{"allow":["GET"]}}],"collection":[{"href":"https:\/\/www.donkosira.org\/en\/wp-json\/wp\/v2\/pages"}],"about":[{"href":"https:\/\/www.donkosira.org\/en\/wp-json\/wp\/v2\/types\/page"}],"author":[{"embeddable":true,"href":"https:\/\/www.donkosira.org\/en\/wp-json\/wp\/v2\/users\/1"}],"replies":[{"embeddable":true,"href":"https:\/\/www.donkosira.org\/en\/wp-json\/wp\/v2\/comments?post=26348"}],"version-history":[{"count":0,"href":"https:\/\/www.donkosira.org\/en\/wp-json\/wp\/v2\/pages\/26348\/revisions"}],"up":[{"embeddable":true,"href":"https:\/\/www.donkosira.org\/en\/wp-json\/wp\/v2\/pages\/23104"}],"wp:attachment":[{"href":"https:\/\/www.donkosira.org\/en\/wp-json\/wp\/v2\/media?parent=26348"}],"curies":[{"name":"wp","href":"https:\/\/api.w.org\/{rel}","templated":true}]}}