{"id":26111,"date":"2020-12-17T22:03:56","date_gmt":"2020-12-17T22:03:56","guid":{"rendered":"http:\/\/donkosira.org\/?page_id=26111"},"modified":"2022-03-24T09:58:02","modified_gmt":"2022-03-24T09:58:02","slug":"bouguarila","status":"publish","type":"page","link":"https:\/\/www.donkosira.org\/en\/villages\/bouguarila\/","title":{"rendered":"Bouguarila"},"content":{"rendered":"<p>[vc_row css=&#8221;.vc_custom_1606780493321{padding-top: 40px !important;padding-bottom: 10px !important;}&#8221;][vc_column width=&#8221;1\/2&#8243;][vc_gmaps link=&#8221;#E-8_JTNDaWZyYW1lJTIwc3JjJTNEJTIyaHR0cHMlM0ElMkYlMkZ3d3cuZ29vZ2xlLmNvbSUyRm1hcHMlMkZlbWJlZCUzRnBiJTNEJTIxMW0xOCUyMTFtMTIlMjExbTMlMjExZDc5OTI1OTUuMTg5Mzg5MTQlMjEyZC0xMC41OTc4NjY0MjExMjUwOTIlMjEzZDExLjk5OTc4MjI2MDQxNzkxJTIxMm0zJTIxMWYwJTIxMmYwJTIxM2YwJTIxM20yJTIxMWkxMDI0JTIxMmk3NjglMjE0ZjEzLjElMjEzbTMlMjExbTIlMjExczB4ZTRiZTFkNmI3M2Q0NGQ1JTI1M0EweDk5NTVjYjUyYzQ4NmZlMjglMjEyc0JvdWthcmlsYSUyMTVlMCUyMTNtMiUyMTFzZnIlMjEyc21sJTIxNHYxNjA4MjQyNTg0MTAyJTIxNW0yJTIxMXNmciUyMTJzbWwlMjIlMjB3aWR0aCUzRCUyMjYwMCUyMiUyMGhlaWdodCUzRCUyMjQ1MCUyMiUyMGZyYW1lYm9yZGVyJTNEJTIyMCUyMiUyMHN0eWxlJTNEJTIyYm9yZGVyJTNBMCUzQiUyMiUyMGFsbG93ZnVsbHNjcmVlbiUzRCUyMiUyMiUyMGFyaWEtaGlkZGVuJTNEJTIyZmFsc2UlMjIlMjB0YWJpbmRleCUzRCUyMjAlMjIlM0UlM0MlMkZpZnJhbWUlM0U=&#8221; css=&#8221;.vc_custom_1608242599206{border-radius: 1px !important;}&#8221;]<div class=\"boc_spacing \" style=\"height: 20px\"><\/div>[\/vc_column][vc_column width=&#8221;1\/2&#8243; css=&#8221;.vc_custom_1598823234218{padding-right: 20px !important;padding-bottom: 80px !important;padding-left: 40px !important;}&#8221;]<h1 class=\"boc_heading no_text_transform letter_spacing_negative al_left  \"  style=\"margin-bottom: 8px;margin-top: 0px;color: #00a0a5;font-size: 33px;\"><span>BOUGUARILA<\/span><\/h1><h3 class=\"boc_heading  al_left  boc_subheading \"  style=\"margin-bottom: 20px;margin-top: 0px;color: #adadad;font-size: 19px;\"><span>Mali<\/span><\/h3><div class=\"boc_divider_holder\"><div class=\"boc_divider  \"  style=\"margin-top: 22px;margin-bottom: 22px;width: 100px;height: 1px;background: #eeeeee;\"><\/div><\/div>[vc_column_text][\/vc_column_text]<div class=\"boc_spacing \" style=\"height: 10px\"><\/div>[\/vc_column][\/vc_row][vc_row][vc_column]<div class=\"boc_divider_holder\"><div class=\"boc_divider  \"  style=\"margin-top: 5px;margin-bottom: 5px;height: 1px;background: #eeeeee;\"><\/div><\/div>[\/vc_column][\/vc_row][vc_row][vc_column]<h2 class=\"boc_heading  center  \"  style=\"margin-bottom: 20px;margin-top: 0px;color: #333;\"><span>Les partenaires villageois<\/span><\/h2><div class=\"boc_divider_holder\"><div class=\"boc_divider  \"  style=\"margin-top: 22px;margin-bottom: 22px;width: 100px;margin-left: auto; margin-right: auto;height: 1px;background: #eeeeee;\"><\/div><\/div>[vc_row_inner][vc_column_inner width=&#8221;1\/6&#8243;][\/vc_column_inner][vc_column_inner width=&#8221;1\/6&#8243;][\/vc_column_inner][vc_column_inner width=&#8221;1\/6&#8243;]\t<div class=\"team_block_content  \">\n\t\t\t\t\t<div class=\"pic\">\n\t\t\t\t\t\t<a href=\"https:\/\/www.donkosira.org\/notre-equipe\/gaoussou-coulibaly\/\" target=\"_self\">\n\t\t\t\t\t\t<div class=\"team_image  flat_img\"><img loading=\"lazy\" decoding=\"async\" width=\"950\" height=\"950\" src=\"https:\/\/i0.wp.com\/www.donkosira.org\/wp-content\/uploads\/2021\/05\/Gaoussou-Coulibaly.jpg?fit=950%2C950&amp;ssl=1\" class=\"attachment-full size-full\" alt=\"\" srcset=\"https:\/\/i0.wp.com\/www.donkosira.org\/wp-content\/uploads\/2021\/05\/Gaoussou-Coulibaly.jpg?w=950&amp;ssl=1 950w, https:\/\/i0.wp.com\/www.donkosira.org\/wp-content\/uploads\/2021\/05\/Gaoussou-Coulibaly.jpg?resize=300%2C300&amp;ssl=1 300w, https:\/\/i0.wp.com\/www.donkosira.org\/wp-content\/uploads\/2021\/05\/Gaoussou-Coulibaly.jpg?resize=150%2C150&amp;ssl=1 150w, https:\/\/i0.wp.com\/www.donkosira.org\/wp-content\/uploads\/2021\/05\/Gaoussou-Coulibaly.jpg?resize=768%2C768&amp;ssl=1 768w\" sizes=\"auto, (max-width: 950px) 100vw, 950px\" \/><\/div>\n\t\t\t\t\t\t<\/a>\n\t\t\t\t\t\t\n\t\t\t\t\t\t\n\t\t\t\t\t\t<div class=\"team_block\">\n\t\t\t\t\t\t\t<h4><a href=\"https:\/\/www.donkosira.org\/notre-equipe\/gaoussou-coulibaly\/\">Gaoussou COULIBALY<\/a><\/h4>\n\t\t\t\t\t\t\t<p class=\"team_desc\">D\u00e9l\u00e9gu\u00e9 villageois\/Mali<\/p>\n\t\t\t\t\t\t\t<p class=\"team_text\"><\/p>\n\t\t\t\t\t\t\t<div class=\"team_icons\">\n\t\t\t\t\t\t\n\t\t\t\t\t\t\n\t\t\t\t\t\t\n\t\t\t\t\t\t\n\t\t\t\t\t\t\n\t\t\t\t\t\t\n\t\t\t\t\t\t\n\t\t\t\t\t\t\n\t\t\t\t\t\t\t<\/div>\n\t\t\t\t\t\t<\/div>\n\t\t\t\t\t<\/div>\n\t\t\t\t<\/div>\n\t\t\t[\/vc_column_inner][vc_column_inner width=&#8221;1\/6&#8243;]\t<div class=\"team_block_content  \">\n\t\t\t\t\t<div class=\"pic\">\n\t\t\t\t\t\t<a href=\"https:\/\/www.donkosira.org\/notre-equipe\/niele-diarra\/\" target=\"_self\">\n\t\t\t\t\t\t<div class=\"team_image  flat_img\"><img loading=\"lazy\" decoding=\"async\" width=\"950\" height=\"950\" src=\"https:\/\/i0.wp.com\/www.donkosira.org\/wp-content\/uploads\/2021\/05\/Niele-Diarra.jpg?fit=950%2C950&amp;ssl=1\" class=\"attachment-full size-full\" alt=\"\" srcset=\"https:\/\/i0.wp.com\/www.donkosira.org\/wp-content\/uploads\/2021\/05\/Niele-Diarra.jpg?w=950&amp;ssl=1 950w, https:\/\/i0.wp.com\/www.donkosira.org\/wp-content\/uploads\/2021\/05\/Niele-Diarra.jpg?resize=300%2C300&amp;ssl=1 300w, https:\/\/i0.wp.com\/www.donkosira.org\/wp-content\/uploads\/2021\/05\/Niele-Diarra.jpg?resize=150%2C150&amp;ssl=1 150w, https:\/\/i0.wp.com\/www.donkosira.org\/wp-content\/uploads\/2021\/05\/Niele-Diarra.jpg?resize=768%2C768&amp;ssl=1 768w\" sizes=\"auto, (max-width: 950px) 100vw, 950px\" \/><\/div>\n\t\t\t\t\t\t<\/a>\n\t\t\t\t\t\t\n\t\t\t\t\t\t\n\t\t\t\t\t\t<div class=\"team_block\">\n\t\t\t\t\t\t\t<h4><a href=\"https:\/\/www.donkosira.org\/notre-equipe\/niele-diarra\/\">Niel\u00e9 DIARRA<\/a><\/h4>\n\t\t\t\t\t\t\t<p class=\"team_desc\">M\u00e9nag\u00e8re\/Mali<\/p>\n\t\t\t\t\t\t\t<p class=\"team_text\"><\/p>\n\t\t\t\t\t\t\t<div class=\"team_icons\">\n\t\t\t\t\t\t\n\t\t\t\t\t\t\n\t\t\t\t\t\t\n\t\t\t\t\t\t\n\t\t\t\t\t\t\n\t\t\t\t\t\t\n\t\t\t\t\t\t\n\t\t\t\t\t\t\n\t\t\t\t\t\t\t<\/div>\n\t\t\t\t\t\t<\/div>\n\t\t\t\t\t<\/div>\n\t\t\t\t<\/div>\n\t\t\t[\/vc_column_inner][vc_column_inner width=&#8221;1\/6&#8243;][\/vc_column_inner][vc_column_inner width=&#8221;1\/6&#8243;][\/vc_column_inner][\/vc_row_inner][\/vc_column][\/vc_row][vc_row][vc_column]<h3 class=\"boc_heading  al_left  bgr_dotted  \"  style=\"margin-bottom: 10px;margin-top: 0px;color: #00a0a5;\"><span>SAVOIRS LOCAUX<\/span><\/h3>[\/vc_column][\/vc_row][vc_row][vc_column width=&#8221;1\/4&#8243;][\/vc_column][vc_column width=&#8221;3\/4&#8243;]<h3 class=\"boc_heading  al_left  bgr_dotted  \"  style=\"margin-bottom: 15px;margin-top: 0px;color: #00a0a5;\"><span>WATIGUELEYA K\u00c8L\u00ca : R\u00e9silience Climatique \u00c9quitable en Afrique de l\u2019Ouest<\/span><\/h3><div class=\"posts_carousel_holder \">\n\t\t\t\t\t\t<div id=\"posts_carousel_3190\" style=\"opacity:0;\"><div class=\"post_item_block  boc_owl_lazy \"><div class=\"pic \"><a href=\"https:\/\/www.donkosira.org\/en\/les-feux-de-brousse-a-bougarila-mali-fevrier-2023\/\"><img decoding=\"async\" src=\"https:\/\/i0.wp.com\/www.donkosira.org\/wp-content\/uploads\/2023\/06\/Reportage-Bougarilla-2-2.jpg?resize=600%2C380&#038;ssl=1\"\/><div class=\"img_overlay\"><span class=\"hover_icon icon_plus\"><\/span><\/div><\/a><\/div><div class=\"post_item_desc dark_links\"><h4><a href=\"https:\/\/www.donkosira.org\/en\/les-feux-de-brousse-a-bougarila-mali-fevrier-2023\/\">Bush fires in Bougarila (Mali), February 2023<\/a><\/h4>\t\t<\/div>\n\t\t\t\t<\/div><div class=\"post_item_block  boc_owl_lazy \"><div class=\"post_item_desc dark_links\"><h4><a href=\"https:\/\/www.donkosira.org\/en\/jardins-maraichers-a-bougarila-mali-aout-2022\/\">Market gardens in Bougarila (Mali), August 2022<\/a><\/h4>\t\t<\/div>\n\t\t\t\t<\/div><div class=\"post_item_block  boc_owl_lazy \"><div class=\"post_item_desc dark_links\"><h4><a href=\"https:\/\/www.donkosira.org\/en\/enjeux-de-la-coupe-du-ronier-a-bougarila-mali-aout-2022\/\">Stakes of the roast tree harvest in Bougarila (Mali), August 2022<\/a><\/h4>\t\t<\/div>\n\t\t\t\t<\/div><div class=\"post_item_block  boc_owl_lazy \"><div class=\"pic \"><a href=\"https:\/\/www.donkosira.org\/en\/28998-revision-v1\/\"><img decoding=\"async\" src=\"https:\/\/i0.wp.com\/www.donkosira.org\/wp-content\/uploads\/2023\/01\/Capture-decran-2023-01-25-a-20.57.56.png?resize=600%2C380&#038;ssl=1\"\/><div class=\"img_overlay\"><span class=\"hover_icon icon_plus\"><\/span><\/div><\/a><\/div><div class=\"post_item_desc dark_links\"><h4><a href=\"https:\/\/www.donkosira.org\/en\/28998-revision-v1\/\">Cutting trees to make charcoal (Bougarila, Mali), October 2021<\/a><\/h4>\t\t<\/div>\n\t\t\t\t<\/div><div class=\"post_item_block  boc_owl_lazy \"><div class=\"pic \"><a href=\"https:\/\/www.donkosira.org\/en\/28875-revision-v1\/\"><img decoding=\"async\" src=\"https:\/\/i0.wp.com\/www.donkosira.org\/wp-content\/uploads\/2022\/11\/Capture-decran-2022-11-23-a-16.23.25.jpg?resize=600%2C380&#038;ssl=1\"\/><div class=\"img_overlay\"><span class=\"hover_icon icon_plus\"><\/span><\/div><\/a><\/div><div class=\"post_item_desc dark_links\"><h4><a href=\"https:\/\/www.donkosira.org\/en\/28875-revision-v1\/\">The difficulties in agriculture in Bougarilla (Mali), April 2021<\/a><\/h4>\t\t<\/div>\n\t\t\t\t<\/div><div class=\"post_item_block  boc_owl_lazy \"><div class=\"pic \"><a href=\"https:\/\/www.donkosira.org\/en\/28694-revision-v1\/\"><img decoding=\"async\" src=\"https:\/\/i0.wp.com\/www.donkosira.org\/wp-content\/uploads\/2022\/01\/Opera-Instantane%CC%81_2022-04-15_014119_www.youtube.com_.png?resize=600%2C380&#038;ssl=1\"\/><div class=\"img_overlay\"><span class=\"hover_icon icon_plus\"><\/span><\/div><\/a><\/div><div class=\"post_item_desc dark_links\"><h4><a href=\"https:\/\/www.donkosira.org\/en\/28694-revision-v1\/\">Using baobab leaves in Bougarila, Mali, April 2022<\/a><\/h4>\t\t<\/div>\n\t\t\t\t<\/div><div class=\"post_item_block  boc_owl_lazy \"><div class=\"pic \"><a href=\"https:\/\/www.donkosira.org\/en\/recolte-de-feuilles-de-baobab-a-bougarila-par-gaoussou-coulibaly-novembre-2021\/\"><img decoding=\"async\" src=\"https:\/\/i0.wp.com\/www.donkosira.org\/wp-content\/uploads\/2022\/01\/Opera-Instantane%CC%81_2022-04-15_014119_www.youtube.com_.png?resize=600%2C380&#038;ssl=1\"\/><div class=\"img_overlay\"><span class=\"hover_icon icon_plus\"><\/span><\/div><\/a><\/div><div class=\"post_item_desc dark_links\"><h4><a href=\"https:\/\/www.donkosira.org\/en\/recolte-de-feuilles-de-baobab-a-bougarila-par-gaoussou-coulibaly-novembre-2021\/\">Harvesting baobab leaves in Bougarila, November 2021<\/a><\/h4>\t\t<\/div>\n\t\t\t\t<\/div><div class=\"post_item_block  boc_owl_lazy \"><div class=\"pic \"><a href=\"https:\/\/www.donkosira.org\/en\/sorganiser-collectivement-a-bougarila-mali-par-gaoussou-coulibaly-novembre-2021\/\"><img decoding=\"async\" src=\"https:\/\/i0.wp.com\/www.donkosira.org\/wp-content\/uploads\/2021\/12\/Un-champ-collectif-a%CC%80-Bougarila-Novembre-2021.jpg?resize=600%2C380&#038;ssl=1\"\/><div class=\"img_overlay\"><span class=\"hover_icon icon_plus\"><\/span><\/div><\/a><\/div><div class=\"post_item_desc dark_links\"><h4><a href=\"https:\/\/www.donkosira.org\/en\/sorganiser-collectivement-a-bougarila-mali-par-gaoussou-coulibaly-novembre-2021\/\">&#8220;Organising collectively in Bougarila, Mali&#8221;, November 2021<\/a><\/h4>\t\t<\/div>\n\t\t\t\t<\/div><div class=\"post_item_block  boc_owl_lazy \"><div class=\"pic \"><a href=\"https:\/\/www.donkosira.org\/en\/fertiliser-les-sols-au-mali-bougarila-et-monzona-mali-mai-2021\/\"><img decoding=\"async\" src=\"https:\/\/i0.wp.com\/www.donkosira.org\/wp-content\/uploads\/2021\/07\/3-Engrais-Monzona.jpeg?resize=600%2C380&#038;ssl=1\"\/><div class=\"img_overlay\"><span class=\"hover_icon icon_plus\"><\/span><\/div><\/a><\/div><div class=\"post_item_desc dark_links\"><h4><a href=\"https:\/\/www.donkosira.org\/en\/fertiliser-les-sols-au-mali-bougarila-et-monzona-mali-mai-2021\/\">&#8220;Fertilizing the soil in Bougarila and Monzona, Mali&#8221;, May 2021<\/a><\/h4>\t\t<\/div>\n\t\t\t\t<\/div><div class=\"post_item_block  boc_owl_lazy \"><div class=\"pic \"><a href=\"https:\/\/www.donkosira.org\/en\/le-probleme-deau-a-bougarila-differentes-initiatives-pour-compenser-le-manque-deau-mali-avril-2021\/\"><img decoding=\"async\" src=\"https:\/\/i0.wp.com\/www.donkosira.org\/wp-content\/uploads\/2021\/05\/image_2021-05-20_232454.png?resize=600%2C380&#038;ssl=1\"\/><div class=\"img_overlay\"><span class=\"hover_icon icon_plus\"><\/span><\/div><\/a><\/div><div class=\"post_item_desc dark_links\"><h4><a href=\"https:\/\/www.donkosira.org\/en\/le-probleme-deau-a-bougarila-differentes-initiatives-pour-compenser-le-manque-deau-mali-avril-2021\/\">&#8220;The water problem in Bouiguarila: different initiatives to compensate for the lack of water&#8221; (Mali) &#8211; April 2021<\/a><\/h4>\t\t<\/div>\n\t\t\t\t<\/div><\/div><\/div>\n\t\t\t\t\t\t\t<!-- Posts Carousel -->\n\t\t\t\t\t\t\t<script type=\"text\/javascript\">\n\t\t\t\t\t\t\t\t\t\t\n\t\t\t\t\t\t\t\tjQuery(document).ready(function($) {\t\t\t\n\t\t\t\t\t\t\t\t\t\n\t\t\t\t\t\t\t\t\t\/\/ Load carousel after its images are loaded\n\t\t\t\t\t\t\t\t\tpreloadImages($(\"#posts_carousel_3190 img\"), function () {\n\t\t\t\t\t\t\t\t\t\t\n\t\t\t\t\t\t\t\t\t\tvar carousel = $(\"#posts_carousel_3190\");\n\t\t\t\t\t\t\t\t\t\t\n\t\t\t\t\t\t\t\t\t\tvar args = {\n\t\t\t\t\t\t\t\t\t\t\titems: \t\t\t\t4,\n\t\t\t\t\t\t\t\t\t\t\tautoplay:\t\t\tfalse,\n\t\t\t\t\t\t\t\t\t\t\tautoplayTimeout:\t6000,\n\t\t\t\t\t\t\t\t\t\t\tloop: \t\t\t\tfalse,\n\t\t\t\t\t\t\t\t\t\t\tnav: \t\t\t\ttrue,\n\t\t\t\t\t\t\t\t\t\t\tdots: \t\t\t\tfalse,\n\t\t\t\t\t\t\t\t\t\t\tautoHeight: \t\tfalse,\n\t\t\t\t\t\t\t\t\t\t\tnavText:\t\t\t[\"<span class='icon icon-arrow-left7'><\/span>\",\"<span class='icon icon-arrow-right7'><\/span>\"],\n\t\t\t\t\t\t\t\t\t\t\tslideBy: \t\t\t1,\n\t\t\t\t\t\t\t\t\t\t\t\n\t\t\t\t\t\t\t\t\t\t\tnavRewind: false,\n\t\t\t\t\t\t\t\t\t\t\trtl : \t\t\t\tfalse,\n\t\t\t\t\t\t\t\t\t\t\tmargin:30,\n\t\t\t\t\t\t\t\t\t\t\tresponsive:{\n\t\t\t\t\t\t\t\t\t\t\t\t0:{\n\t\t\t\t\t\t\t\t\t\t\t\t  items:1,\n\t\t\t\t\t\t\t\t\t\t\t\t},\n\t\t\t\t\t\t\t\t\t\t\t\t480:{\n\t\t\t\t\t\t\t\t\t\t\t\t  items:1,\n\t\t\t\t\t\t\t\t\t\t\t\t  margin:20,\n\t\t\t\t\t\t\t\t\t\t\t\t},\n\t\t\t\t\t\t\t\t\t\t\t\t769:{\n\t\t\t\t\t\t\t\t\t\t\t\t  items:4\n\t\t\t\t\t\t\t\t\t\t\t\t}\n\t\t\t\t\t\t\t\t\t\t\t},\n\t\t\t\t\t\t\t\t\t\t\tonInitialized:  showCarousel_3190\n\t\t\t\t\t\t\t\t\t\t};\n\n\t\t\t\t\t\t\t\t\t\tcarousel.owlCarousel(args);\n\n\t\t\t\t\t\t\t\t\t\tvar initital_width = carousel.css(\"width\");\n\t\t\t\t\t\t\t\t\t\t\n\t\t\t\t\t\t\t\t\t\t\/* Refresh it for full width rows *\/\n\t\t\t\t\t\t\t\t\t\t$(window).load(function(){\n\t\t\t\t\t\t\t\t\t\t\tif(carousel.css(\"width\") != initital_width) {\n\t\t\t\t\t\t\t\t\t\t\t\tcarousel.trigger(\"destroy.owl.carousel\").removeClass(\"owl-carousel owl-loaded\");\n\t\t\t\t\t\t\t\t\t\t\t\tcarousel.find(\".owl-stage-outer\").children().unwrap();\n\t\t\t\t\t\t\t\t\t\t\t\tcarousel.owlCarousel(args);\n\t\t\t\t\t\t\t\t\t\t\t}\n\t\t\t\t\t\t\t\t\t\t});\n\t\t\t\t\t\t\t\t\t});\n\t\t\t\t\t\t\t\t\t\n\t\t\t\t\t\t\t\t\t\n\t\t\t\t\t\t\t\t\t\/* Show once loaded *\/\n\t\t\t\t\t\t\t\t\tfunction showCarousel_3190() {\n\t\t\t\t\t\t\t\t\t\t$(\"#posts_carousel_3190\").fadeTo(0,1);\n\t\t\t\t\t\t\t\t\t\t$(\"#posts_carousel_3190 .owl-item .boc_owl_lazy\").css(\"opacity\",\"1\");\n\t\t\t\t\t\t\t\t\t}\n\t\t\t\t\t\t\t\t\t\n\t\t\t\t\t\t\t\t});\n\t\t\t\t\t\t\t\t\n\t\t\t\t\t\t\t<\/script>\n\t\t\t\t\t\t\t<!-- Posts Carousel :: END -->\t            \n\t\t\t\t\t<a\thref=\"https:\/\/www.donkosira.org\/savoirs-locaux-bouguarila\/\" \n\t\t\t\tclass=\"button btn_large btn_theme_color btn_rounded btn_outline    \"  target='_self'><span>Voir tous les articles li\u00e9s aux savoirs locaux de Bouguarila<\/span><\/a>[\/vc_column][\/vc_row][vc_row full_width=&#8221;stretch_row&#8221; bg_type=&#8221;bg_color&#8221; enable_overlay=&#8221;enable_overlay_value&#8221; overlay_color=&#8221;#00a0a5&#8243; el_class=&#8221;white_text&#8221; css=&#8221;.vc_custom_1599065796345{margin-bottom: 0px !important;padding-top: 20px !important;padding-bottom: 10px !important;}&#8221; bg_color_value=&#8221;#00a0a5&#8243;][vc_column]<h2 class=\"boc_heading  center  boc_subheading boc_animate_when_almost_visible boc_left-to-right\"  style=\"margin-bottom: 20px;margin-top: 0px;color: #ffffff;font-size: 27px;\"><span>\u00ab Donkosira : le chemin de la connaissance \u00bb<\/span><\/h2>[\/vc_column][\/vc_row]<\/p>\n","protected":false},"excerpt":{"rendered":"<p>[vc_row css=&#8221;.vc_custom_1606780493321{padding-top: 40px !important;padding-bottom: 10px !important;}&#8221;][vc_column width=&#8221;1\/2&#8243;][vc_gmaps link=&#8221;#E-8_JTNDaWZyYW1lJTIwc3JjJTNEJTIyaHR0cHMlM0ElMkYlMkZ3d3cuZ29vZ2xlLmNvbSUyRm1hcHMlMkZlbWJlZCUzRnBiJTNEJTIxMW0xOCUyMTFtMTIlMjExbTMlMjExZDc5OTI1OTUuMTg5Mzg5MTQlMjEyZC0xMC41OTc4NjY0MjExMjUwOTIlMjEzZDExLjk5OTc4MjI2MDQxNzkxJTIxMm0zJTIxMWYwJTIxMmYwJTIxM2YwJTIxM20yJTIxMWkxMDI0JTIxMmk3NjglMjE0ZjEzLjElMjEzbTMlMjExbTIlMjExczB4ZTRiZTFkNmI3M2Q0NGQ1JTI1M0EweDk5NTVjYjUyYzQ4NmZlMjglMjEyc0JvdWthcmlsYSUyMTVlMCUyMTNtMiUyMTFzZnIlMjEyc21sJTIxNHYxNjA4MjQyNTg0MTAyJTIxNW0yJTIxMXNmciUyMTJzbWwlMjIlMjB3aWR0aCUzRCUyMjYwMCUyMiUyMGhlaWdodCUzRCUyMjQ1MCUyMiUyMGZyYW1lYm9yZGVyJTNEJTIyMCUyMiUyMHN0eWxlJTNEJTIyYm9yZGVyJTNBMCUzQiUyMiUyMGFsbG93ZnVsbHNjcmVlbiUzRCUyMiUyMiUyMGFyaWEtaGlkZGVuJTNEJTIyZmFsc2UlMjIlMjB0YWJpbmRleCUzRCUyMjAlMjIlM0UlM0MlMkZpZnJhbWUlM0U=&#8221; css=&#8221;.vc_custom_1608242599206{border-radius: 1px !important;}&#8221;][\/vc_column][vc_column width=&#8221;1\/2&#8243; css=&#8221;.vc_custom_1598823234218{padding-right: 20px !important;padding-bottom: 80px !important;padding-left: 40px !important;}&#8221;][vc_column_text][\/vc_column_text][\/vc_column][\/vc_row][vc_row][vc_column][\/vc_column][\/vc_row][vc_row][vc_column][vc_row_inner][vc_column_inner width=&#8221;1\/6&#8243;][\/vc_column_inner][vc_column_inner width=&#8221;1\/6&#8243;][\/vc_column_inner][vc_column_inner width=&#8221;1\/6&#8243;][\/vc_column_inner][vc_column_inner width=&#8221;1\/6&#8243;][\/vc_column_inner][vc_column_inner width=&#8221;1\/6&#8243;][\/vc_column_inner][vc_column_inner width=&#8221;1\/6&#8243;][\/vc_column_inner][\/vc_row_inner][\/vc_column][\/vc_row][vc_row][vc_column][\/vc_column][\/vc_row][vc_row][vc_column width=&#8221;1\/4&#8243;][\/vc_column][vc_column width=&#8221;3\/4&#8243;][\/vc_column][\/vc_row][vc_row full_width=&#8221;stretch_row&#8221; bg_type=&#8221;bg_color&#8221; enable_overlay=&#8221;enable_overlay_value&#8221; overlay_color=&#8221;#00a0a5&#8243; el_class=&#8221;white_text&#8221; css=&#8221;.vc_custom_1599065796345{margin-bottom: 0px !important;padding-top: 20px !important;padding-bottom: 10px !important;}&#8221; bg_color_value=&#8221;#00a0a5&#8243;][vc_column][\/vc_column][\/vc_row]<\/p>\n","protected":false},"author":1,"featured_media":0,"parent":23509,"menu_order":0,"comment_status":"closed","ping_status":"closed","template":"","meta":{"footnotes":""},"class_list":["post-26111","page","type-page","status-publish","hentry"],"translation":{"provider":"WPGlobus","version":"3.0.0","language":"en","enabled_languages":["fr","en"],"languages":{"fr":{"title":true,"content":true,"excerpt":false},"en":{"title":false,"content":false,"excerpt":false}}},"jetpack_likes_enabled":false,"jetpack_sharing_enabled":true,"_links":{"self":[{"href":"https:\/\/www.donkosira.org\/en\/wp-json\/wp\/v2\/pages\/26111","targetHints":{"allow":["GET"]}}],"collection":[{"href":"https:\/\/www.donkosira.org\/en\/wp-json\/wp\/v2\/pages"}],"about":[{"href":"https:\/\/www.donkosira.org\/en\/wp-json\/wp\/v2\/types\/page"}],"author":[{"embeddable":true,"href":"https:\/\/www.donkosira.org\/en\/wp-json\/wp\/v2\/users\/1"}],"replies":[{"embeddable":true,"href":"https:\/\/www.donkosira.org\/en\/wp-json\/wp\/v2\/comments?post=26111"}],"version-history":[{"count":0,"href":"https:\/\/www.donkosira.org\/en\/wp-json\/wp\/v2\/pages\/26111\/revisions"}],"up":[{"embeddable":true,"href":"https:\/\/www.donkosira.org\/en\/wp-json\/wp\/v2\/pages\/23509"}],"wp:attachment":[{"href":"https:\/\/www.donkosira.org\/en\/wp-json\/wp\/v2\/media?parent=26111"}],"curies":[{"name":"wp","href":"https:\/\/api.w.org\/{rel}","templated":true}]}}