{"id":25783,"date":"2020-11-24T21:18:56","date_gmt":"2020-11-24T21:18:56","guid":{"rendered":"http:\/\/donkosira.org\/?page_id=25783"},"modified":"2020-12-16T22:31:16","modified_gmt":"2020-12-16T22:31:16","slug":"binta-coulibaly","status":"publish","type":"page","link":"https:\/\/www.donkosira.org\/en\/notre-equipe\/binta-coulibaly\/","title":{"rendered":"Binta Coulibaly"},"content":{"rendered":"<p>[vc_row css=&#8221;.vc_custom_1606781482845{padding-top: 40px !important;padding-bottom: 10px !important;}&#8221;][vc_column width=&#8221;1\/2&#8243;][vc_single_image image=&#8221;25779&#8243;][\/vc_column][vc_column width=&#8221;1\/2&#8243; css=&#8221;.vc_custom_1598820990204{padding-right: 20px !important;padding-bottom: 80px !important;padding-left: 40px !important;}&#8221;]<h1 class=\"boc_heading no_text_transform letter_spacing_negative al_left  \"  style=\"margin-bottom: 8px;margin-top: 0px;color: #00a0a5;font-size: 33px;\"><span>Binta COULIBALY<\/span><\/h1><h3 class=\"boc_heading  al_left  boc_subheading \"  style=\"margin-bottom: 20px;margin-top: 0px;color: #adadad;font-size: 19px;\"><span>Assistante de projet<\/span><\/h3><div class=\"boc_divider_holder\"><div class=\"boc_divider  \"  style=\"margin-top: 22px;margin-bottom: 22px;width: 100px;height: 1px;background: #eeeeee;\"><\/div><\/div>[vc_column_text]<\/p>\n<p style=\"text-align: justify;\">Binta Coulibaly est n\u00e9e le 27 mai 1993 \u00e0 Kayes (Mali).<br \/>\n<strong>Profession :<\/strong> Juriste et entrepreneure agricole.<br \/>\n<strong>Dipl\u00f4me :<\/strong> Ma\u00eetrise en droit public option international<\/p>\n<p>[\/vc_column_text]<div class=\"boc_spacing \" style=\"height: 5px\"><\/div><div class=\"boc_divider_holder\"><div class=\"boc_divider  \"  style=\"margin-top: 22px;margin-bottom: 22px;width: 100px;height: 1px;background: #eeeeee;\"><\/div><\/div>[vc_column_text]<em>Email : hawababadyna@gmail.com<\/em><br \/>\nAdressse : Kayes kamankol\u00e9<br \/>\nT\u00e9l. : +223 74 06 96 89[\/vc_column_text][\/vc_column][\/vc_row][vc_row][vc_column]<div class=\"boc_spacing \" style=\"height: 40px\"><\/div>[\/vc_column][\/vc_row][vc_row full_width=&#8221;stretch_row&#8221; bg_type=&#8221;bg_color&#8221; enable_overlay=&#8221;enable_overlay_value&#8221; overlay_color=&#8221;#00a0a5&#8243; css=&#8221;.vc_custom_1599068405991{margin-bottom: 0px !important;padding-top: 20px !important;padding-bottom: 10px !important;}&#8221; el_class=&#8221;white_text&#8221; bg_color_value=&#8221;#00a0a5&#8243;][vc_column]<h2 class=\"boc_heading  center  boc_subheading boc_animate_when_almost_visible boc_left-to-right\"  style=\"margin-bottom: 20px;margin-top: 0px;color: #ffffff;font-size: 27px;\"><span>\u00ab Donkosira : le chemin de la connaissance \u00bb<\/span><\/h2>[\/vc_column][\/vc_row]<\/p>\n","protected":false},"excerpt":{"rendered":"<p>[vc_row css=&#8221;.vc_custom_1606781482845{padding-top: 40px !important;padding-bottom: 10px !important;}&#8221;][vc_column width=&#8221;1\/2&#8243;][vc_single_image image=&#8221;25779&#8243;][\/vc_column][vc_column width=&#8221;1\/2&#8243; css=&#8221;.vc_custom_1598820990204{padding-right: 20px !important;padding-bottom: 80px !important;padding-left: 40px !important;}&#8221;][vc_column_text] Binta Coulibaly est n\u00e9e le 27 mai 1993 \u00e0 Kayes (Mali). Profession : Juriste et entrepreneure agricole. Dipl\u00f4me : Ma\u00eetrise en droit public option international [\/vc_column_text][vc_column_text]Email : hawababadyna@gmail.com Adressse : Kayes kamankol\u00e9 T\u00e9l. : +223 74 06 96 89[\/vc_column_text][\/vc_column][\/vc_row][vc_row][vc_column][\/vc_column][\/vc_row][vc_row full_width=&#8221;stretch_row&#8221; bg_type=&#8221;bg_color&#8221; enable_overlay=&#8221;enable_overlay_value&#8221; overlay_color=&#8221;#00a0a5&#8243; css=&#8221;.vc_custom_1599068405991{margin-bottom:<\/p>\n<div class=\"h10\"><\/div>\n<p><a class=\"more-link1\" href=\"https:\/\/www.donkosira.org\/en\/notre-equipe\/binta-coulibaly\/\">Lire plus<\/a><\/p>\n","protected":false},"author":1,"featured_media":0,"parent":23104,"menu_order":4,"comment_status":"closed","ping_status":"closed","template":"","meta":{"footnotes":""},"class_list":["post-25783","page","type-page","status-publish","hentry"],"translation":{"provider":"WPGlobus","version":"3.0.0","language":"en","enabled_languages":["fr","en"],"languages":{"fr":{"title":true,"content":true,"excerpt":false},"en":{"title":false,"content":false,"excerpt":false}}},"jetpack_likes_enabled":false,"jetpack_sharing_enabled":true,"_links":{"self":[{"href":"https:\/\/www.donkosira.org\/en\/wp-json\/wp\/v2\/pages\/25783","targetHints":{"allow":["GET"]}}],"collection":[{"href":"https:\/\/www.donkosira.org\/en\/wp-json\/wp\/v2\/pages"}],"about":[{"href":"https:\/\/www.donkosira.org\/en\/wp-json\/wp\/v2\/types\/page"}],"author":[{"embeddable":true,"href":"https:\/\/www.donkosira.org\/en\/wp-json\/wp\/v2\/users\/1"}],"replies":[{"embeddable":true,"href":"https:\/\/www.donkosira.org\/en\/wp-json\/wp\/v2\/comments?post=25783"}],"version-history":[{"count":0,"href":"https:\/\/www.donkosira.org\/en\/wp-json\/wp\/v2\/pages\/25783\/revisions"}],"up":[{"embeddable":true,"href":"https:\/\/www.donkosira.org\/en\/wp-json\/wp\/v2\/pages\/23104"}],"wp:attachment":[{"href":"https:\/\/www.donkosira.org\/en\/wp-json\/wp\/v2\/media?parent=25783"}],"curies":[{"name":"wp","href":"https:\/\/api.w.org\/{rel}","templated":true}]}}