{"id":25776,"date":"2020-11-24T21:11:03","date_gmt":"2020-11-24T21:11:03","guid":{"rendered":"http:\/\/donkosira.org\/?page_id=25776"},"modified":"2026-01-07T07:30:55","modified_gmt":"2026-01-07T07:30:55","slug":"assa-waly-diakite","status":"publish","type":"page","link":"https:\/\/www.donkosira.org\/en\/notre-equipe\/assa-waly-diakite\/","title":{"rendered":"Assa Waly Diakit\u00e9"},"content":{"rendered":"<p>[vc_row css=&#8221;.vc_custom_1606781287623{padding-top: 40px !important;padding-bottom: 10px !important;}&#8221;][vc_column width=&#8221;1\/2&#8243;][vc_single_image image=&#8221;25778&#8243;][\/vc_column][vc_column width=&#8221;1\/2&#8243; css=&#8221;.vc_custom_1598820990204{padding-right: 20px !important;padding-bottom: 80px !important;padding-left: 40px !important;}&#8221;]<h1 class=\"boc_heading no_text_transform letter_spacing_negative al_left  \"  style=\"margin-bottom: 8px;margin-top: 0px;color: #00a0a5;font-size: 33px;\"><span>Assa Waly DIAKITE<\/span><\/h1><h3 class=\"boc_heading  al_left  boc_subheading \"  style=\"margin-bottom: 20px;margin-top: 0px;color: #adadad;font-size: 19px;\"><span>Secr\u00e9taire G\u00e9n\u00e9rale<\/span><\/h3><div class=\"boc_divider_holder\"><div class=\"boc_divider  \"  style=\"margin-top: 22px;margin-bottom: 22px;width: 100px;height: 1px;background: #eeeeee;\"><\/div><\/div>[vc_column_text]Assa Waly Diakit\u00e9 , n\u00e9e le 22\u00a0 octobre 2000 \u00e0 Nioro du Sahel (Kayes-Mali)<br \/>\n<strong>Profession :<\/strong> Manager en Marketing de vente<br \/>\n<strong>Dipl\u00f4me :<\/strong> en marketing et vente<br \/>\n<strong>Formation :<\/strong> en leadership, montage de projet, para-juridisme<\/p>\n<p><strong>Exp\u00e9riences professionnelles :<\/strong> charg\u00e9e de stand, garde d&#8217;enfants \u00e0 la maison des petits, partisane de l&#8217;association Ange du c\u0153ur.[\/vc_column_text]<div class=\"boc_spacing \" style=\"height: 5px\"><\/div><div class=\"boc_divider_holder\"><div class=\"boc_divider  \"  style=\"margin-top: 22px;margin-bottom: 22px;width: 100px;height: 1px;background: #eeeeee;\"><\/div><\/div>[vc_column_text]<em>\u00a0Email : assadiaki55@gmail. com<\/em><br \/>\nTel : 92200616[\/vc_column_text][\/vc_column][\/vc_row][vc_row][vc_column]<div class=\"boc_spacing \" style=\"height: 40px\"><\/div>[\/vc_column][\/vc_row][vc_row full_width=&#8221;stretch_row&#8221; bg_type=&#8221;bg_color&#8221; enable_overlay=&#8221;enable_overlay_value&#8221; overlay_color=&#8221;#00a0a5&#8243; css=&#8221;.vc_custom_1599068405991{margin-bottom: 0px !important;padding-top: 20px !important;padding-bottom: 10px !important;}&#8221; el_class=&#8221;white_text&#8221; bg_color_value=&#8221;#00a0a5&#8243;][vc_column]<h2 class=\"boc_heading  center  boc_subheading boc_animate_when_almost_visible boc_left-to-right\"  style=\"margin-bottom: 20px;margin-top: 0px;color: #ffffff;font-size: 27px;\"><span>\u00ab Donkosira : le chemin de la connaissance \u00bb<\/span><\/h2>[\/vc_column][\/vc_row]<\/p>\n","protected":false},"excerpt":{"rendered":"<p>[vc_row css=&#8221;.vc_custom_1606781287623{padding-top: 40px !important;padding-bottom: 10px !important;}&#8221;][vc_column width=&#8221;1\/2&#8243;][vc_single_image image=&#8221;25778&#8243;][\/vc_column][vc_column width=&#8221;1\/2&#8243; css=&#8221;.vc_custom_1598820990204{padding-right: 20px !important;padding-bottom: 80px !important;padding-left: 40px !important;}&#8221;][vc_column_text]Assa Waly Diakit\u00e9 , n\u00e9e le 22\u00a0 octobre 2000 \u00e0 Nioro du Sahel (Kayes-Mali) Profession : Manager en Marketing de vente Dipl\u00f4me : en marketing et vente Formation : en leadership, montage de projet, para-juridisme Exp\u00e9riences professionnelles : charg\u00e9e de stand, garde d&#8217;enfants \u00e0 la<\/p>\n<div class=\"h10\"><\/div>\n<p><a class=\"more-link1\" href=\"https:\/\/www.donkosira.org\/en\/notre-equipe\/assa-waly-diakite\/\">Lire plus<\/a><\/p>\n","protected":false},"author":1,"featured_media":0,"parent":23104,"menu_order":4,"comment_status":"closed","ping_status":"closed","template":"","meta":{"footnotes":""},"class_list":["post-25776","page","type-page","status-publish","hentry"],"translation":{"provider":"WPGlobus","version":"3.0.0","language":"en","enabled_languages":["fr","en"],"languages":{"fr":{"title":true,"content":true,"excerpt":false},"en":{"title":false,"content":false,"excerpt":false}}},"jetpack_likes_enabled":false,"jetpack_sharing_enabled":true,"_links":{"self":[{"href":"https:\/\/www.donkosira.org\/en\/wp-json\/wp\/v2\/pages\/25776","targetHints":{"allow":["GET"]}}],"collection":[{"href":"https:\/\/www.donkosira.org\/en\/wp-json\/wp\/v2\/pages"}],"about":[{"href":"https:\/\/www.donkosira.org\/en\/wp-json\/wp\/v2\/types\/page"}],"author":[{"embeddable":true,"href":"https:\/\/www.donkosira.org\/en\/wp-json\/wp\/v2\/users\/1"}],"replies":[{"embeddable":true,"href":"https:\/\/www.donkosira.org\/en\/wp-json\/wp\/v2\/comments?post=25776"}],"version-history":[{"count":1,"href":"https:\/\/www.donkosira.org\/en\/wp-json\/wp\/v2\/pages\/25776\/revisions"}],"predecessor-version":[{"id":29709,"href":"https:\/\/www.donkosira.org\/en\/wp-json\/wp\/v2\/pages\/25776\/revisions\/29709"}],"up":[{"embeddable":true,"href":"https:\/\/www.donkosira.org\/en\/wp-json\/wp\/v2\/pages\/23104"}],"wp:attachment":[{"href":"https:\/\/www.donkosira.org\/en\/wp-json\/wp\/v2\/media?parent=25776"}],"curies":[{"name":"wp","href":"https:\/\/api.w.org\/{rel}","templated":true}]}}