{"id":25670,"date":"2020-11-17T00:02:48","date_gmt":"2020-11-16T23:02:48","guid":{"rendered":"http:\/\/donkosira.kasartmedia.com\/?page_id=25670"},"modified":"2022-06-29T13:42:46","modified_gmt":"2022-06-29T13:42:46","slug":"projets","status":"publish","type":"page","link":"https:\/\/www.donkosira.org\/en\/projets\/","title":{"rendered":"Projets"},"content":{"rendered":"<p>[vc_row css=&#8221;.vc_custom_1606779615120{padding-top: 20px !important;padding-bottom: 10px !important;}&#8221;][vc_column]<h2 class=\"boc_heading  al_left  boc_animate_when_almost_visible boc_fade-in\"  style=\"margin-bottom: 8px;margin-top: 0px;color: #333333;font-size: 44px;\"><span>Nos projets \u201csavoirs locaux villageois\u201d<\/span><\/h2><div class=\"boc_divider_holder\"><div class=\"boc_divider  \"  style=\"margin-top: 20px;margin-bottom: 20px;height: 1px;background: #eeeeee;\"><\/div><\/div><div class=\"boc_spacing \" style=\"height: 10px\"><\/div>[\/vc_column][\/vc_row][vc_row enable_overlay=&#8221;off&#8221; el_class=&#8221;no_text_transform&#8221;][vc_column width=&#8221;1\/3&#8243; css=&#8221;.vc_custom_1436125124564{padding-bottom: 40px !important;}&#8221;]\n\t\t\t\t<a target=\"_self\" href=\"http:\/\/donkosira.org\/projets\/watigueleya-kele\/\"  class=\"pic_info_link_type3\">\n\t\t\t\t  <div class=\"boc_image_box portfolio_animator_class  boc_animate_when_almost_visible boc_fade-in\">\n\t\t\t\t\t<div class=\"pic_info type3\">\n\t\t\t\t\t\t<div class=\"pic  img_hover_effect1\"><div class=\"plus_overlay\"><\/div><div class=\"plus_overlay_icon\"><\/div>\n\t\t\t\t\t\t<img loading=\"lazy\" decoding=\"async\" width=\"600\" height=\"380\" src=\"https:\/\/i0.wp.com\/www.donkosira.org\/wp-content\/uploads\/2020\/11\/logo-WT-def.jpg?resize=600%2C380&amp;ssl=1\" class=\"attachment-boc_medium size-boc_medium\" alt=\"\" \/>\n\t\t\t\t\t\t<div class=\"img_overlay_icon\"><span class=\"portfolio_icon icon_link\"><\/span><\/div><\/div>\n\t\t\t\t\t\t<div class=\"info_overlay\">\n\t\t\t\t\t\t\t<div class=\"info_overlay_padding\">\n\t\t\t\t\t\t\t\t<div class=\"info_desc\">\n\t\t\t\t\t\t\t\t\t<span class=\"portfolio_icon icon_link\"><\/span>\t\t\t\t\n\t\t\t\t\t\t\t\t\t<h3>WATIGELUEYA K\u00c8L\u00ca : R\u00e9silience Climatique \u00c9quitable en Afrique de l\u2019Ouest<\/h3>\n\t\t\t\t\t\t\t\t\t<p><\/p>\n\t\t\t\t\t\t\t\t<\/div>\n\t\t\t\t\t\t\t<\/div>\n\t\t\t\t\t\t<\/div>\n\t\t\t\t\t<\/div>\n\t\t\t\t  <\/div>\n\t\t\t\t<\/a>\n\t\t\t[\/vc_column][vc_column width=&#8221;1\/3&#8243; css=&#8221;.vc_custom_1436125130599{padding-bottom: 40px !important;}&#8221;]\n\t\t\t\t<a target=\"_self\" href=\"http:\/\/donkosira.org\/projets\/emifo\/\"  class=\"pic_info_link_type4\">\n\t\t\t\t  <div class=\"boc_image_box portfolio_animator_class  boc_animate_when_almost_visible boc_fade-in\">\n\t\t\t\t\t<div class=\"pic_info type4\">\n\t\t\t\t\t\t<div class=\"pic  img_hover_effect1\"><div class=\"plus_overlay\"><\/div><div class=\"plus_overlay_icon\"><\/div>\n\t\t\t\t\t\t<img loading=\"lazy\" decoding=\"async\" width=\"568\" height=\"380\" src=\"https:\/\/i0.wp.com\/www.donkosira.org\/wp-content\/uploads\/2020\/11\/103933006_114889910259424_3733912888571194305_n.jpg?resize=568%2C380&amp;ssl=1\" class=\"attachment-boc_medium size-boc_medium\" alt=\"\" \/>\n\t\t\t\t\t\t<div class=\"img_overlay_icon\"><span class=\"portfolio_icon icon_link\"><\/span><\/div><\/div>\n\t\t\t\t\t\t<div class=\"info_overlay\">\n\t\t\t\t\t\t\t<div class=\"info_overlay_padding\">\n\t\t\t\t\t\t\t\t<div class=\"info_desc\">\n\t\t\t\t\t\t\t\t\t<span class=\"portfolio_icon icon_link\"><\/span>\t\t\t\t\n\t\t\t\t\t\t\t\t\t<h3>Esclavage et migration forc\u00e9e dans la r\u00e9gion de Kayes au Mali<\/h3>\n\t\t\t\t\t\t\t\t\t<p><\/p>\n\t\t\t\t\t\t\t\t<\/div>\n\t\t\t\t\t\t\t<\/div>\n\t\t\t\t\t\t<\/div>\n\t\t\t\t\t<\/div>\n\t\t\t\t  <\/div>\n\t\t\t\t<\/a>\n\t\t\t[\/vc_column][vc_column width=&#8221;1\/3&#8243;]\n\t\t\t\t<a target=\"_self\" href=\"http:\/\/donkosira.org\/projets\/visualiser-liberte\/\"  class=\"pic_info_link_type3\">\n\t\t\t\t  <div class=\"boc_image_box portfolio_animator_class  boc_animate_when_almost_visible boc_fade-in\">\n\t\t\t\t\t<div class=\"pic_info type3\">\n\t\t\t\t\t\t<div class=\"pic  img_hover_effect1\"><div class=\"plus_overlay\"><\/div><div class=\"plus_overlay_icon\"><\/div>\n\t\t\t\t\t\t<img loading=\"lazy\" decoding=\"async\" width=\"600\" height=\"380\" src=\"https:\/\/i0.wp.com\/www.donkosira.org\/wp-content\/uploads\/2020\/08\/IMG_4611.jpg?resize=600%2C380&amp;ssl=1\" class=\"attachment-boc_medium size-boc_medium\" alt=\"\" srcset=\"https:\/\/i0.wp.com\/www.donkosira.org\/wp-content\/uploads\/2020\/08\/IMG_4611.jpg?resize=600%2C380&amp;ssl=1 600w, https:\/\/i0.wp.com\/www.donkosira.org\/wp-content\/uploads\/2020\/08\/IMG_4611.jpg?zoom=2&amp;resize=600%2C380&amp;ssl=1 1200w\" sizes=\"auto, (max-width: 600px) 100vw, 600px\" \/>\n\t\t\t\t\t\t<div class=\"img_overlay_icon\"><span class=\"portfolio_icon icon_link\"><\/span><\/div><\/div>\n\t\t\t\t\t\t<div class=\"info_overlay\">\n\t\t\t\t\t\t\t<div class=\"info_overlay_padding\">\n\t\t\t\t\t\t\t\t<div class=\"info_desc\">\n\t\t\t\t\t\t\t\t\t<span class=\"portfolio_icon icon_link\"><\/span>\t\t\t\t\n\t\t\t\t\t\t\t\t\t<h3>Visualiser Libert\u00e9 : Production d\u2019un roman graphique et d\u2019un film d\u2019animation sur l\u2019histoire de la r\u00e9sistance \u00e0 l\u2019esclavage \u00e0 Kayes, Mali<\/h3>\n\t\t\t\t\t\t\t\t\t<p><\/p>\n\t\t\t\t\t\t\t\t<\/div>\n\t\t\t\t\t\t\t<\/div>\n\t\t\t\t\t\t<\/div>\n\t\t\t\t\t<\/div>\n\t\t\t\t  <\/div>\n\t\t\t\t<\/a>\n\t\t\t[\/vc_column][\/vc_row][vc_row enable_overlay=&#8221;off&#8221; el_class=&#8221;no_text_transform&#8221;][vc_column width=&#8221;1\/3&#8243; css=&#8221;.vc_custom_1436125124564{padding-bottom: 40px !important;}&#8221;]\n\t\t\t\t<a target=\"_self\" href=\"http:\/\/donkosira.org\/projets\/resilience\/\"  class=\"pic_info_link_type3\">\n\t\t\t\t  <div class=\"boc_image_box portfolio_animator_class  boc_animate_when_almost_visible boc_fade-in\">\n\t\t\t\t\t<div class=\"pic_info type3\">\n\t\t\t\t\t\t<div class=\"pic  img_hover_effect1\"><div class=\"plus_overlay\"><\/div><div class=\"plus_overlay_icon\"><\/div>\n\t\t\t\t\t\t<img loading=\"lazy\" decoding=\"async\" width=\"600\" height=\"380\" src=\"https:\/\/i0.wp.com\/www.donkosira.org\/wp-content\/uploads\/2020\/08\/cropped-phot1.jpg?resize=600%2C380&amp;ssl=1\" class=\"attachment-boc_medium size-boc_medium\" alt=\"\" srcset=\"https:\/\/i0.wp.com\/www.donkosira.org\/wp-content\/uploads\/2020\/08\/cropped-phot1.jpg?resize=600%2C380&amp;ssl=1 600w, https:\/\/i0.wp.com\/www.donkosira.org\/wp-content\/uploads\/2020\/08\/cropped-phot1.jpg?zoom=2&amp;resize=600%2C380&amp;ssl=1 1200w\" sizes=\"auto, (max-width: 600px) 100vw, 600px\" \/>\n\t\t\t\t\t\t<div class=\"img_overlay_icon\"><span class=\"portfolio_icon icon_link\"><\/span><\/div><\/div>\n\t\t\t\t\t\t<div class=\"info_overlay\">\n\t\t\t\t\t\t\t<div class=\"info_overlay_padding\">\n\t\t\t\t\t\t\t\t<div class=\"info_desc\">\n\t\t\t\t\t\t\t\t\t<span class=\"portfolio_icon icon_link\"><\/span>\t\t\t\t\n\t\t\t\t\t\t\t\t\t<h3>R\u00e9silience dans les communaut\u00e9s marginalis\u00e9es d\u2019Afrique de l\u2019Ouest<\/h3>\n\t\t\t\t\t\t\t\t\t<p><\/p>\n\t\t\t\t\t\t\t\t<\/div>\n\t\t\t\t\t\t\t<\/div>\n\t\t\t\t\t\t<\/div>\n\t\t\t\t\t<\/div>\n\t\t\t\t  <\/div>\n\t\t\t\t<\/a>\n\t\t\t[\/vc_column][vc_column width=&#8221;1\/3&#8243; css=&#8221;.vc_custom_1436125130599{padding-bottom: 40px !important;}&#8221;]\n\t\t\t\t<a target=\"_self\" href=\"https:\/\/www.donkosira.org\/projets\/djonya-kele-ja-toulon\/\"  class=\"pic_info_link_type3\">\n\t\t\t\t  <div class=\"boc_image_box portfolio_animator_class  boc_animate_when_almost_visible boc_fade-in\">\n\t\t\t\t\t<div class=\"pic_info type3\">\n\t\t\t\t\t\t<div class=\"pic  img_hover_effect1\"><div class=\"plus_overlay\"><\/div><div class=\"plus_overlay_icon\"><\/div>\n\t\t\t\t\t\t<img loading=\"lazy\" decoding=\"async\" width=\"600\" height=\"366\" src=\"https:\/\/i0.wp.com\/www.donkosira.org\/wp-content\/uploads\/2022\/06\/play-gddf538523_1920-ic.jpg?resize=600%2C366&amp;ssl=1\" class=\"attachment-boc_medium size-boc_medium\" alt=\"\" srcset=\"https:\/\/i0.wp.com\/www.donkosira.org\/wp-content\/uploads\/2022\/06\/play-gddf538523_1920-ic.jpg?w=600&amp;ssl=1 600w, https:\/\/i0.wp.com\/www.donkosira.org\/wp-content\/uploads\/2022\/06\/play-gddf538523_1920-ic.jpg?resize=300%2C183&amp;ssl=1 300w\" sizes=\"auto, (max-width: 600px) 100vw, 600px\" \/>\n\t\t\t\t\t\t<div class=\"img_overlay_icon\"><span class=\"portfolio_icon icon_link\"><\/span><\/div><\/div>\n\t\t\t\t\t\t<div class=\"info_overlay\">\n\t\t\t\t\t\t\t<div class=\"info_overlay_padding\">\n\t\t\t\t\t\t\t\t<div class=\"info_desc\">\n\t\t\t\t\t\t\t\t\t<span class=\"portfolio_icon icon_link\"><\/span>\t\t\t\t\n\t\t\t\t\t\t\t\t\t<h3>DJONYA K\u00c9L\u00c9 JA TOULON : \u00ab Gameurs contre l\u2019esclavage \u00bb\/\u201dGaming against slavery\u201d<\/h3>\n\t\t\t\t\t\t\t\t\t<p><\/p>\n\t\t\t\t\t\t\t\t<\/div>\n\t\t\t\t\t\t\t<\/div>\n\t\t\t\t\t\t<\/div>\n\t\t\t\t\t<\/div>\n\t\t\t\t  <\/div>\n\t\t\t\t<\/a>\n\t\t\t[\/vc_column][vc_column width=&#8221;1\/3&#8243;][\/vc_column][\/vc_row][vc_row full_width=&#8221;stretch_row&#8221; bg_type=&#8221;bg_color&#8221; enable_overlay=&#8221;enable_overlay_value&#8221; overlay_color=&#8221;#00a0a5&#8243; el_class=&#8221;white_text&#8221; css=&#8221;.vc_custom_1599075870573{margin-bottom: 0px !important;padding-top: 20px !important;padding-bottom: 10px !important;}&#8221; bg_color_value=&#8221;#00a0a5&#8243;][vc_column]<h2 class=\"boc_heading  center  boc_subheading boc_animate_when_almost_visible boc_left-to-right\"  style=\"margin-bottom: 20px;margin-top: 0px;color: #ffffff;font-size: 27px;\"><span>\u00ab Donkosira : le chemin de la connaissance \u00bb<\/span><\/h2>[\/vc_column][\/vc_row]<\/p>\n","protected":false},"excerpt":{"rendered":"<p>[vc_row css=&#8221;.vc_custom_1606779615120{padding-top: 20px !important;padding-bottom: 10px !important;}&#8221;][vc_column][\/vc_column][\/vc_row][vc_row enable_overlay=&#8221;off&#8221; el_class=&#8221;no_text_transform&#8221;][vc_column width=&#8221;1\/3&#8243; css=&#8221;.vc_custom_1436125124564{padding-bottom: 40px !important;}&#8221;][\/vc_column][vc_column width=&#8221;1\/3&#8243; css=&#8221;.vc_custom_1436125130599{padding-bottom: 40px !important;}&#8221;][\/vc_column][vc_column width=&#8221;1\/3&#8243;][\/vc_column][\/vc_row][vc_row enable_overlay=&#8221;off&#8221; el_class=&#8221;no_text_transform&#8221;][vc_column width=&#8221;1\/3&#8243; css=&#8221;.vc_custom_1436125124564{padding-bottom: 40px !important;}&#8221;][\/vc_column][vc_column width=&#8221;1\/3&#8243; css=&#8221;.vc_custom_1436125130599{padding-bottom: 40px !important;}&#8221;][\/vc_column][vc_column width=&#8221;1\/3&#8243;][\/vc_column][\/vc_row][vc_row full_width=&#8221;stretch_row&#8221; bg_type=&#8221;bg_color&#8221; enable_overlay=&#8221;enable_overlay_value&#8221; overlay_color=&#8221;#00a0a5&#8243; el_class=&#8221;white_text&#8221; css=&#8221;.vc_custom_1599075870573{margin-bottom: 0px !important;padding-top: 20px !important;padding-bottom: 10px !important;}&#8221; bg_color_value=&#8221;#00a0a5&#8243;][vc_column][\/vc_column][\/vc_row]<\/p>\n","protected":false},"author":1,"featured_media":0,"parent":0,"menu_order":0,"comment_status":"closed","ping_status":"closed","template":"","meta":{"footnotes":""},"class_list":["post-25670","page","type-page","status-publish","hentry"],"translation":{"provider":"WPGlobus","version":"3.0.0","language":"en","enabled_languages":["fr","en"],"languages":{"fr":{"title":true,"content":true,"excerpt":false},"en":{"title":false,"content":false,"excerpt":false}}},"jetpack_likes_enabled":false,"jetpack_sharing_enabled":true,"_links":{"self":[{"href":"https:\/\/www.donkosira.org\/en\/wp-json\/wp\/v2\/pages\/25670","targetHints":{"allow":["GET"]}}],"collection":[{"href":"https:\/\/www.donkosira.org\/en\/wp-json\/wp\/v2\/pages"}],"about":[{"href":"https:\/\/www.donkosira.org\/en\/wp-json\/wp\/v2\/types\/page"}],"author":[{"embeddable":true,"href":"https:\/\/www.donkosira.org\/en\/wp-json\/wp\/v2\/users\/1"}],"replies":[{"embeddable":true,"href":"https:\/\/www.donkosira.org\/en\/wp-json\/wp\/v2\/comments?post=25670"}],"version-history":[{"count":5,"href":"https:\/\/www.donkosira.org\/en\/wp-json\/wp\/v2\/pages\/25670\/revisions"}],"predecessor-version":[{"id":28843,"href":"https:\/\/www.donkosira.org\/en\/wp-json\/wp\/v2\/pages\/25670\/revisions\/28843"}],"wp:attachment":[{"href":"https:\/\/www.donkosira.org\/en\/wp-json\/wp\/v2\/media?parent=25670"}],"curies":[{"name":"wp","href":"https:\/\/api.w.org\/{rel}","templated":true}]}}