{"id":25406,"date":"2020-11-07T02:24:08","date_gmt":"2020-11-07T01:24:08","guid":{"rendered":"http:\/\/donkosira.kasartmedia.com\/?page_id=25406"},"modified":"2022-04-05T19:49:29","modified_gmt":"2022-04-05T19:49:29","slug":"visualiser-liberte","status":"publish","type":"page","link":"https:\/\/www.donkosira.org\/en\/projets\/visualiser-liberte\/","title":{"rendered":"Visualiser Libert\u00e9"},"content":{"rendered":"<p>[vc_row css=&#8221;.vc_custom_1606780338734{padding-top: 20px !important;padding-bottom: 10px !important;}&#8221;][vc_column width=&#8221;5\/6&#8243;]<h2 class=\"boc_heading  al_left  \"  style=\"margin-bottom: 8px;margin-top: 0px;color: #333333;font-size: 44px;\"><span><strong>Visualiser Libert\u00e9 : <\/strong> Production d\u2019un roman graphique et d\u2019un film d\u2019animation sur l\u2019histoire de la r\u00e9sistance \u00e0 l\u2019esclavage \u00e0 Kayes, Mali<\/span><\/h2><div class=\"boc_divider_holder\"><div class=\"boc_divider  \"  style=\"margin-top: 20px;margin-bottom: 20px;height: 1px;background: #eeeeee;\"><\/div><\/div><div class=\"boc_spacing \" style=\"height: 10px\"><\/div>[vc_column_text]<\/p>\n<p style=\"text-align: justify;\">Aujourd\u2019hui, l\u2019histoire de l\u2019esclavage interne est encore un sujet tabou en Afrique de l\u2019Ouest. Malgr\u00e9 ce tabou, il y a une demande des communaut\u00e9s locales de Kayes de mieux conna\u00eetre et comprendre ce pass\u00e9 compliqu\u00e9, d\u2019autant plus que les populations cat\u00e9goris\u00e9es localement comme \u00ab esclave \u00bb sont toujours discrimin\u00e9es et stigmatis\u00e9es au Mali aujourd\u2019hui. Ils sont parmi les plus vuln\u00e9rables aux incertitudes \u00e9conomiques et sont donc soumis \u00e0 un risque d\u2019exploitation \u00e9conomique suppl\u00e9mentaire, y compris \u00e0 des formes d\u2019esclavage moderne. Il s\u2019agit d\u2019un projet commun entre Donkosira et Marie Rodet et les villageois de Bouillagui (r\u00e9gion de Kayes) pour r\u00e9aliser un roman graphique, un film d\u2019animation, un web documentaire, et une application mobile sur l\u2019histoire du village de Bouillagui, qui a \u00e9t\u00e9 fond\u00e9, par des communaut\u00e9s anciennement r\u00e9duites en esclavage, suite \u00e0 une r\u00e9bellion contre leurs anciens ma\u00eetres dans la r\u00e9gion de Kayes, au Mali, dans les ann\u00e9es 1910.<\/p>\n<p>[\/vc_column_text][vc_single_image image=&#8221;25896&#8243;][vc_column_text]L\u2019objectif principal de ce projet est de capitaliser sur la r\u00e9sistance historique contre l\u2019esclavage \u00e0 Kayes (Mali), de produire des ressources sur les droits de l\u2019homme, la citoyennet\u00e9 et la justice sociale, de sensibiliser les jeunes g\u00e9n\u00e9rations \u00e0 l\u2019importance de lutter contre toutes les formes de discrimination et d\u2019exploitation , y compris l\u2019esclavage moderne.<\/p>\n<p>En rendant visible de mani\u00e8re accessible la r\u00e9sistance historique peu connue contre l\u2019esclavage dans leurs propres communaut\u00e9s sous une forme artistique et num\u00e9rique, les villageois sont reconnus comme des producteurs de connaissances \u00e0 part enti\u00e8re et donc des producteurs de solutions \u00e0 long terme pour leur propre communaut\u00e9.<\/p>\n<p><strong>Web documentaire Bouillagui, un village libre :<\/strong>[\/vc_column_text][vc_single_image alignment=&#8221;center&#8221; onclick=&#8221;custom_link&#8221; image=&#8221;26222&#8243; link=&#8221;http:\/\/bouillagui.soas.ac.uk\/#Boucle_de_d\u00e9part&#8221;][\/vc_column][vc_column width=&#8221;1\/6&#8243;][vc_widget_sidebar sidebar_id=&#8221;fortuna_default_sidebar&#8221;][\/vc_column][\/vc_row][vc_row enable_overlay=&#8221;off&#8221; el_class=&#8221;no_text_transform&#8221;][vc_column css=&#8221;.vc_custom_1436125124564{padding-bottom: 40px !important;}&#8221;]<div class=\"boc_spacing \" style=\"height: 20px\"><\/div><div class=\"boc_divider_holder\"><div class=\"boc_divider  \"  style=\"margin-top: px;margin-bottom: 0px;height: 1px;background: #eeeeee;\"><\/div><\/div>[\/vc_column][\/vc_row][vc_row][vc_column]<h2 class=\"boc_heading  center  \"  style=\"margin-bottom: 20px;margin-top: 0px;color: #333333;\"><span>Les partenaires du projet<\/span><\/h2><div class=\"logo_gallery \"><div class=\"grid_holder  small_spacing\" id=\"img_gallery_989c640d4218df2d752da6645111d805\"><div class=\"col span_1_of_5 info_item isotope_element \">\n\t\t\t\t\t\t\t<div class=\"pic \">\n\t\t\t\t\t\t<a href=\"javascript:void(0)\" style=\"cursor: default;\" >\n\t\t\t\t\t\t\t<img decoding=\"async\" src=\"https:\/\/i0.wp.com\/www.donkosira.org\/wp-content\/uploads\/2020\/10\/Donkosira.jpg?fit=170%2C140&#038;ssl=1\" alt=\"\"\/>\n\t\t\t\t\t\t<\/a><\/div>\n\t\t\t\t\t<\/div><div class=\"col span_1_of_5 info_item isotope_element \">\n\t\t\t\t\t\t\t<div class=\"pic \">\n\t\t\t\t\t\t<a href=\"javascript:void(0)\" style=\"cursor: default;\" >\n\t\t\t\t\t\t\t<img decoding=\"async\" src=\"https:\/\/i0.wp.com\/www.donkosira.org\/wp-content\/uploads\/2020\/10\/SOAS.jpg?fit=300%2C140&#038;ssl=1\" alt=\"\"\/>\n\t\t\t\t\t\t<\/a><\/div>\n\t\t\t\t\t<\/div><div class=\"col span_1_of_5 info_item isotope_element \">\n\t\t\t\t\t\t\t<div class=\"pic \">\n\t\t\t\t\t\t<a href=\"javascript:void(0)\" style=\"cursor: default;\" >\n\t\t\t\t\t\t\t<img decoding=\"async\" src=\"https:\/\/i0.wp.com\/www.donkosira.org\/wp-content\/uploads\/2021\/04\/AntiSlavery-KN.jpg?fit=690%2C231&#038;ssl=1\" alt=\"\"\/>\n\t\t\t\t\t\t<\/a><\/div>\n\t\t\t\t\t<\/div><div class=\"col span_1_of_5 info_item isotope_element \">\n\t\t\t\t\t\t\t<div class=\"pic \">\n\t\t\t\t\t\t<a href=\"javascript:void(0)\" style=\"cursor: default;\" >\n\t\t\t\t\t\t\t<img decoding=\"async\" src=\"https:\/\/i0.wp.com\/www.donkosira.org\/wp-content\/uploads\/2020\/08\/GCRF.jpg?fit=300%2C140&#038;ssl=1\" alt=\"\"\/>\n\t\t\t\t\t\t<\/a><\/div>\n\t\t\t\t\t<\/div><div class=\"col span_1_of_5 info_item isotope_element \">\n\t\t\t\t\t\t\t<div class=\"pic \">\n\t\t\t\t\t\t<a href=\"javascript:void(0)\" style=\"cursor: default;\" >\n\t\t\t\t\t\t\t<img decoding=\"async\" src=\"https:\/\/i0.wp.com\/www.donkosira.org\/wp-content\/uploads\/2021\/04\/UKRI_AHR_Council-Logo_Horiz-RGB-481x122-1.png?fit=481%2C122&#038;ssl=1\" alt=\"\"\/>\n\t\t\t\t\t\t<\/a><\/div>\n\t\t\t\t\t<\/div><\/div><\/div>[\/vc_column][\/vc_row][vc_row][vc_column]<div class=\"boc_spacing \" style=\"height: 40px\"><\/div>[\/vc_column][\/vc_row][vc_row full_width=&#8221;stretch_row&#8221; bg_type=&#8221;bg_color&#8221; enable_overlay=&#8221;enable_overlay_value&#8221; overlay_color=&#8221;#00a0a5&#8243; el_class=&#8221;white_text&#8221; css=&#8221;.vc_custom_1599075870573{margin-bottom: 0px !important;padding-top: 20px !important;padding-bottom: 10px !important;}&#8221; bg_color_value=&#8221;#00a0a5&#8243;][vc_column]<h2 class=\"boc_heading  center  boc_subheading boc_animate_when_almost_visible boc_left-to-right\"  style=\"margin-bottom: 20px;margin-top: 0px;color: #ffffff;font-size: 27px;\"><span>\u00ab Donkosira : le chemin de la connaissance \u00bb<\/span><\/h2>[\/vc_column][\/vc_row]<\/p>\n","protected":false},"excerpt":{"rendered":"<p>[vc_row css=&#8221;.vc_custom_1606780338734{padding-top: 20px !important;padding-bottom: 10px !important;}&#8221;][vc_column width=&#8221;5\/6&#8243;][vc_column_text] Aujourd\u2019hui, l\u2019histoire de l\u2019esclavage interne est encore un sujet tabou en Afrique de l\u2019Ouest. Malgr\u00e9 ce tabou, il y a une demande des communaut\u00e9s locales de Kayes de mieux conna\u00eetre et comprendre ce pass\u00e9 compliqu\u00e9, d\u2019autant plus que les populations cat\u00e9goris\u00e9es localement comme \u00ab esclave \u00bb sont toujours discrimin\u00e9es et stigmatis\u00e9es au Mali<\/p>\n<div class=\"h10\"><\/div>\n<p><a class=\"more-link1\" href=\"https:\/\/www.donkosira.org\/en\/projets\/visualiser-liberte\/\">Lire plus<\/a><\/p>\n","protected":false},"author":1,"featured_media":25895,"parent":25670,"menu_order":0,"comment_status":"closed","ping_status":"closed","template":"","meta":{"footnotes":""},"class_list":["post-25406","page","type-page","status-publish","has-post-thumbnail","hentry"],"translation":{"provider":"WPGlobus","version":"3.0.0","language":"en","enabled_languages":["fr","en"],"languages":{"fr":{"title":true,"content":true,"excerpt":false},"en":{"title":false,"content":false,"excerpt":false}}},"jetpack_likes_enabled":false,"jetpack_sharing_enabled":true,"_links":{"self":[{"href":"https:\/\/www.donkosira.org\/en\/wp-json\/wp\/v2\/pages\/25406","targetHints":{"allow":["GET"]}}],"collection":[{"href":"https:\/\/www.donkosira.org\/en\/wp-json\/wp\/v2\/pages"}],"about":[{"href":"https:\/\/www.donkosira.org\/en\/wp-json\/wp\/v2\/types\/page"}],"author":[{"embeddable":true,"href":"https:\/\/www.donkosira.org\/en\/wp-json\/wp\/v2\/users\/1"}],"replies":[{"embeddable":true,"href":"https:\/\/www.donkosira.org\/en\/wp-json\/wp\/v2\/comments?post=25406"}],"version-history":[{"count":0,"href":"https:\/\/www.donkosira.org\/en\/wp-json\/wp\/v2\/pages\/25406\/revisions"}],"up":[{"embeddable":true,"href":"https:\/\/www.donkosira.org\/en\/wp-json\/wp\/v2\/pages\/25670"}],"wp:featuredmedia":[{"embeddable":true,"href":"https:\/\/www.donkosira.org\/en\/wp-json\/wp\/v2\/media\/25895"}],"wp:attachment":[{"href":"https:\/\/www.donkosira.org\/en\/wp-json\/wp\/v2\/media?parent=25406"}],"curies":[{"name":"wp","href":"https:\/\/api.w.org\/{rel}","templated":true}]}}