{"id":25389,"date":"2020-11-07T01:49:33","date_gmt":"2020-11-07T00:49:33","guid":{"rendered":"http:\/\/donkosira.kasartmedia.com\/?page_id=25389"},"modified":"2022-06-10T05:50:38","modified_gmt":"2022-06-10T05:50:38","slug":"watigueleya-kele","status":"publish","type":"page","link":"https:\/\/www.donkosira.org\/en\/projets\/watigueleya-kele\/","title":{"rendered":"Watigueleya K\u00e8l\u00ea"},"content":{"rendered":"<p>[vc_row full_width=&#8221;stretch_row&#8221; parallax=&#8221;content-moving&#8221; parallax_image=&#8221;28803&#8243; bg_type=&#8221;bg_color&#8221; enable_overlay=&#8221;enable_overlay_value&#8221; overlay_color=&#8221;#00a0a5&#8243; seperator_enable=&#8221;off&#8221; ult_hide_row=&#8221;off&#8221; el_class=&#8221;white_text&#8221; css=&#8221;.vc_custom_1654840236444{margin-bottom: 0px !important;padding-top: 20px !important;padding-bottom: 5px !important;}&#8221;][vc_column width=&#8221;1\/4&#8243;][vc_single_image img_size=&#8221;medium&#8221; image=&#8221;26189&#8243;][\/vc_column][vc_column width=&#8221;3\/4&#8243;]<div class=\"boc_spacing \" style=\"height: 40px\"><\/div><h3 class=\"boc_heading  al_left  \"  style=\"margin-bottom: 8px;margin-top: 0px;color: #f9d000;font-size: 20px;\"><span>Projet actuel (2020-2023)<\/span><\/h3><h1 class=\"boc_heading  al_left  \"  style=\"margin-bottom: 8px;margin-top: 0px;color: #ffffff;font-size: 40px;\"><span>WATIGUELEYA K\u00c8L\u00ca : R\u00e9silience Climatique \u00c9quitable en Afrique de l\u2019Ouest<\/span><\/h1><h5 class=\"boc_heading  al_left  \"  style=\"margin-bottom: 8px;margin-top: 0px;color: #ffffff;font-size: 22px;\"><span>Programme de Recherche-Action Comparative (Mali, Guin\u00e9e et S\u00e9n\u00e9gal)<\/span><\/h5>[vc_row_inner][vc_column_inner width=&#8221;1\/3&#8243;]<div class=\"side_icon_box normal  \"><span class=\"icon_feat \" style=\"\"><i class=\"icon icon-facebook4\" style=\"color: #ffffff;\"><\/i><\/span><h3><a href=\"https:\/\/www.facebook.com\/DonkoSira\" target=\"_self\">Watigueleya k\u00e8l\u00ea sur Facebook<\/a><\/h3><div class=\"side_icon_box_content\"><\/div><\/div>[\/vc_column_inner][vc_column_inner width=&#8221;1\/3&#8243;]<div class=\"side_icon_box normal  \"><span class=\"icon_feat \" style=\"\"><i class=\"icon icon-twitter4\" style=\"color: #ffffff;\"><\/i><\/span><h3><a href=\"https:\/\/twitter.com\/donkosira\" target=\"_self\">Watigueleya k\u00e8l\u00ea sur Twitter<\/a><\/h3><div class=\"side_icon_box_content\"><\/div><\/div>[\/vc_column_inner][vc_column_inner width=&#8221;1\/3&#8243;]<div class=\"side_icon_box normal  \"><span class=\"icon_feat \" style=\"\"><i class=\"icon icon-youtube-square\" style=\"color: #ffffff;\"><\/i><\/span><h3><a href=\"https:\/\/www.youtube.com\/channel\/UCe6rMVusp0R6IGBcigXdPmA\" target=\"_self\">Watigueleya k\u00e8l\u00ea sur Youtube<\/a><\/h3><div class=\"side_icon_box_content\"><\/div><\/div>[\/vc_column_inner][\/vc_row_inner][\/vc_column][\/vc_row][vc_row parallax=&#8221;content-moving&#8221; bg_type=&#8221;bg_color&#8221; enable_overlay=&#8221;off&#8221; seperator_enable=&#8221;off&#8221; ult_hide_row=&#8221;off&#8221; el_class=&#8221;white_text&#8221; css=&#8221;.vc_custom_1618942483185{margin-bottom: 0px !important;padding-top: 5px !important;padding-bottom: 10px !important;border-radius: 1px !important;}&#8221; bg_color_value=&#8221;#ffffff&#8221;][vc_column parallax=&#8221;content-moving&#8221; width=&#8221;1\/2&#8243; css=&#8221;.vc_custom_1618941321011{padding-top: 10% !important;padding-right: 10% !important;padding-bottom: 10px !important;padding-left: 10% !important;}&#8221;]<h2 class=\"boc_heading  al_left  \"  style=\"margin-bottom: 8px;margin-top: 0px;color: #00a0a5;font-size: 24px;\"><span>Pr\u00e9sentation du projet<\/span><\/h2><div class=\"boc_divider_holder\"><div class=\"boc_divider  \"  style=\"margin-top: 20px;margin-bottom: 20px;width: 200px;height: 1px;background: #727272;\"><\/div><\/div>[vc_column_text]<\/p>\n<p style=\"text-align: justify;\"><span style=\"color: #000000;\">WATIGUELEYA K\u00c8L\u00ca (\u00ab affronter les catastrophes climatiques \u00bb en bambara) est un programme de recherche-action men\u00e9 en collaboration avec :<\/span><\/p>\n<p style=\"text-align: justify;\"><span style=\"color: #000000;\">DONKOSIRA \u2013 le chemin de la connaissance (Mali), association pour la promotion des savoirs villageois en Afrique de l\u2019Ouest ; SOAS, Universit\u00e9 de Londres (Royaume-Uni) ; Universit\u00e9 de Sussex (Royaume-Uni) et Sciences Po Bordeaux (France)&#8230;<\/span><\/p>\n<p>[\/vc_column_text]<a\thref=\"https:\/\/www.donkosira.org\/projets\/presentation-watigueleya-kele\/\" \n\t\t\t\tclass=\"button btn_medium btn_theme_color btn_rounded btn_outline    \"  target='_self'><span>Lire plus<\/span><\/a>[\/vc_column][vc_column width=&#8221;1\/2&#8243;][vc_row_inner][vc_column_inner]<div class=\"boc_spacing \" style=\"height: 20px\"><\/div>[vc_single_image img_size=&#8221;boc_medium&#8221; image=&#8221;26283&#8243;][\/vc_column_inner][\/vc_row_inner][\/vc_column][\/vc_row][vc_row][vc_column css=&#8221;.vc_custom_1618945765853{padding-top: 10% !important;padding-right: 10% !important;padding-bottom: 10px !important;padding-left: 10% !important;}&#8221;]<div class=\"boc_divider_holder\"><div class=\"boc_divider  \"  style=\"margin-top: px;margin-bottom: 0px;height: 1px;background: #eeeeee;\"><\/div><\/div>[\/vc_column][\/vc_row][vc_row][vc_column width=&#8221;1\/2&#8243; css=&#8221;.vc_custom_1618945765853{padding-top: 10% !important;padding-right: 10% !important;padding-bottom: 10px !important;padding-left: 10% !important;}&#8221;]<h2 class=\"boc_heading  al_left  \"  style=\"margin-bottom: 8px;margin-top: 0px;color: #00a0a5;font-size: 24px;\"><span>Documents<\/span><\/h2>[vc_single_image img_size=&#8221;boc_medium&#8221; image=&#8221;26299&#8243;][\/vc_column][vc_column width=&#8221;1\/2&#8243;][vc_column_text]<\/p>\n<p style=\"text-align: center;\"><div class=\"_df_book df-lite\" id=\"df_26302\"  _slug=\"\" data-title=\"depliant-watigueleya\" wpoptions=\"true\" thumbtype=\"\" ><\/div><script class=\"df-shortcode-script\" nowprocket type=\"application\/javascript\">window.option_df_26302 = {\"outline\":[],\"autoEnableOutline\":\"false\",\"autoEnableThumbnail\":\"false\",\"overwritePDFOutline\":\"false\",\"direction\":\"1\",\"pageSize\":\"0\",\"source\":\"https:\\\/\\\/www.donkosira.org\\\/wp-content\\\/uploads\\\/2021\\\/04\\\/De\\u0301pliant-watigueleya-web.pdf\",\"wpOptions\":\"true\"}; if(window.DFLIP && window.DFLIP.parseBooks){window.DFLIP.parseBooks();}<\/script><\/p>\n<p>[\/vc_column_text][\/vc_column][\/vc_row][vc_row enable_overlay=&#8221;off&#8221; el_class=&#8221;no_text_transform&#8221;][vc_column css=&#8221;.vc_custom_1436125124564{padding-bottom: 40px !important;}&#8221;]<div class=\"boc_divider_holder\"><div class=\"boc_divider  \"  style=\"margin-top: px;margin-bottom: 0px;height: 1px;background: #eeeeee;\"><\/div><\/div><div class=\"boc_spacing \" style=\"height: 5px\"><\/div>[\/vc_column][\/vc_row][vc_row css=&#8221;.vc_custom_1606780399165{padding-top: 20px !important;padding-bottom: 10px !important;}&#8221;][vc_column]<h2 class=\"boc_heading  al_left  bgr_multidotted  \"  style=\"margin-bottom: 20px;margin-top: 0px;color: #333333;\"><span>Actualit\u00e9<\/span><\/h2><div class=\"posts_carousel_holder \">\n\t\t\t\t\t\t<div id=\"posts_carousel_3302\" style=\"opacity:0;\"><div class=\"post_item_block  boc_owl_lazy \"><div class=\"pic  img_hover_effect2\"><a href=\"https:\/\/www.donkosira.org\/en\/la-protection-du-ronier-a-bouillagui-mali-fevrier-2023\/\"><img decoding=\"async\" src=\"https:\/\/i0.wp.com\/www.donkosira.org\/wp-content\/uploads\/2023\/08\/ronier.webp?resize=600%2C380&#038;ssl=1\"\/><div class=\"img_overlay\"><span class=\"hover_icon icon_plus\"><\/span><\/div><\/a><\/div><div class=\"post_item_desc dark_links\"><h4><a href=\"https:\/\/www.donkosira.org\/en\/la-protection-du-ronier-a-bouillagui-mali-fevrier-2023\/\">Protecting a palm tree in Bouillagui (Mali), February 2023<\/a><\/h4>\t\t<\/div>\n\t\t\t\t<\/div><div class=\"post_item_block  boc_owl_lazy \"><div class=\"pic  img_hover_effect2\"><a href=\"https:\/\/www.donkosira.org\/en\/la-couverture-dune-case-mandou-guinee-fevrier-2023\/\"><img decoding=\"async\" src=\"https:\/\/i0.wp.com\/www.donkosira.org\/wp-content\/uploads\/2023\/07\/Capture-decran-2023-07-26-a-13.54.20.png?resize=600%2C380&#038;ssl=1\"\/><div class=\"img_overlay\"><span class=\"hover_icon icon_plus\"><\/span><\/div><\/a><\/div><div class=\"post_item_desc dark_links\"><h4><a href=\"https:\/\/www.donkosira.org\/en\/la-couverture-dune-case-mandou-guinee-fevrier-2023\/\">The roofing of a hut (Mandou, Guinea), February 2023<\/a><\/h4>\t\t<\/div>\n\t\t\t\t<\/div><div class=\"post_item_block  boc_owl_lazy \"><div class=\"pic  img_hover_effect2\"><a href=\"https:\/\/www.donkosira.org\/en\/les-laboureurs-banzana-mali-fevrier-2023\/\"><img decoding=\"async\" src=\"https:\/\/i0.wp.com\/www.donkosira.org\/wp-content\/uploads\/2023\/07\/Capture-decran-2023-07-25-a-12.07.46.png?resize=600%2C380&#038;ssl=1\"\/><div class=\"img_overlay\"><span class=\"hover_icon icon_plus\"><\/span><\/div><\/a><\/div><div class=\"post_item_desc dark_links\"><h4><a href=\"https:\/\/www.donkosira.org\/en\/les-laboureurs-banzana-mali-fevrier-2023\/\">The ploughmen (Banzana, Mali), February 2023<\/a><\/h4>\t\t<\/div>\n\t\t\t\t<\/div><div class=\"post_item_block  boc_owl_lazy \"><div class=\"pic  img_hover_effect2\"><a href=\"https:\/\/www.donkosira.org\/en\/un-panneau-solaire-a-damaro-guinee-fevrier-2023\/\"><img decoding=\"async\" src=\"https:\/\/i0.wp.com\/www.donkosira.org\/wp-content\/uploads\/2023\/07\/Capture-decran-2023-07-21-a-09.27.36.png?resize=600%2C380&#038;ssl=1\"\/><div class=\"img_overlay\"><span class=\"hover_icon icon_plus\"><\/span><\/div><\/a><\/div><div class=\"post_item_desc dark_links\"><h4><a href=\"https:\/\/www.donkosira.org\/en\/un-panneau-solaire-a-damaro-guinee-fevrier-2023\/\">A solar panel in Damaro (Guinea), February 2023<\/a><\/h4>\t\t<\/div>\n\t\t\t\t<\/div><div class=\"post_item_block  boc_owl_lazy \"><div class=\"pic  img_hover_effect2\"><a href=\"https:\/\/www.donkosira.org\/en\/les-puits-et-les-cultures-maraicheres-damaro-guinee-fevrier-2023\/\"><img decoding=\"async\" src=\"https:\/\/i0.wp.com\/www.donkosira.org\/wp-content\/uploads\/2023\/07\/Capture-decran-2023-07-12-a-09.29.30.png?resize=600%2C380&#038;ssl=1\"\/><div class=\"img_overlay\"><span class=\"hover_icon icon_plus\"><\/span><\/div><\/a><\/div><div class=\"post_item_desc dark_links\"><h4><a href=\"https:\/\/www.donkosira.org\/en\/les-puits-et-les-cultures-maraicheres-damaro-guinee-fevrier-2023\/\">Wells and market gardens (Damaro, Guinea), February 2023<\/a><\/h4>\t\t<\/div>\n\t\t\t\t<\/div><div class=\"post_item_block  boc_owl_lazy \"><div class=\"pic  img_hover_effect2\"><a href=\"https:\/\/www.donkosira.org\/en\/income-generating-activities-for-women-monzona-mali-february-2023\/\"><img decoding=\"async\" src=\"https:\/\/i0.wp.com\/www.donkosira.org\/wp-content\/uploads\/2023\/07\/Capture-decran-2023-07-11-a-09.56.15.png?resize=600%2C380&#038;ssl=1\"\/><div class=\"img_overlay\"><span class=\"hover_icon icon_plus\"><\/span><\/div><\/a><\/div><div class=\"post_item_desc dark_links\"><h4><a href=\"https:\/\/www.donkosira.org\/en\/income-generating-activities-for-women-monzona-mali-february-2023\/\">Income-generating activities for women (Monzona, Mali), February 2023<\/a><\/h4>\t\t<\/div>\n\t\t\t\t<\/div><div class=\"post_item_block  boc_owl_lazy \"><div class=\"pic  img_hover_effect2\"><a href=\"https:\/\/www.donkosira.org\/en\/conte-bossoko-guinee-fevrier-2023\/\"><img decoding=\"async\" src=\"https:\/\/i0.wp.com\/www.donkosira.org\/wp-content\/uploads\/2023\/04\/WhatsApp-Image-2021-05-15-at-15.13.17-e1682001347740.jpeg?resize=600%2C380&#038;ssl=1\"\/><div class=\"img_overlay\"><span class=\"hover_icon icon_plus\"><\/span><\/div><\/a><\/div><div class=\"post_item_desc dark_links\"><h4><a href=\"https:\/\/www.donkosira.org\/en\/conte-bossoko-guinee-fevrier-2023\/\">Tale (Bossoko, Guinea), February 2023<\/a><\/h4>\t\t<\/div>\n\t\t\t\t<\/div><div class=\"post_item_block  boc_owl_lazy \"><div class=\"pic  img_hover_effect2\"><a href=\"https:\/\/www.donkosira.org\/en\/la-disparition-du-bois-de-forge-banzana-mali-fevrier-2023\/\"><img decoding=\"async\" src=\"https:\/\/i0.wp.com\/www.donkosira.org\/wp-content\/uploads\/2023\/07\/Capture-decran-2023-07-04-a-13.54.16.png?resize=600%2C380&#038;ssl=1\"\/><div class=\"img_overlay\"><span class=\"hover_icon icon_plus\"><\/span><\/div><\/a><\/div><div class=\"post_item_desc dark_links\"><h4><a href=\"https:\/\/www.donkosira.org\/en\/la-disparition-du-bois-de-forge-banzana-mali-fevrier-2023\/\">The disappearance of forge wood (Banzana, Mali), February 2023<\/a><\/h4>\t\t<\/div>\n\t\t\t\t<\/div><div class=\"post_item_block  boc_owl_lazy \"><div class=\"pic  img_hover_effect2\"><a href=\"https:\/\/www.donkosira.org\/en\/restauration-de-la-source-de-farako-mandou-guinee-fevrier-2023\/\"><img decoding=\"async\" src=\"https:\/\/i0.wp.com\/www.donkosira.org\/wp-content\/uploads\/2023\/07\/Capture-decran-2023-07-03-a-09.58.48.png?resize=600%2C380&#038;ssl=1\"\/><div class=\"img_overlay\"><span class=\"hover_icon icon_plus\"><\/span><\/div><\/a><\/div><div class=\"post_item_desc dark_links\"><h4><a href=\"https:\/\/www.donkosira.org\/en\/restauration-de-la-source-de-farako-mandou-guinee-fevrier-2023\/\">Restoration of the Farako spring (Mandou, Guinea), February 2023<\/a><\/h4>\t\t<\/div>\n\t\t\t\t<\/div><div class=\"post_item_block  boc_owl_lazy \"><div class=\"pic  img_hover_effect2\"><a href=\"https:\/\/www.donkosira.org\/en\/poeme-sur-lenvironnement-monzona-mali-fevrier-2023\/\"><img decoding=\"async\" src=\"https:\/\/i0.wp.com\/www.donkosira.org\/wp-content\/uploads\/2019\/02\/Les-femmes-a-Bouillagui-Mali-Monzona-Mali-Agnack-Petit-Senegal-et-Damaro-Guinee.jpg?resize=600%2C380&#038;ssl=1\"\/><div class=\"img_overlay\"><span class=\"hover_icon icon_plus\"><\/span><\/div><\/a><\/div><div class=\"post_item_desc dark_links\"><h4><a href=\"https:\/\/www.donkosira.org\/en\/poeme-sur-lenvironnement-monzona-mali-fevrier-2023\/\">Poem about the environment (Monzona, Mali), February 2023<\/a><\/h4>\t\t<\/div>\n\t\t\t\t<\/div><\/div><\/div>\n\t\t\t\t\t\t\t<!-- Posts Carousel -->\n\t\t\t\t\t\t\t<script type=\"text\/javascript\">\n\t\t\t\t\t\t\t\t\t\t\n\t\t\t\t\t\t\t\tjQuery(document).ready(function($) {\t\t\t\n\t\t\t\t\t\t\t\t\t\n\t\t\t\t\t\t\t\t\t\/\/ Load carousel after its images are loaded\n\t\t\t\t\t\t\t\t\tpreloadImages($(\"#posts_carousel_3302 img\"), function () {\n\t\t\t\t\t\t\t\t\t\t\n\t\t\t\t\t\t\t\t\t\tvar carousel = $(\"#posts_carousel_3302\");\n\t\t\t\t\t\t\t\t\t\t\n\t\t\t\t\t\t\t\t\t\tvar args = {\n\t\t\t\t\t\t\t\t\t\t\titems: \t\t\t\t3,\n\t\t\t\t\t\t\t\t\t\t\tautoplay:\t\t\ttrue,\n\t\t\t\t\t\t\t\t\t\t\tautoplayTimeout:\t6000,\n\t\t\t\t\t\t\t\t\t\t\tloop: \t\t\t\ttrue,\n\t\t\t\t\t\t\t\t\t\t\tnav: \t\t\t\ttrue,\n\t\t\t\t\t\t\t\t\t\t\tdots: \t\t\t\tfalse,\n\t\t\t\t\t\t\t\t\t\t\tautoHeight: \t\tfalse,\n\t\t\t\t\t\t\t\t\t\t\tnavText:\t\t\t[\"<span class='icon icon-arrow-left7'><\/span>\",\"<span class='icon icon-arrow-right7'><\/span>\"],\n\t\t\t\t\t\t\t\t\t\t\tslideBy: \t\t\t1,\n\t\t\t\t\t\t\t\t\t\t\t\n\t\t\t\t\t\t\t\t\t\t\tnavRewind: false,\n\t\t\t\t\t\t\t\t\t\t\trtl : \t\t\t\tfalse,\n\t\t\t\t\t\t\t\t\t\t\tmargin:30,\n\t\t\t\t\t\t\t\t\t\t\tresponsive:{\n\t\t\t\t\t\t\t\t\t\t\t\t0:{\n\t\t\t\t\t\t\t\t\t\t\t\t  items:1,\n\t\t\t\t\t\t\t\t\t\t\t\t},\n\t\t\t\t\t\t\t\t\t\t\t\t480:{\n\t\t\t\t\t\t\t\t\t\t\t\t  items:1,\n\t\t\t\t\t\t\t\t\t\t\t\t  margin:20,\n\t\t\t\t\t\t\t\t\t\t\t\t},\n\t\t\t\t\t\t\t\t\t\t\t\t769:{\n\t\t\t\t\t\t\t\t\t\t\t\t  items:3\n\t\t\t\t\t\t\t\t\t\t\t\t}\n\t\t\t\t\t\t\t\t\t\t\t},\n\t\t\t\t\t\t\t\t\t\t\tonInitialized:  showCarousel_3302\n\t\t\t\t\t\t\t\t\t\t};\n\n\t\t\t\t\t\t\t\t\t\tcarousel.owlCarousel(args);\n\n\t\t\t\t\t\t\t\t\t\tvar initital_width = carousel.css(\"width\");\n\t\t\t\t\t\t\t\t\t\t\n\t\t\t\t\t\t\t\t\t\t\/* Refresh it for full width rows *\/\n\t\t\t\t\t\t\t\t\t\t$(window).load(function(){\n\t\t\t\t\t\t\t\t\t\t\tif(carousel.css(\"width\") != initital_width) {\n\t\t\t\t\t\t\t\t\t\t\t\tcarousel.trigger(\"destroy.owl.carousel\").removeClass(\"owl-carousel owl-loaded\");\n\t\t\t\t\t\t\t\t\t\t\t\tcarousel.find(\".owl-stage-outer\").children().unwrap();\n\t\t\t\t\t\t\t\t\t\t\t\tcarousel.owlCarousel(args);\n\t\t\t\t\t\t\t\t\t\t\t}\n\t\t\t\t\t\t\t\t\t\t});\n\t\t\t\t\t\t\t\t\t});\n\t\t\t\t\t\t\t\t\t\n\t\t\t\t\t\t\t\t\t\n\t\t\t\t\t\t\t\t\t\/* Show once loaded *\/\n\t\t\t\t\t\t\t\t\tfunction showCarousel_3302() {\n\t\t\t\t\t\t\t\t\t\t$(\"#posts_carousel_3302\").fadeTo(0,1);\n\t\t\t\t\t\t\t\t\t\t$(\"#posts_carousel_3302 .owl-item .boc_owl_lazy\").css(\"opacity\",\"1\");\n\t\t\t\t\t\t\t\t\t}\n\t\t\t\t\t\t\t\t\t\n\t\t\t\t\t\t\t\t});\n\t\t\t\t\t\t\t\t\n\t\t\t\t\t\t\t<\/script>\n\t\t\t\t\t\t\t<!-- Posts Carousel :: END -->\t            \n\t\t\t\t\t[\/vc_column][\/vc_row][vc_row enable_overlay=&#8221;off&#8221; el_class=&#8221;no_text_transform&#8221;][vc_column css=&#8221;.vc_custom_1436125124564{padding-bottom: 40px !important;}&#8221;]<div class=\"boc_spacing \" style=\"height: 20px\"><\/div><div class=\"boc_divider_holder\"><div class=\"boc_divider  \"  style=\"margin-top: px;margin-bottom: 0px;height: 1px;background: #eeeeee;\"><\/div><\/div>[\/vc_column][\/vc_row][vc_row][vc_column]<h2 class=\"boc_heading  center  \"  style=\"margin-bottom: 20px;margin-top: 0px;color: #333333;\"><span>Les partenaires du projet<\/span><\/h2><div class=\"logo_gallery \"><div class=\"grid_holder  small_spacing\" id=\"img_gallery_21fa82dfc23a4a97b9e9e25218d72400\"><div class=\"col span_1_of_4 info_item isotope_element \">\n\t\t\t\t\t\t\t<div class=\"pic \">\n\t\t\t\t\t\t<a href=\"javascript:void(0)\" style=\"cursor: default;\" >\n\t\t\t\t\t\t\t<img decoding=\"async\" src=\"https:\/\/i0.wp.com\/www.donkosira.org\/wp-content\/uploads\/2020\/11\/logo-dksira.jpg?fit=372%2C140&#038;ssl=1\" alt=\"\"\/>\n\t\t\t\t\t\t<\/a><\/div>\n\t\t\t\t\t<\/div><div class=\"col span_1_of_4 info_item isotope_element \">\n\t\t\t\t\t\t\t<div class=\"pic \">\n\t\t\t\t\t\t<a href=\"javascript:void(0)\" style=\"cursor: default;\" >\n\t\t\t\t\t\t\t<img decoding=\"async\" src=\"https:\/\/i0.wp.com\/www.donkosira.org\/wp-content\/uploads\/2020\/10\/SOAS.jpg?fit=300%2C140&#038;ssl=1\" alt=\"\"\/>\n\t\t\t\t\t\t<\/a><\/div>\n\t\t\t\t\t<\/div><div class=\"col span_1_of_4 info_item isotope_element \">\n\t\t\t\t\t\t\t<div class=\"pic \">\n\t\t\t\t\t\t<a href=\"javascript:void(0)\" style=\"cursor: default;\" >\n\t\t\t\t\t\t\t<img decoding=\"async\" src=\"https:\/\/i0.wp.com\/www.donkosira.org\/wp-content\/uploads\/2020\/09\/LogoBordeaux.jpg?fit=300%2C140&#038;ssl=1\" alt=\"\"\/>\n\t\t\t\t\t\t<\/a><\/div>\n\t\t\t\t\t<\/div><div class=\"col span_1_of_4 info_item isotope_element \">\n\t\t\t\t\t\t\t<div class=\"pic \">\n\t\t\t\t\t\t<a href=\"javascript:void(0)\" style=\"cursor: default;\" >\n\t\t\t\t\t\t\t<img decoding=\"async\" src=\"https:\/\/i0.wp.com\/www.donkosira.org\/wp-content\/uploads\/2020\/11\/US-Global-Studies.jpg?fit=300%2C140&#038;ssl=1\" alt=\"\"\/>\n\t\t\t\t\t\t<\/a><\/div>\n\t\t\t\t\t<\/div><div class=\"col span_1_of_4 info_item isotope_element \">\n\t\t\t\t\t\t\t<div class=\"pic \">\n\t\t\t\t\t\t<a href=\"javascript:void(0)\" style=\"cursor: default;\" >\n\t\t\t\t\t\t\t<img decoding=\"async\" src=\"https:\/\/i0.wp.com\/www.donkosira.org\/wp-content\/uploads\/2020\/08\/UK-RI.jpg?fit=300%2C140&#038;ssl=1\" alt=\"\"\/>\n\t\t\t\t\t\t<\/a><\/div>\n\t\t\t\t\t<\/div><div class=\"col span_1_of_4 info_item isotope_element \">\n\t\t\t\t\t\t\t<div class=\"pic \">\n\t\t\t\t\t\t<a href=\"javascript:void(0)\" style=\"cursor: default;\" >\n\t\t\t\t\t\t\t<img decoding=\"async\" src=\"https:\/\/i0.wp.com\/www.donkosira.org\/wp-content\/uploads\/2020\/08\/GCRF.jpg?fit=300%2C140&#038;ssl=1\" alt=\"\"\/>\n\t\t\t\t\t\t<\/a><\/div>\n\t\t\t\t\t<\/div><\/div><\/div>[\/vc_column][\/vc_row][vc_row][vc_column]<div class=\"boc_spacing \" style=\"height: 40px\"><\/div>[\/vc_column][\/vc_row][vc_row full_width=&#8221;stretch_row&#8221; bg_type=&#8221;bg_color&#8221; enable_overlay=&#8221;enable_overlay_value&#8221; overlay_color=&#8221;#00a0a5&#8243; seperator_enable=&#8221;off&#8221; ult_hide_row=&#8221;off&#8221; el_class=&#8221;white_text&#8221; css=&#8221;.vc_custom_1618938512604{margin-bottom: 0px !important;padding-top: 20px !important;padding-bottom: 10px !important;}&#8221; bg_color_value=&#8221;#00a0a5&#8243;][vc_column]<h2 class=\"boc_heading  center  boc_subheading boc_animate_when_almost_visible boc_left-to-right\"  style=\"margin-bottom: 20px;margin-top: 0px;color: #ffffff;font-size: 27px;\"><span>\u00ab Donkosira : le chemin de la connaissance \u00bb<\/span><\/h2>[\/vc_column][\/vc_row]<\/p>\n","protected":false},"excerpt":{"rendered":"<p>[vc_row full_width=&#8221;stretch_row&#8221; parallax=&#8221;content-moving&#8221; parallax_image=&#8221;28803&#8243; bg_type=&#8221;bg_color&#8221; enable_overlay=&#8221;enable_overlay_value&#8221; overlay_color=&#8221;#00a0a5&#8243; seperator_enable=&#8221;off&#8221; ult_hide_row=&#8221;off&#8221; el_class=&#8221;white_text&#8221; css=&#8221;.vc_custom_1654840236444{margin-bottom: 0px !important;padding-top: 20px !important;padding-bottom: 5px !important;}&#8221;][vc_column width=&#8221;1\/4&#8243;][vc_single_image img_size=&#8221;medium&#8221; image=&#8221;26189&#8243;][\/vc_column][vc_column width=&#8221;3\/4&#8243;][vc_row_inner][vc_column_inner width=&#8221;1\/3&#8243;][\/vc_column_inner][vc_column_inner width=&#8221;1\/3&#8243;][\/vc_column_inner][vc_column_inner width=&#8221;1\/3&#8243;][\/vc_column_inner][\/vc_row_inner][\/vc_column][\/vc_row][vc_row parallax=&#8221;content-moving&#8221; bg_type=&#8221;bg_color&#8221; enable_overlay=&#8221;off&#8221; seperator_enable=&#8221;off&#8221; ult_hide_row=&#8221;off&#8221; el_class=&#8221;white_text&#8221; css=&#8221;.vc_custom_1618942483185{margin-bottom: 0px !important;padding-top: 5px !important;padding-bottom: 10px !important;border-radius: 1px !important;}&#8221; bg_color_value=&#8221;#ffffff&#8221;][vc_column parallax=&#8221;content-moving&#8221; width=&#8221;1\/2&#8243; css=&#8221;.vc_custom_1618941321011{padding-top: 10% !important;padding-right: 10% !important;padding-bottom: 10px !important;padding-left: 10% !important;}&#8221;][vc_column_text] WATIGUELEYA K\u00c8L\u00ca (\u00ab affronter les catastrophes climatiques \u00bb en<\/p>\n<div class=\"h10\"><\/div>\n<p><a class=\"more-link1\" href=\"https:\/\/www.donkosira.org\/en\/poeme-sur-lenvironnement-monzona-mali-fevrier-2023\/\">Lire plus<\/a><\/p>\n","protected":false},"author":1,"featured_media":0,"parent":25670,"menu_order":0,"comment_status":"closed","ping_status":"closed","template":"","meta":{"footnotes":""},"class_list":["post-25389","page","type-page","status-publish","hentry"],"translation":{"provider":"WPGlobus","version":"3.0.0","language":"en","enabled_languages":["fr","en"],"languages":{"fr":{"title":true,"content":true,"excerpt":false},"en":{"title":false,"content":false,"excerpt":false}}},"jetpack_likes_enabled":false,"jetpack_sharing_enabled":true,"_links":{"self":[{"href":"https:\/\/www.donkosira.org\/en\/wp-json\/wp\/v2\/pages\/25389","targetHints":{"allow":["GET"]}}],"collection":[{"href":"https:\/\/www.donkosira.org\/en\/wp-json\/wp\/v2\/pages"}],"about":[{"href":"https:\/\/www.donkosira.org\/en\/wp-json\/wp\/v2\/types\/page"}],"author":[{"embeddable":true,"href":"https:\/\/www.donkosira.org\/en\/wp-json\/wp\/v2\/users\/1"}],"replies":[{"embeddable":true,"href":"https:\/\/www.donkosira.org\/en\/wp-json\/wp\/v2\/comments?post=25389"}],"version-history":[{"count":1,"href":"https:\/\/www.donkosira.org\/en\/wp-json\/wp\/v2\/pages\/25389\/revisions"}],"predecessor-version":[{"id":28824,"href":"https:\/\/www.donkosira.org\/en\/wp-json\/wp\/v2\/pages\/25389\/revisions\/28824"}],"up":[{"embeddable":true,"href":"https:\/\/www.donkosira.org\/en\/wp-json\/wp\/v2\/pages\/25670"}],"wp:attachment":[{"href":"https:\/\/www.donkosira.org\/en\/wp-json\/wp\/v2\/media?parent=25389"}],"curies":[{"name":"wp","href":"https:\/\/api.w.org\/{rel}","templated":true}]}}