{"id":25283,"date":"2020-11-02T02:56:56","date_gmt":"2020-11-02T01:56:56","guid":{"rendered":"http:\/\/donkosira.kasartmedia.com\/?page_id=25283"},"modified":"2022-03-28T18:44:00","modified_gmt":"2022-03-28T18:44:00","slug":"lotte-pelckmans-2","status":"publish","type":"page","link":"https:\/\/www.donkosira.org\/en\/notre-equipe\/lotte-pelckmans-2\/","title":{"rendered":"Lotte Pelckmans"},"content":{"rendered":"<p>[vc_row css=&#8221;.vc_custom_1606781793781{padding-top: 40px !important;padding-bottom: 10px !important;}&#8221;][vc_column width=&#8221;1\/2&#8243;][vc_single_image image=&#8221;25689&#8243;][\/vc_column][vc_column width=&#8221;1\/2&#8243;]<h1 class=\"boc_heading no_text_transform letter_spacing_negative al_left  \"  style=\"margin-bottom: 8px;margin-top: 0px;color: #00a0a5;font-size: 33px;\"><span>Lotte PELCKMANS<\/span><\/h1><h2 class=\"boc_heading  al_left  boc_subheading \"  style=\"margin-bottom: 20px;margin-top: 0px;color: #adadad;font-size: 19px;\"><span>SAXO-Institute \u2013 Archaeology, Ethnology, Greek &amp; Latin, History<\/span><\/h2><div class=\"boc_divider_holder\"><div class=\"boc_divider  \"  style=\"margin-top: 22px;margin-bottom: 22px;width: 100px;height: 1px;background: #eeeeee;\"><\/div><\/div>[vc_column_text]<\/p>\n<p style=\"text-align: justify;\">Lotte Pelckmans est une anthropologue qui a travaill\u00e9 sur la mobilit\u00e9 sociale et le statut au carrefour des \u00e9tudes (post-) esclavagistes et migratoires, avec un accent sur l\u2019Afrique de l\u2019Ouest francophone.<\/p>\n<blockquote>\n<p style=\"text-align: justify;\">J\u2019ai \u00e9tudi\u00e9 et travaill\u00e9 \u00e0 l\u2019Universit\u00e9 de Leiden (anthropologie, Centre d\u2019\u00e9tudes africaines, Institut d\u2019histoire) et \u00e9tait professeur associ\u00e9 \u00e0 l\u2019Universit\u00e9 de Nim\u00e8gue (\u00e9tudes d\u2019anthropologie et de d\u00e9veloppement). J\u2019ai obtenu une bourse de cofinancement de l\u2019UE pendant un an dans le milieu universitaire fran\u00e7ais (CEAF, EHESS) et travaill\u00e9 comme chercheur \u00e0 l\u2019Institut danois des \u00e9tudes internationales (2015-2016), Copenhague, Danemark.<\/p>\n<\/blockquote>\n<p style=\"text-align: justify;\">En 2016, j\u2019ai co-\u00e9dit\u00e9 le film documentaire \u00abRiver Nomads\u00bb, qui traite de la mobilit\u00e9 transnationale des p\u00eacheurs nomades en Afrique de l\u2019Ouest (Nig\u00e9ria, Niger, Mali). Depuis 2017, je travaille au Center for Advanced Migration Studies (https:\/\/amis.ku.dk) qui fait partie de l\u2019institut SAXO de l\u2019Universit\u00e9 de Copenhague, au Danemark. En 2018, j\u2019ai combin\u00e9 mon poste de conf\u00e9rencier avec un post-doctorant dans le projet readingslavery.au.dk \u00e0 Comparative Literature, Aarhus University. \u00c0 partir de 2018, j\u2019ai commenc\u00e9 \u00e0 travailler en tant que membre du comit\u00e9 de r\u00e9daction de la revue r\u00e9cemment cr\u00e9\u00e9e \u00abSlaveries and Post-Slaveries\u00bb, bas\u00e9e au CIRESC en France. En 2019, j\u2019\u00e9tais chercheur principal Heinz Heinen au Centre d\u2019\u00e9tudes sur la d\u00e9pendance et l\u2019esclavage de Bonn (BCDSS), en Allemagne. La bourse portait sur des t\u00e9moignages pour des affaires judiciaires, dans des soci\u00e9t\u00e9s contemporaines \u00abpost-esclavagistes\u00bb d\u2019Afrique occidentale fran\u00e7aise. Depuis d\u00e9but 2020, j\u2019ai commenc\u00e9 \u00e0 travailler en tant que Co-I sur un projet de recherche collaboratif financ\u00e9 par le GCRF \/ UKRI UK, sur les d\u00e9placements prolong\u00e9s de personnes ayant le statut d\u2019esclave au Mali, en Afrique de l\u2019Ouest, bas\u00e9 au Center for Advanced Migration Studies de l\u2019Universit\u00e9 de Copenhague.<\/p>\n<p>[\/vc_column_text]<div class=\"boc_spacing \" style=\"height: 5px\"><\/div><div class=\"boc_divider_holder\"><div class=\"boc_divider  \"  style=\"margin-top: 22px;margin-bottom: 22px;width: 100px;height: 1px;background: #eeeeee;\"><\/div><\/div>[vc_column_text]<em><a class=\"link\" href=\"mailto:pelckmans@hum.ku.dk\">pelckmans@hum.ku.dk<\/a><\/em><\/p>\n<p><em><a class=\"link\" href=\"http:\/\/www.saxo.ku.dk\/\">http:\/\/www.saxo.ku.dk<\/a><\/em>[\/vc_column_text][\/vc_column][\/vc_row][vc_row][vc_column]<div class=\"boc_spacing \" style=\"height: 40px\"><\/div>[\/vc_column][\/vc_row][vc_row full_width=&#8221;stretch_row&#8221; bg_type=&#8221;bg_color&#8221; enable_overlay=&#8221;enable_overlay_value&#8221; overlay_color=&#8221;#00a0a5&#8243; el_class=&#8221;white_text&#8221; css=&#8221;.vc_custom_1599069259873{margin-bottom: 0px !important;padding-top: 20px !important;padding-bottom: 10px !important;}&#8221; bg_color_value=&#8221;#00a0a5&#8243;][vc_column]<h2 class=\"boc_heading  center  boc_subheading boc_animate_when_almost_visible boc_left-to-right\"  style=\"margin-bottom: 20px;margin-top: 0px;color: #ffffff;font-size: 27px;\"><span>\u00ab Donkosira : le chemin de la connaissance \u00bb<\/span><\/h2>[\/vc_column][\/vc_row]<\/p>\n","protected":false},"excerpt":{"rendered":"<p>[vc_row css=&#8221;.vc_custom_1606781793781{padding-top: 40px !important;padding-bottom: 10px !important;}&#8221;][vc_column width=&#8221;1\/2&#8243;][vc_single_image image=&#8221;25689&#8243;][\/vc_column][vc_column width=&#8221;1\/2&#8243;][vc_column_text] Lotte Pelckmans est une anthropologue qui a travaill\u00e9 sur la mobilit\u00e9 sociale et le statut au carrefour des \u00e9tudes (post-) esclavagistes et migratoires, avec un accent sur l\u2019Afrique de l\u2019Ouest francophone. J\u2019ai \u00e9tudi\u00e9 et travaill\u00e9 \u00e0 l\u2019Universit\u00e9 de Leiden (anthropologie, Centre d\u2019\u00e9tudes africaines, Institut d\u2019histoire) et \u00e9tait professeur associ\u00e9 \u00e0 l\u2019Universit\u00e9<\/p>\n<div class=\"h10\"><\/div>\n<p><a class=\"more-link1\" href=\"https:\/\/www.donkosira.org\/en\/notre-equipe\/lotte-pelckmans-2\/\">Lire plus<\/a><\/p>\n","protected":false},"author":1,"featured_media":0,"parent":23104,"menu_order":8,"comment_status":"closed","ping_status":"closed","template":"","meta":{"footnotes":""},"class_list":["post-25283","page","type-page","status-publish","hentry"],"translation":{"provider":"WPGlobus","version":"3.0.0","language":"en","enabled_languages":["fr","en"],"languages":{"fr":{"title":true,"content":true,"excerpt":false},"en":{"title":false,"content":false,"excerpt":false}}},"jetpack_likes_enabled":false,"jetpack_sharing_enabled":true,"_links":{"self":[{"href":"https:\/\/www.donkosira.org\/en\/wp-json\/wp\/v2\/pages\/25283","targetHints":{"allow":["GET"]}}],"collection":[{"href":"https:\/\/www.donkosira.org\/en\/wp-json\/wp\/v2\/pages"}],"about":[{"href":"https:\/\/www.donkosira.org\/en\/wp-json\/wp\/v2\/types\/page"}],"author":[{"embeddable":true,"href":"https:\/\/www.donkosira.org\/en\/wp-json\/wp\/v2\/users\/1"}],"replies":[{"embeddable":true,"href":"https:\/\/www.donkosira.org\/en\/wp-json\/wp\/v2\/comments?post=25283"}],"version-history":[{"count":0,"href":"https:\/\/www.donkosira.org\/en\/wp-json\/wp\/v2\/pages\/25283\/revisions"}],"up":[{"embeddable":true,"href":"https:\/\/www.donkosira.org\/en\/wp-json\/wp\/v2\/pages\/23104"}],"wp:attachment":[{"href":"https:\/\/www.donkosira.org\/en\/wp-json\/wp\/v2\/media?parent=25283"}],"curies":[{"name":"wp","href":"https:\/\/api.w.org\/{rel}","templated":true}]}}