{"id":24354,"date":"2020-08-30T22:51:09","date_gmt":"2020-08-30T20:51:09","guid":{"rendered":"http:\/\/donkosira.kasartmedia.com\/?page_id=24354"},"modified":"2020-12-16T22:30:02","modified_gmt":"2020-12-16T22:30:02","slug":"bakary-camara","status":"publish","type":"page","link":"https:\/\/www.donkosira.org\/en\/notre-equipe\/bakary-camara\/","title":{"rendered":"Bakary Camara"},"content":{"rendered":"<p>[vc_row css=&#8221;.vc_custom_1606781363272{padding-top: 40px !important;padding-bottom: 10px !important;}&#8221;][vc_column width=&#8221;1\/2&#8243;][vc_single_image image=&#8221;25226&#8243;][\/vc_column][vc_column width=&#8221;1\/2&#8243; css=&#8221;.vc_custom_1598820990204{padding-right: 20px !important;padding-bottom: 80px !important;padding-left: 40px !important;}&#8221;]<h1 class=\"boc_heading no_text_transform letter_spacing_negative al_left  \"  style=\"margin-bottom: 8px;margin-top: 0px;color: #00a0a5;font-size: 33px;\"><span>PR BAKARY CAMARA<\/span><\/h1><h3 class=\"boc_heading  al_left  boc_subheading \"  style=\"margin-bottom: 20px;margin-top: 0px;color: #adadad;font-size: 19px;\"><span>Professeur Titulaire Agr\u00e9g\u00e9 des facult\u00e9s de droit <\/span><\/h3><div class=\"boc_divider_holder\"><div class=\"boc_divider  \"  style=\"margin-top: 22px;margin-bottom: 22px;width: 100px;height: 1px;background: #eeeeee;\"><\/div><\/div>[vc_column_text]<\/p>\n<p style=\"text-align: justify;\"><b>Bakary CAMARA<\/b>\u00a0est Professeur Titulaire Agr\u00e9g\u00e9 des facult\u00e9s de droit et Doyen de la Facult\u00e9 de Droit Public (FDPU) \u00e0 l\u2019Universit\u00e9 des Sciences Juridiques et Politiques de Bamako (USJPB), Mali.\u00a0Il est d\u00e9tenteur d\u2019un Doctorat d\u2019\u00c9tat en Sciences Juridiques et Politiques, d\u2019un doctorat 3<sup>\u00e8me<\/sup>\u00a0cycle en politiques internationales et d\u2019un Master of Art en G\u00e9opolitique (International Security\/Affairs). Il est Directeur du Laboratoire d\u2019\u00e9tudes et de recherches en droit, d\u00e9centralisation et d\u00e9veloppement local (LERDDL) de la Facult\u00e9 de droit Public (FDPU) de l\u2019Universit\u00e9 des sciences juridiques et politiques de Bamako (USJPB). Il est aussi affili\u00e9 \u00e0 plusieurs associations ou centres d\u2019\u00e9tudes et de recherches en sciences sociales parmi lesquels l\u2019Association Am\u00e9ricaine de Sciences Politiques (APSA), le Conseil pour le D\u00e9veloppement de la Recherche en sciences Sociales en Afrique (CODESRIA) et Point Sud\u2014 Centre de Recherche sur le Savoir Local \u00e0 Bamako. Il est auteur de plusieurs chapitres de livres et divers articles sur la d\u00e9mocratie au Mali, la d\u00e9centralisation, le droit foncier, le pluralisme juridique, en Histoire du Droit et des Institutions, et les conflits en Afrique de l\u2019Ouest.<\/p>\n<p>[\/vc_column_text]<div class=\"boc_spacing \" style=\"height: 5px\"><\/div><div class=\"boc_divider_holder\"><div class=\"boc_divider  \"  style=\"margin-top: 22px;margin-bottom: 22px;width: 100px;height: 1px;background: #eeeeee;\"><\/div><\/div>[vc_column_text]<em>info@bakarycamara.ml<\/em>[\/vc_column_text][\/vc_column][\/vc_row][vc_row][vc_column]<div class=\"boc_spacing \" style=\"height: 40px\"><\/div>[\/vc_column][\/vc_row][vc_row full_width=&#8221;stretch_row&#8221; bg_type=&#8221;bg_color&#8221; enable_overlay=&#8221;enable_overlay_value&#8221; overlay_color=&#8221;#00a0a5&#8243; css=&#8221;.vc_custom_1599068405991{margin-bottom: 0px !important;padding-top: 20px !important;padding-bottom: 10px !important;}&#8221; el_class=&#8221;white_text&#8221; bg_color_value=&#8221;#00a0a5&#8243;][vc_column]<h2 class=\"boc_heading  center  boc_subheading boc_animate_when_almost_visible boc_left-to-right\"  style=\"margin-bottom: 20px;margin-top: 0px;color: #ffffff;font-size: 27px;\"><span>\u00ab Donkosira : le chemin de la connaissance \u00bb<\/span><\/h2>[\/vc_column][\/vc_row]<\/p>\n","protected":false},"excerpt":{"rendered":"<p>[vc_row css=&#8221;.vc_custom_1606781363272{padding-top: 40px !important;padding-bottom: 10px !important;}&#8221;][vc_column width=&#8221;1\/2&#8243;][vc_single_image image=&#8221;25226&#8243;][\/vc_column][vc_column width=&#8221;1\/2&#8243; css=&#8221;.vc_custom_1598820990204{padding-right: 20px !important;padding-bottom: 80px !important;padding-left: 40px !important;}&#8221;][vc_column_text] Bakary CAMARA\u00a0est Professeur Titulaire Agr\u00e9g\u00e9 des facult\u00e9s de droit et Doyen de la Facult\u00e9 de Droit Public (FDPU) \u00e0 l\u2019Universit\u00e9 des Sciences Juridiques et Politiques de Bamako (USJPB), Mali.\u00a0Il est d\u00e9tenteur d\u2019un Doctorat d\u2019\u00c9tat en Sciences Juridiques et Politiques, d\u2019un doctorat 3\u00e8me\u00a0cycle en politiques<\/p>\n<div class=\"h10\"><\/div>\n<p><a class=\"more-link1\" href=\"https:\/\/www.donkosira.org\/en\/notre-equipe\/bakary-camara\/\">Lire plus<\/a><\/p>\n","protected":false},"author":1,"featured_media":0,"parent":23104,"menu_order":4,"comment_status":"closed","ping_status":"closed","template":"","meta":{"footnotes":""},"class_list":["post-24354","page","type-page","status-publish","hentry"],"translation":{"provider":"WPGlobus","version":"3.0.0","language":"en","enabled_languages":["fr","en"],"languages":{"fr":{"title":true,"content":true,"excerpt":false},"en":{"title":false,"content":false,"excerpt":false}}},"jetpack_likes_enabled":false,"jetpack_sharing_enabled":true,"_links":{"self":[{"href":"https:\/\/www.donkosira.org\/en\/wp-json\/wp\/v2\/pages\/24354","targetHints":{"allow":["GET"]}}],"collection":[{"href":"https:\/\/www.donkosira.org\/en\/wp-json\/wp\/v2\/pages"}],"about":[{"href":"https:\/\/www.donkosira.org\/en\/wp-json\/wp\/v2\/types\/page"}],"author":[{"embeddable":true,"href":"https:\/\/www.donkosira.org\/en\/wp-json\/wp\/v2\/users\/1"}],"replies":[{"embeddable":true,"href":"https:\/\/www.donkosira.org\/en\/wp-json\/wp\/v2\/comments?post=24354"}],"version-history":[{"count":0,"href":"https:\/\/www.donkosira.org\/en\/wp-json\/wp\/v2\/pages\/24354\/revisions"}],"up":[{"embeddable":true,"href":"https:\/\/www.donkosira.org\/en\/wp-json\/wp\/v2\/pages\/23104"}],"wp:attachment":[{"href":"https:\/\/www.donkosira.org\/en\/wp-json\/wp\/v2\/media?parent=24354"}],"curies":[{"name":"wp","href":"https:\/\/api.w.org\/{rel}","templated":true}]}}