{"id":24343,"date":"2020-08-30T21:50:03","date_gmt":"2020-08-30T19:50:03","guid":{"rendered":"http:\/\/donkosira.kasartmedia.com\/?page_id=24343"},"modified":"2020-12-17T00:01:27","modified_gmt":"2020-12-17T00:01:27","slug":"friederike-lupke","status":"publish","type":"page","link":"https:\/\/www.donkosira.org\/en\/notre-equipe\/friederike-lupke\/","title":{"rendered":"Friederike L\u00fcpke"},"content":{"rendered":"<p>[vc_row css=&#8221;.vc_custom_1606781940425{padding-top: 40px !important;padding-bottom: 10px !important;}&#8221;][vc_column width=&#8221;1\/2&#8243;][vc_single_image image=&#8221;25228&#8243;][\/vc_column][vc_column width=&#8221;1\/2&#8243; css=&#8221;.vc_custom_1598816744205{padding-right: 20px !important;padding-bottom: 40px !important;padding-left: 80px !important;}&#8221;]<h1 class=\"boc_heading no_text_transform letter_spacing_negative al_left  \"  style=\"margin-bottom: 8px;margin-top: 0px;color: #00a0a5;font-size: 33px;\"><span>PR FRIEDERIKE L\u00dcPKE<\/span><\/h1><h3 class=\"boc_heading  al_left  boc_subheading \"  style=\"margin-bottom: 20px;margin-top: 0px;color: #adadad;font-size: 19px;\"><span>MA (K\u00f6ln), PhD (Nijmegen)<\/span><\/h3><div class=\"boc_divider_holder\"><div class=\"boc_divider  \"  style=\"margin-top: 22px;margin-bottom: 22px;width: 100px;height: 1px;background: #eeeeee;\"><\/div><\/div>[vc_column_text]<\/p>\n<p style=\"text-align: justify;\">Friederike L\u00fcpke a \u00e9tudi\u00e9 la linguistique g\u00e9n\u00e9rale et africaine \u00e0 l&#8217;Universit\u00e9 de Cologne et \u00e0 l&#8217;Institut National des Langues et Civilisations Orientales (INALCO), Paris. Pour son projet de th\u00e8se de doctorat \u00e0 l&#8217;Institut Max Planck de psycholinguistique de Nim\u00e8gue, elle a men\u00e9 un travail de terrain approfondi sur Jalonke, une vari\u00e9t\u00e9 menac\u00e9e de Yalunka parl\u00e9e en Guin\u00e9e. Elle est arriv\u00e9e \u00e0 SOAS en 2003 en tant que chercheuse postdoctorale. Actuellement, elle travaille sur le cluster linguistique Ba\u00efnounk au S\u00e9n\u00e9gal. Les d\u00e9tails sur le projet actuel, Crossroads, peuvent \u00eatre trouv\u00e9s ici : <a href=\"http:\/\/soascrossroads.org\/\">http:\/\/soascrossroads.org\/<\/a><\/p>\n<p>[\/vc_column_text]<div class=\"boc_spacing \" style=\"height: 5px\"><\/div><div class=\"boc_divider_holder\"><div class=\"boc_divider  \"  style=\"margin-top: 22px;margin-bottom: 22px;width: 100px;height: 1px;background: #eeeeee;\"><\/div><\/div>[\/vc_column][\/vc_row][vc_row][vc_column]<div class=\"boc_spacing \" style=\"height: 40px\"><\/div>[\/vc_column][\/vc_row][vc_row full_width=&#8221;stretch_row&#8221; bg_type=&#8221;bg_color&#8221; enable_overlay=&#8221;enable_overlay_value&#8221; overlay_color=&#8221;#00a0a5&#8243; el_class=&#8221;white_text&#8221; css=&#8221;.vc_custom_1599069536963{margin-bottom: 0px !important;padding-top: 20px !important;padding-bottom: 10px !important;}&#8221; bg_color_value=&#8221;#00a0a5&#8243;][vc_column]<h2 class=\"boc_heading  center  boc_subheading boc_animate_when_almost_visible boc_left-to-right\"  style=\"margin-bottom: 20px;margin-top: 0px;color: #ffffff;font-size: 27px;\"><span>\u00ab Donkosira : le chemin de la connaissance \u00bb<\/span><\/h2>[\/vc_column][\/vc_row]<\/p>\n","protected":false},"excerpt":{"rendered":"<p>[vc_row css=&#8221;.vc_custom_1606781940425{padding-top: 40px !important;padding-bottom: 10px !important;}&#8221;][vc_column width=&#8221;1\/2&#8243;][vc_single_image image=&#8221;25228&#8243;][\/vc_column][vc_column width=&#8221;1\/2&#8243; css=&#8221;.vc_custom_1598816744205{padding-right: 20px !important;padding-bottom: 40px !important;padding-left: 80px !important;}&#8221;][vc_column_text] Friederike L\u00fcpke a \u00e9tudi\u00e9 la linguistique g\u00e9n\u00e9rale et africaine \u00e0 l&#8217;Universit\u00e9 de Cologne et \u00e0 l&#8217;Institut National des Langues et Civilisations Orientales (INALCO), Paris. Pour son projet de th\u00e8se de doctorat \u00e0 l&#8217;Institut Max Planck de psycholinguistique de Nim\u00e8gue, elle a men\u00e9 un travail<\/p>\n<div class=\"h10\"><\/div>\n<p><a class=\"more-link1\" href=\"https:\/\/www.donkosira.org\/en\/notre-equipe\/friederike-lupke\/\">Lire plus<\/a><\/p>\n","protected":false},"author":1,"featured_media":0,"parent":23104,"menu_order":10,"comment_status":"closed","ping_status":"closed","template":"","meta":{"footnotes":""},"class_list":["post-24343","page","type-page","status-publish","hentry"],"translation":{"provider":"WPGlobus","version":"3.0.0","language":"en","enabled_languages":["fr","en"],"languages":{"fr":{"title":true,"content":true,"excerpt":false},"en":{"title":false,"content":false,"excerpt":false}}},"jetpack_likes_enabled":false,"jetpack_sharing_enabled":true,"_links":{"self":[{"href":"https:\/\/www.donkosira.org\/en\/wp-json\/wp\/v2\/pages\/24343","targetHints":{"allow":["GET"]}}],"collection":[{"href":"https:\/\/www.donkosira.org\/en\/wp-json\/wp\/v2\/pages"}],"about":[{"href":"https:\/\/www.donkosira.org\/en\/wp-json\/wp\/v2\/types\/page"}],"author":[{"embeddable":true,"href":"https:\/\/www.donkosira.org\/en\/wp-json\/wp\/v2\/users\/1"}],"replies":[{"embeddable":true,"href":"https:\/\/www.donkosira.org\/en\/wp-json\/wp\/v2\/comments?post=24343"}],"version-history":[{"count":0,"href":"https:\/\/www.donkosira.org\/en\/wp-json\/wp\/v2\/pages\/24343\/revisions"}],"up":[{"embeddable":true,"href":"https:\/\/www.donkosira.org\/en\/wp-json\/wp\/v2\/pages\/23104"}],"wp:attachment":[{"href":"https:\/\/www.donkosira.org\/en\/wp-json\/wp\/v2\/media?parent=24343"}],"curies":[{"name":"wp","href":"https:\/\/api.w.org\/{rel}","templated":true}]}}