{"id":24338,"date":"2020-08-30T21:37:17","date_gmt":"2020-08-30T19:37:17","guid":{"rendered":"http:\/\/donkosira.kasartmedia.com\/?page_id=24338"},"modified":"2020-12-17T00:23:17","modified_gmt":"2020-12-17T00:23:17","slug":"marie-rodet-2","status":"publish","type":"page","link":"https:\/\/www.donkosira.org\/en\/notre-equipe\/marie-rodet-2\/","title":{"rendered":"Marie Rodet"},"content":{"rendered":"<p>[vc_row css=&#8221;.vc_custom_1606782325136{padding-top: 40px !important;padding-bottom: 10px !important;}&#8221;][vc_column width=&#8221;1\/2&#8243;][vc_single_image image=&#8221;25328&#8243;][\/vc_column][vc_column width=&#8221;1\/2&#8243; css=&#8221;.vc_custom_1598815816106{padding-right: 20px !important;padding-bottom: 40px !important;padding-left: 80px !important;}&#8221;]<h1 class=\"boc_heading no_text_transform letter_spacing_negative al_left  \"  style=\"margin-bottom: 8px;margin-top: 0px;color: #00a0a5;font-size: 33px;\"><span>DR MARIE RODET<\/span><\/h1><h3 class=\"boc_heading  al_left  boc_subheading \"  style=\"margin-bottom: 20px;margin-top: 0px;color: #adadad;font-size: 19px;\"><span>DIPPOL (Rennes), PhD (Vienna)<\/span><\/h3><div class=\"boc_divider_holder\"><div class=\"boc_divider  \"  style=\"margin-top: 22px;margin-bottom: 22px;width: 100px;height: 1px;background: #eeeeee;\"><\/div><\/div>[vc_column_text]<\/p>\n<p style=\"text-align: justify;\">Mes principaux int\u00e9r\u00eats de recherche se situent dans le domaine de l&#8217;histoire moderne du genre et des migrations en Afrique de l&#8217;Ouest francophone. Mes recherches actuelles offrent un aper\u00e7u historique des strat\u00e9gies d&#8217;\u00e9mancipation dans le contexte de la fin de l&#8217;esclavage en Afrique. J&#8217;analyse comment la r\u00e9sistance des esclaves, les r\u00e9bellions et la mobilit\u00e9 ont perturb\u00e9 les relations pr\u00e9tendument fixes des hi\u00e9rarchies de genre et de pouvoir conduisant \u00e0 des ren\u00e9gociations complexes pour la parent\u00e9, le mariage, les pratiques religieuses et, plus g\u00e9n\u00e9ralement, pour les notions d&#8217;appartenance au Mali et au S\u00e9n\u00e9gal.<\/p>\n<p>[\/vc_column_text]<div class=\"boc_spacing \" style=\"height: 5px\"><\/div><div class=\"boc_divider_holder\"><div class=\"boc_divider  \"  style=\"margin-top: 22px;margin-bottom: 22px;width: 100px;height: 1px;background: #eeeeee;\"><\/div><\/div>[vc_column_text]<em><a class=\"email\" href=\"mailto:mr28@soas.ac.uk\">mr28@soas.ac.uk<\/a><\/em>[\/vc_column_text][\/vc_column][\/vc_row][vc_row][vc_column]<div class=\"boc_spacing \" style=\"height: 40px\"><\/div>[\/vc_column][\/vc_row][vc_row full_width=&#8221;stretch_row&#8221; bg_type=&#8221;bg_color&#8221; enable_overlay=&#8221;enable_overlay_value&#8221; overlay_color=&#8221;#00a0a5&#8243; css=&#8221;.vc_custom_1599070350245{margin-bottom: 0px !important;padding-top: 20px !important;padding-bottom: 10px !important;}&#8221; el_class=&#8221;white_text&#8221; bg_color_value=&#8221;#00a0a5&#8243;][vc_column]<h2 class=\"boc_heading  center  boc_subheading boc_animate_when_almost_visible boc_left-to-right\"  style=\"margin-bottom: 20px;margin-top: 0px;color: #ffffff;font-size: 27px;\"><span>\u00ab Donkosira : le chemin de la connaissance \u00bb<\/span><\/h2>[\/vc_column][\/vc_row]<\/p>\n","protected":false},"excerpt":{"rendered":"<p>[vc_row css=&#8221;.vc_custom_1606782325136{padding-top: 40px !important;padding-bottom: 10px !important;}&#8221;][vc_column width=&#8221;1\/2&#8243;][vc_single_image image=&#8221;25328&#8243;][\/vc_column][vc_column width=&#8221;1\/2&#8243; css=&#8221;.vc_custom_1598815816106{padding-right: 20px !important;padding-bottom: 40px !important;padding-left: 80px !important;}&#8221;][vc_column_text] Mes principaux int\u00e9r\u00eats de recherche se situent dans le domaine de l&#8217;histoire moderne du genre et des migrations en Afrique de l&#8217;Ouest francophone. Mes recherches actuelles offrent un aper\u00e7u historique des strat\u00e9gies d&#8217;\u00e9mancipation dans le contexte de la fin de l&#8217;esclavage en Afrique. J&#8217;analyse<\/p>\n<div class=\"h10\"><\/div>\n<p><a class=\"more-link1\" href=\"https:\/\/www.donkosira.org\/en\/notre-equipe\/marie-rodet-2\/\">Lire plus<\/a><\/p>\n","protected":false},"author":1,"featured_media":0,"parent":23104,"menu_order":15,"comment_status":"closed","ping_status":"closed","template":"","meta":{"footnotes":""},"class_list":["post-24338","page","type-page","status-publish","hentry"],"translation":{"provider":"WPGlobus","version":"3.0.0","language":"en","enabled_languages":["fr","en"],"languages":{"fr":{"title":true,"content":true,"excerpt":false},"en":{"title":false,"content":false,"excerpt":false}}},"jetpack_likes_enabled":false,"jetpack_sharing_enabled":true,"_links":{"self":[{"href":"https:\/\/www.donkosira.org\/en\/wp-json\/wp\/v2\/pages\/24338","targetHints":{"allow":["GET"]}}],"collection":[{"href":"https:\/\/www.donkosira.org\/en\/wp-json\/wp\/v2\/pages"}],"about":[{"href":"https:\/\/www.donkosira.org\/en\/wp-json\/wp\/v2\/types\/page"}],"author":[{"embeddable":true,"href":"https:\/\/www.donkosira.org\/en\/wp-json\/wp\/v2\/users\/1"}],"replies":[{"embeddable":true,"href":"https:\/\/www.donkosira.org\/en\/wp-json\/wp\/v2\/comments?post=24338"}],"version-history":[{"count":0,"href":"https:\/\/www.donkosira.org\/en\/wp-json\/wp\/v2\/pages\/24338\/revisions"}],"up":[{"embeddable":true,"href":"https:\/\/www.donkosira.org\/en\/wp-json\/wp\/v2\/pages\/23104"}],"wp:attachment":[{"href":"https:\/\/www.donkosira.org\/en\/wp-json\/wp\/v2\/media?parent=24338"}],"curies":[{"name":"wp","href":"https:\/\/api.w.org\/{rel}","templated":true}]}}