{"id":24327,"date":"2020-08-28T03:43:17","date_gmt":"2020-08-28T01:43:17","guid":{"rendered":"http:\/\/donkosira.kasartmedia.com\/?page_id=24327"},"modified":"2020-12-16T23:58:47","modified_gmt":"2020-12-16T23:58:47","slug":"fatoumata-doumbouya","status":"publish","type":"page","link":"https:\/\/www.donkosira.org\/en\/notre-equipe\/fatoumata-doumbouya\/","title":{"rendered":"Fatoumata Doumbouya"},"content":{"rendered":"<p>[vc_row css=&#8221;.vc_custom_1606781855265{padding-top: 40px !important;padding-bottom: 10px !important;}&#8221;][vc_column width=&#8221;1\/2&#8243;][vc_single_image image=&#8221;25214&#8243;][\/vc_column][vc_column width=&#8221;1\/2&#8243; css=&#8221;.vc_custom_1599080634308{padding-right: 20px !important;padding-bottom: 0px !important;padding-left: 40px !important;}&#8221;]<h1 class=\"boc_heading no_text_transform letter_spacing_negative al_left  \"  style=\"margin-bottom: 8px;margin-top: 0px;color: #00a0a5;font-size: 33px;\"><span>Fatoumata Doumbouya<\/span><\/h1><h3 class=\"boc_heading  al_left  boc_subheading \"  style=\"margin-bottom: 20px;margin-top: 0px;color: #adadad;font-size: 19px;\"><span>Administratrice et pharmacienne<\/span><\/h3><div class=\"boc_divider_holder\"><div class=\"boc_divider  \"  style=\"margin-top: 22px;margin-bottom: 22px;width: 100px;height: 1px;background: #eeeeee;\"><\/div><\/div>[vc_column_text]<\/p>\n<p style=\"text-align: justify;\">Je suis Fatoumata Doumbouya, administratrice de formation. J\u2019ai une pharmacie \u00e0 Sanankoroni. J\u2019ai 32 ans. Je fais partie de l\u2019\u00e9quipe form\u00e9e par l\u2019association Donkosira, qui r\u00e9unit aussi des villageois de Bouillagui et de Monzona au Mali, ainsi que d\u2019Agnack petit et grand en Casamance au S\u00e9n\u00e9gal. Je r\u00e9side \u00e0 Damaro, en R\u00e9publique de Guin\u00e9e Conakry.<\/p>\n<p style=\"text-align: justify;\">Je veux permettre aux gens de la diaspora de conna\u00eetre les r\u00e9alit\u00e9s du village pour les inciter \u00e0 revenir r\u00e9guli\u00e8rement. Le site internet permettra aussi de faire conna\u00eetre le village et son patrimoine dans le monde entier.<\/p>\n<p>[\/vc_column_text][\/vc_column][\/vc_row][vc_row][vc_column][vc_column_text]<span style=\"color: #808080;\"><strong><em><u>Malink\u00e9\u00a0: <\/u><\/em><\/strong><\/span><\/p>\n<p><span style=\"color: #808080;\"><em>N\u2019n\u00e9 t\u00f4 g\u00f4 y\u00e9 Fatoumata Doumbouya. N\u2019n\u00e9 y\u00e9 Administratrice y\u00e9, farmacie k\u00e9len y\u00e9n m\u2019bro Sanakroni l\u00f4g\u00f4f\u00e8 l\u00f4. N\u2019s\u00f4r\u00f4 sandji bissaba ani fla. N\u2019ne m\u00f4g\u00f4 l\u00e9 y\u00e9 mi ta ni Donkosira d\u00e8krou bro somissin siaman na mi y\u00e9 (Damaro\u00a0laguin\u00e8 djamanan\u00a0kan, Monsona ani Bouillagui Mali djamanakan, Agnak fitini ani Agnak br\u00e9br\u00e9ba S\u00e9n\u00e9gal djamanakan). N\u00e9 siguini Damaro so l\u00e9 k\u00f4n\u00f4.<\/em><\/span><\/p>\n<p><span style=\"color: #808080;\"><em>Ho nafa miy\u00e9 ala, ka hakri di k\u00f4kan m\u00f4g\u00f4 b\u00e8lad\u00e8ni ma koko na y\u00e9 timi na Damaro djamanakan iy\u00e9 k\u00e8 wo b\u00e8lad\u00e8ni kraman. Wol\u00e9 k\u00f4t\u00f4 hi natara damaro nalima. Placi do d\u00e8krou wo bro internet k\u00f4kan m\u00e9 di k\u00e8 sababoul\u00e9 ka Damaro djamanan yira dounougnan w\u00f4ntti na.<\/em><\/span><\/p>\n<p><span style=\"color: #808080;\"><em>via <\/em><a style=\"color: #808080;\" href=\"https:\/\/donkosira.org\/village-damaro-guinee\/\"><em>Village : Damaro (Guin\u00e9e)<\/em><\/a><\/span>[\/vc_column_text]<div class=\"boc_spacing \" style=\"height: 5px\"><\/div><div class=\"boc_divider_holder\"><div class=\"boc_divider  \"  style=\"margin-top: 22px;margin-bottom: 22px;width: 100px;height: 1px;background: #eeeeee;\"><\/div><\/div>[\/vc_column][\/vc_row][vc_row][vc_column]<div class=\"boc_spacing \" style=\"height: 40px\"><\/div>[\/vc_column][\/vc_row][vc_row full_width=&#8221;stretch_row&#8221; bg_type=&#8221;bg_color&#8221; enable_overlay=&#8221;enable_overlay_value&#8221; overlay_color=&#8221;#00a0a5&#8243; el_class=&#8221;white_text&#8221; css=&#8221;.vc_custom_1599069439474{margin-bottom: 0px !important;padding-top: 20px !important;padding-bottom: 10px !important;}&#8221; bg_color_value=&#8221;#00a0a5&#8243;][vc_column]<h2 class=\"boc_heading  center  boc_subheading boc_animate_when_almost_visible boc_left-to-right\"  style=\"margin-bottom: 20px;margin-top: 0px;color: #ffffff;font-size: 27px;\"><span>\u00ab Donkosira : le chemin de la connaissance \u00bb<\/span><\/h2>[\/vc_column][\/vc_row]<\/p>\n","protected":false},"excerpt":{"rendered":"<p>[vc_row css=&#8221;.vc_custom_1606781855265{padding-top: 40px !important;padding-bottom: 10px !important;}&#8221;][vc_column width=&#8221;1\/2&#8243;][vc_single_image image=&#8221;25214&#8243;][\/vc_column][vc_column width=&#8221;1\/2&#8243; css=&#8221;.vc_custom_1599080634308{padding-right: 20px !important;padding-bottom: 0px !important;padding-left: 40px !important;}&#8221;][vc_column_text] Je suis Fatoumata Doumbouya, administratrice de formation. J\u2019ai une pharmacie \u00e0 Sanankoroni. J\u2019ai 32 ans. Je fais partie de l\u2019\u00e9quipe form\u00e9e par l\u2019association Donkosira, qui r\u00e9unit aussi des villageois de Bouillagui et de Monzona au Mali, ainsi que d\u2019Agnack petit et grand en Casamance<\/p>\n<div class=\"h10\"><\/div>\n<p><a class=\"more-link1\" href=\"https:\/\/www.donkosira.org\/en\/notre-equipe\/fatoumata-doumbouya\/\">Lire plus<\/a><\/p>\n","protected":false},"author":1,"featured_media":0,"parent":23104,"menu_order":9,"comment_status":"closed","ping_status":"closed","template":"","meta":{"footnotes":""},"class_list":["post-24327","page","type-page","status-publish","hentry"],"translation":{"provider":"WPGlobus","version":"3.0.0","language":"en","enabled_languages":["fr","en"],"languages":{"fr":{"title":true,"content":true,"excerpt":false},"en":{"title":false,"content":false,"excerpt":false}}},"jetpack_likes_enabled":false,"jetpack_sharing_enabled":true,"_links":{"self":[{"href":"https:\/\/www.donkosira.org\/en\/wp-json\/wp\/v2\/pages\/24327","targetHints":{"allow":["GET"]}}],"collection":[{"href":"https:\/\/www.donkosira.org\/en\/wp-json\/wp\/v2\/pages"}],"about":[{"href":"https:\/\/www.donkosira.org\/en\/wp-json\/wp\/v2\/types\/page"}],"author":[{"embeddable":true,"href":"https:\/\/www.donkosira.org\/en\/wp-json\/wp\/v2\/users\/1"}],"replies":[{"embeddable":true,"href":"https:\/\/www.donkosira.org\/en\/wp-json\/wp\/v2\/comments?post=24327"}],"version-history":[{"count":0,"href":"https:\/\/www.donkosira.org\/en\/wp-json\/wp\/v2\/pages\/24327\/revisions"}],"up":[{"embeddable":true,"href":"https:\/\/www.donkosira.org\/en\/wp-json\/wp\/v2\/pages\/23104"}],"wp:attachment":[{"href":"https:\/\/www.donkosira.org\/en\/wp-json\/wp\/v2\/media?parent=24327"}],"curies":[{"name":"wp","href":"https:\/\/api.w.org\/{rel}","templated":true}]}}