{"id":24323,"date":"2020-08-28T03:28:57","date_gmt":"2020-08-28T01:28:57","guid":{"rendered":"http:\/\/donkosira.kasartmedia.com\/?page_id=24323"},"modified":"2022-03-28T19:53:49","modified_gmt":"2022-03-28T19:53:49","slug":"ansoumane-camara","status":"publish","type":"page","link":"https:\/\/www.donkosira.org\/en\/notre-equipe\/ansoumane-camara\/","title":{"rendered":"Ansoumane Camara"},"content":{"rendered":"<p>[vc_row css=&#8221;.vc_custom_1606781154427{padding-top: 40px !important;padding-bottom: 10px !important;}&#8221;][vc_column width=&#8221;1\/2&#8243;][vc_single_image image=&#8221;26406&#8243;][\/vc_column][vc_column width=&#8221;1\/2&#8243; css=&#8221;.vc_custom_1599080267152{padding-right: 20px !important;padding-bottom: 0px !important;padding-left: 40px !important;}&#8221;]<h1 class=\"boc_heading no_text_transform letter_spacing_negative al_left  \"  style=\"margin-bottom: 8px;margin-top: 0px;color: #00a0a5;font-size: 33px;\"><span>Ansoumane Camara<\/span><\/h1><h3 class=\"boc_heading  al_left  boc_subheading \"  style=\"margin-bottom: 20px;margin-top: 0px;color: #adadad;font-size: 19px;\"><span>Pr\u00e9sident du comit\u00e9 sous-pr\u00e9fectoral de la Croix Rouge de Damaro<\/span><\/h3><div class=\"boc_divider_holder\"><div class=\"boc_divider  \"  style=\"margin-top: 22px;margin-bottom: 22px;width: 100px;height: 1px;background: #eeeeee;\"><\/div><\/div>[vc_column_text]<\/p>\n<p style=\"text-align: justify;\">Je suis Ansoumane Camara, 32 ans, membre de l\u2019association culturelle Donkosira. Je r\u00e9side \u00e0 Damaro, en R\u00e9publique de Guin\u00e9e Conakry. Je suis dipl\u00f4m\u00e9 en administration, mais au ch\u00f4mage. J\u2019ai pr\u00e9f\u00e9r\u00e9 r\u00e9sider au village de Damaro qui est d\u2019ailleurs mon village natal, pour chercher la v\u00e9ritable histoire de ma communaut\u00e9 afin de pr\u00e9server ses vraies valeurs. Je suis actuellement le pr\u00e9sident du comit\u00e9 sous-pr\u00e9fectoral de la Croix Rouge de Damaro depuis trois ans. Je suis aussi le pr\u00e9sident du CLP (Conseil Local de Protection de l\u2019enfance), depuis quatre ans, et le rapporteur de la Commission Electorale Sous Pr\u00e9fectorale Ind\u00e9pendante (CESPI) durant trois \u00e9lections.<\/p>\n<p>Avec Donkosira, les potentialit\u00e9s socio-culturelles de Damaro seront valoris\u00e9es et visionn\u00e9es dans le monde entier.[\/vc_column_text]<div class=\"boc_divider_holder\"><div class=\"boc_divider  \"  style=\"margin-top: 20px;margin-bottom: 20px;height: 1px;background: #eeeeee;\"><\/div><\/div>[vc_column_text]<span style=\"color: #808080;\"><strong><em><u>Malink\u00e9\u00a0: <\/u><\/em><\/strong><\/span><\/p>\n<p><span style=\"color: #808080;\"><em>Ne t\u00f4g\u00f4 ye Ansoumane Camara, n\u2019s\u00f4r\u00f4 sandji bisaba ani fla. Nf\u00f4n\u00f4 bara n\u00e8mou nassabaty d\u00e8krou ment\u00f4 ko Donkossira. Administration dipl\u00f4mou l\u00e9 mboro, wa ma bara s\u00f4romba. Nani madjila Daman\u00f4 sok\u00f4n\u00f4 ka nva bara talikou ani anemoun dou\u00ef gnagnini alako ab\u00e8r\u00e8mafan ikana tounou m\u00f4ma. Bi n\u00e9 Croix Rouge pr\u00e9sident n\u00e9l\u00e9 Daman\u00f4, n\u00e9 ceni calataden n\u00e9 Daman\u00f4, ani dini nakana d\u00e8krou.<\/em><\/span><\/p>\n<p><span style=\"color: #333333;\"><em><span style=\"color: #808080;\">Ni akadia alagn\u00e8, mo\u00ef n\u00e8mou b\u00e8r\u00e8b\u00e8r\u00e8 b\u00e8li lakana Donkossira sababoula<\/span>.<\/em><\/span>[\/vc_column_text][\/vc_column][\/vc_row][vc_row][vc_column]<div class=\"boc_spacing \" style=\"height: 40px\"><\/div>[\/vc_column][\/vc_row][vc_row full_width=&#8221;stretch_row&#8221; bg_type=&#8221;bg_color&#8221; enable_overlay=&#8221;enable_overlay_value&#8221; overlay_color=&#8221;#00a0a5&#8243; el_class=&#8221;white_text&#8221; css=&#8221;.vc_custom_1599068068264{margin-bottom: 0px !important;padding-top: 20px !important;padding-bottom: 10px !important;}&#8221; bg_color_value=&#8221;#00a0a5&#8243;][vc_column]<h2 class=\"boc_heading  center  boc_subheading boc_animate_when_almost_visible boc_left-to-right\"  style=\"margin-bottom: 20px;margin-top: 0px;color: #ffffff;font-size: 27px;\"><span>\u00ab Donkosira : le chemin de la connaissance \u00bb<\/span><\/h2>[\/vc_column][\/vc_row]<\/p>\n","protected":false},"excerpt":{"rendered":"<p>[vc_row css=&#8221;.vc_custom_1606781154427{padding-top: 40px !important;padding-bottom: 10px !important;}&#8221;][vc_column width=&#8221;1\/2&#8243;][vc_single_image image=&#8221;26406&#8243;][\/vc_column][vc_column width=&#8221;1\/2&#8243; css=&#8221;.vc_custom_1599080267152{padding-right: 20px !important;padding-bottom: 0px !important;padding-left: 40px !important;}&#8221;][vc_column_text] Je suis Ansoumane Camara, 32 ans, membre de l\u2019association culturelle Donkosira. Je r\u00e9side \u00e0 Damaro, en R\u00e9publique de Guin\u00e9e Conakry. Je suis dipl\u00f4m\u00e9 en administration, mais au ch\u00f4mage. J\u2019ai pr\u00e9f\u00e9r\u00e9 r\u00e9sider au village de Damaro qui est d\u2019ailleurs mon village natal, pour chercher la<\/p>\n<div class=\"h10\"><\/div>\n<p><a class=\"more-link1\" href=\"https:\/\/www.donkosira.org\/en\/notre-equipe\/ansoumane-camara\/\">Lire plus<\/a><\/p>\n","protected":false},"author":1,"featured_media":0,"parent":23104,"menu_order":3,"comment_status":"closed","ping_status":"closed","template":"","meta":{"footnotes":""},"class_list":["post-24323","page","type-page","status-publish","hentry"],"translation":{"provider":"WPGlobus","version":"3.0.0","language":"en","enabled_languages":["fr","en"],"languages":{"fr":{"title":true,"content":true,"excerpt":false},"en":{"title":false,"content":false,"excerpt":false}}},"jetpack_likes_enabled":false,"jetpack_sharing_enabled":true,"_links":{"self":[{"href":"https:\/\/www.donkosira.org\/en\/wp-json\/wp\/v2\/pages\/24323","targetHints":{"allow":["GET"]}}],"collection":[{"href":"https:\/\/www.donkosira.org\/en\/wp-json\/wp\/v2\/pages"}],"about":[{"href":"https:\/\/www.donkosira.org\/en\/wp-json\/wp\/v2\/types\/page"}],"author":[{"embeddable":true,"href":"https:\/\/www.donkosira.org\/en\/wp-json\/wp\/v2\/users\/1"}],"replies":[{"embeddable":true,"href":"https:\/\/www.donkosira.org\/en\/wp-json\/wp\/v2\/comments?post=24323"}],"version-history":[{"count":0,"href":"https:\/\/www.donkosira.org\/en\/wp-json\/wp\/v2\/pages\/24323\/revisions"}],"up":[{"embeddable":true,"href":"https:\/\/www.donkosira.org\/en\/wp-json\/wp\/v2\/pages\/23104"}],"wp:attachment":[{"href":"https:\/\/www.donkosira.org\/en\/wp-json\/wp\/v2\/media?parent=24323"}],"curies":[{"name":"wp","href":"https:\/\/api.w.org\/{rel}","templated":true}]}}