{"id":24318,"date":"2020-08-28T03:03:40","date_gmt":"2020-08-28T01:03:40","guid":{"rendered":"http:\/\/donkosira.kasartmedia.com\/?page_id=24318"},"modified":"2021-05-05T04:47:53","modified_gmt":"2021-05-05T04:47:53","slug":"waly-traore","status":"publish","type":"page","link":"https:\/\/www.donkosira.org\/en\/notre-equipe\/waly-traore\/","title":{"rendered":"Waly Traor\u00e9"},"content":{"rendered":"<p>[vc_row css=&#8221;.vc_custom_1606782925962{padding-top: 40px !important;padding-bottom: 10px !important;}&#8221;][vc_column width=&#8221;1\/2&#8243;][vc_single_image image=&#8221;26407&#8243;][\/vc_column][vc_column width=&#8221;1\/2&#8243; css=&#8221;.vc_custom_1598576615442{padding-right: 20px !important;padding-bottom: 80px !important;padding-left: 40px !important;}&#8221;]<h1 class=\"boc_heading no_text_transform letter_spacing_negative al_left  \"  style=\"margin-bottom: 8px;margin-top: 0px;color: #00a0a5;font-size: 33px;\"><span>Waly Traor\u00e9<\/span><\/h1><h3 class=\"boc_heading  al_left  boc_subheading \"  style=\"margin-bottom: 20px;margin-top: 0px;color: #adadad;font-size: 19px;\"><span>Enseignant g\u00e9n\u00e9raliste<\/span><\/h3><div class=\"boc_divider_holder\"><div class=\"boc_divider  \"  style=\"margin-top: 22px;margin-bottom: 22px;width: 100px;height: 1px;background: #eeeeee;\"><\/div><\/div>[vc_column_text]<\/p>\n<p style=\"text-align: justify;\">Je m\u2019appelle Waly Traor\u00e9, je suis n\u00e9e le 4 octobre 1977. Je viens du village de Bouillagui dans la r\u00e9gion de Kayes (Mali), commune rurale de Guidimakha Kerrikaffo. Je suis enseignant g\u00e9n\u00e9raliste, j\u2019enseigne la cinqui\u00e8me ann\u00e9e \u00e0 l\u2019\u00e9cole fondamentale de Bouillagui. Je suis mari\u00e9 et p\u00e8re de cinq enfants. En dehors de ma fonction, je suis technicien en \u00e9lectricit\u00e9. Je suis aussi conseiller aupr\u00e8s de notre chef de village. Enfin je suis conseiller municipal sur la liste de l\u2019ADEMA-PASJ de la commune rurale de Guidimakha Kerrikafo.<\/p>\n<p style=\"text-align: justify;\">Ce qui me motive \u00e0 m\u2019int\u00e9grer dans le projet Donkosira: c\u2019est un outil qui nous sert \u00e0 mieux conna\u00eetre et pr\u00e9server notre riche patrimoine culturel et nos savoirs locaux \u00e0 travers nos villages, nos regions et nos pays. Cela nous rapproche entre Maliens, S\u00e9n\u00e9galais et Guin\u00e9ens. J\u2019invite tout le monde \u00e0 prochainement participer \u00e0 ce projet pour atteindre nos objectifs.<\/p>\n<p>[\/vc_column_text]<div class=\"boc_divider_holder\"><div class=\"boc_divider  \"  style=\"margin-top: 22px;margin-bottom: 22px;width: 100px;height: 1px;background: #eeeeee;\"><\/div><\/div><div class=\"boc_spacing \" style=\"height: 5px\"><\/div>[\/vc_column][\/vc_row][vc_row][vc_column]<div class=\"boc_spacing \" style=\"height: 40px\"><\/div>[\/vc_column][\/vc_row][vc_row full_width=&#8221;stretch_row&#8221; bg_type=&#8221;bg_color&#8221; enable_overlay=&#8221;enable_overlay_value&#8221; overlay_color=&#8221;#00a0a5&#8243; ult_hide_row=&#8221;off&#8221; el_class=&#8221;white_text&#8221; css=&#8221;.vc_custom_1620189826157{margin-bottom: 0px !important;padding-top: 20px !important;padding-bottom: 10px !important;}&#8221; bg_color_value=&#8221;#00a0a5&#8243;][vc_column]<h2 class=\"boc_heading  center  boc_subheading boc_animate_when_almost_visible boc_left-to-right\"  style=\"margin-bottom: 20px;margin-top: 0px;color: #ffffff;font-size: 27px;\"><span>\u00ab Donkosira : le chemin de la connaissance \u00bb<\/span><\/h2>[\/vc_column][\/vc_row]<\/p>\n","protected":false},"excerpt":{"rendered":"<p>[vc_row css=&#8221;.vc_custom_1606782925962{padding-top: 40px !important;padding-bottom: 10px !important;}&#8221;][vc_column width=&#8221;1\/2&#8243;][vc_single_image image=&#8221;26407&#8243;][\/vc_column][vc_column width=&#8221;1\/2&#8243; css=&#8221;.vc_custom_1598576615442{padding-right: 20px !important;padding-bottom: 80px !important;padding-left: 40px !important;}&#8221;][vc_column_text] Je m\u2019appelle Waly Traor\u00e9, je suis n\u00e9e le 4 octobre 1977. Je viens du village de Bouillagui dans la r\u00e9gion de Kayes (Mali), commune rurale de Guidimakha Kerrikaffo. Je suis enseignant g\u00e9n\u00e9raliste, j\u2019enseigne la cinqui\u00e8me ann\u00e9e \u00e0 l\u2019\u00e9cole fondamentale de Bouillagui. Je suis mari\u00e9<\/p>\n<div class=\"h10\"><\/div>\n<p><a class=\"more-link1\" href=\"https:\/\/www.donkosira.org\/en\/notre-equipe\/waly-traore\/\">Lire plus<\/a><\/p>\n","protected":false},"author":1,"featured_media":0,"parent":23104,"menu_order":18,"comment_status":"closed","ping_status":"closed","template":"","meta":{"footnotes":""},"class_list":["post-24318","page","type-page","status-publish","hentry"],"translation":{"provider":"WPGlobus","version":"3.0.0","language":"en","enabled_languages":["fr","en"],"languages":{"fr":{"title":true,"content":true,"excerpt":false},"en":{"title":false,"content":false,"excerpt":false}}},"jetpack_likes_enabled":false,"jetpack_sharing_enabled":true,"_links":{"self":[{"href":"https:\/\/www.donkosira.org\/en\/wp-json\/wp\/v2\/pages\/24318","targetHints":{"allow":["GET"]}}],"collection":[{"href":"https:\/\/www.donkosira.org\/en\/wp-json\/wp\/v2\/pages"}],"about":[{"href":"https:\/\/www.donkosira.org\/en\/wp-json\/wp\/v2\/types\/page"}],"author":[{"embeddable":true,"href":"https:\/\/www.donkosira.org\/en\/wp-json\/wp\/v2\/users\/1"}],"replies":[{"embeddable":true,"href":"https:\/\/www.donkosira.org\/en\/wp-json\/wp\/v2\/comments?post=24318"}],"version-history":[{"count":0,"href":"https:\/\/www.donkosira.org\/en\/wp-json\/wp\/v2\/pages\/24318\/revisions"}],"up":[{"embeddable":true,"href":"https:\/\/www.donkosira.org\/en\/wp-json\/wp\/v2\/pages\/23104"}],"wp:attachment":[{"href":"https:\/\/www.donkosira.org\/en\/wp-json\/wp\/v2\/media?parent=24318"}],"curies":[{"name":"wp","href":"https:\/\/api.w.org\/{rel}","templated":true}]}}