{"id":22551,"date":"2015-05-12T11:59:33","date_gmt":"2015-05-12T09:59:33","guid":{"rendered":"http:\/\/blueowlcreative.com\/wp\/fortuna_export\/?page_id=22551"},"modified":"2022-04-15T01:49:35","modified_gmt":"2022-04-15T01:49:35","slug":"contact","status":"publish","type":"page","link":"https:\/\/www.donkosira.org\/en\/contact\/","title":{"rendered":"Contact"},"content":{"rendered":"<p>[vc_row bg_type=&#8221;image&#8221; bg_image_repeat=&#8221;no-repeat&#8221; bg_override=&#8221;full&#8221; parallax_content=&#8221;parallax_content_value&#8221; parallax_content_sense=&#8221;60&#8243; fadeout_row=&#8221;fadeout_row_value&#8221; fadeout_start_effect=&#8221;40&#8243; enable_overlay=&#8221;enable_overlay_value&#8221; overlay_color=&#8221;rgba(12,13,13,0.5)&#8221; overlay_pattern=&#8221;09.png&#8221; overlay_pattern_opacity=&#8221;20&#8243; seperator_enable=&#8221;off&#8221; css=&#8221;.vc_custom_1606779125662{margin-bottom: 0px !important;padding-top: 110px !important;}&#8221;][vc_column]<h2 class=\"boc_heading  al_left  boc_animate_when_almost_visible boc_fade-in\"  style=\"margin-bottom: 4px;margin-top: 0px;color: #333333;font-size: 44px;\"><span>Nous contacter<\/span><\/h2><div class=\"boc_divider_holder\"><div class=\"boc_divider  \"  style=\"margin-top: 20px;margin-bottom: 20px;height: 1px;background: #eeeeee;\"><\/div><\/div>[\/vc_column][\/vc_row][vc_row bg_type=&#8221;bg_color&#8221; bg_override=&#8221;full&#8221; seperator_enable=&#8221;seperator_enable_value&#8221; seperator_type=&#8221;triangle_svg_seperator&#8221; seperator_position=&#8221;bottom_seperator&#8221; seperator_svg_height=&#8221;10&#8243; seperator_shape_background=&#8221;#08ada7&#8243; bg_color_value=&#8221;#ffffff&#8221; css=&#8221;.vc_custom_1606779424003{margin-bottom: 0px !important;padding-top: 20px !important;padding-bottom: 80px !important;}&#8221;][vc_column width=&#8221;2\/3&#8243; css=&#8221;.vc_custom_1433757069623{margin-top: 20px !important;border-top-width: 1px !important;border-right-width: 1px !important;border-bottom-width: 1px !important;border-left-width: 1px !important;padding-top: 30px !important;padding-right: 30px !important;padding-bottom: 30px !important;padding-left: 30px !important;background-color: #ffffff !important;border-left-color: #eeeeee !important;border-left-style: solid !important;border-right-color: #eeeeee !important;border-right-style: solid !important;border-top-color: #eeeeee !important;border-top-style: solid !important;border-bottom-color: #eeeeee !important;border-bottom-style: solid !important;}&#8221;]<h3 class=\"boc_heading  al_left  \"  style=\"margin-bottom: 20px;margin-top: 0px;color: #333333;\"><span>Formulaire de contact<\/span><\/h3><div class=\"boc_divider_holder\"><div class=\"boc_divider  \"  style=\"margin-top: 20px;margin-bottom: 20px;width: 200px;height: 1px;background: #eeeeee;\"><\/div><\/div><div class=\"boc_spacing \" style=\"height: 20px\"><\/div>\n<div class=\"wpcf7 no-js\" id=\"wpcf7-f22429-o1\" lang=\"en-US\" dir=\"ltr\" data-wpcf7-id=\"22429\">\n<div class=\"screen-reader-response\"><p role=\"status\" aria-live=\"polite\" aria-atomic=\"true\"><\/p> <ul><\/ul><\/div>\n<form action=\"\/en\/wp-json\/wp\/v2\/pages\/22551#wpcf7-f22429-o1\" method=\"post\" class=\"wpcf7-form init\" aria-label=\"Contact form\" novalidate=\"novalidate\" data-status=\"init\">\n<fieldset class=\"hidden-fields-container\"><input type=\"hidden\" name=\"_wpcf7\" value=\"22429\" \/><input type=\"hidden\" name=\"_wpcf7_version\" value=\"6.1.3\" \/><input type=\"hidden\" name=\"_wpcf7_locale\" value=\"en_US\" \/><input type=\"hidden\" name=\"_wpcf7_unit_tag\" value=\"wpcf7-f22429-o1\" \/><input type=\"hidden\" name=\"_wpcf7_container_post\" value=\"0\" \/><input type=\"hidden\" name=\"_wpcf7_posted_data_hash\" value=\"\" \/>\n<\/fieldset>\n<p><span class=\"wpcf7-form-control-wrap\" data-name=\"name\"><input size=\"40\" maxlength=\"400\" class=\"wpcf7-form-control wpcf7-text wpcf7-validates-as-required\" aria-required=\"true\" aria-invalid=\"false\" placeholder=\"Votre Nom *\" value=\"\" type=\"text\" name=\"name\" \/><\/span>\n<\/p>\n<p><span class=\"wpcf7-form-control-wrap\" data-name=\"email\"><input size=\"40\" maxlength=\"400\" class=\"wpcf7-form-control wpcf7-email wpcf7-validates-as-required wpcf7-text wpcf7-validates-as-email\" aria-required=\"true\" aria-invalid=\"false\" placeholder=\"Votre Email *\" value=\"\" type=\"email\" name=\"email\" \/><\/span>\n<\/p>\n<p><span class=\"wpcf7-form-control-wrap\" data-name=\"subject\"><input size=\"40\" maxlength=\"400\" class=\"wpcf7-form-control wpcf7-text\" aria-invalid=\"false\" placeholder=\"Objet *\" value=\"\" type=\"text\" name=\"subject\" \/><\/span>\n<\/p>\n<p><span class=\"wpcf7-form-control-wrap\" data-name=\"message\"><textarea cols=\"40\" rows=\"5\" maxlength=\"2000\" class=\"wpcf7-form-control wpcf7-textarea\" aria-invalid=\"false\" placeholder=\"Votre message *\" name=\"message\"><\/textarea><\/span>\n<\/p>\n<div class=\"h10\">\n<\/div>\n<p><em>To use CAPTCHA, you need <a href=\"https:\/\/wordpress.org\/plugins\/really-simple-captcha\/\">Really Simple CAPTCHA<\/a> plugin installed.<\/em>\n<\/p>\n<p><span class=\"wpcf7-form-control-wrap\" data-name=\"captcha-887\"><input size=\"4\" maxlength=\"4\" class=\"wpcf7-form-control wpcf7-captchar captcha_input\" autocomplete=\"off\" aria-invalid=\"false\" placeholder=\"Entrer Captcha\" value=\"\" type=\"text\" name=\"captcha-887\" \/><\/span>\n<\/p>\n<div class=\"h20\">\n<\/div>\n<p><input class=\"wpcf7-form-control wpcf7-submit has-spinner btn_theme_color btn_rounded\" type=\"submit\" value=\"Envoyer\" \/>\n<\/p><p style=\"display: none !important;\" class=\"akismet-fields-container\" data-prefix=\"_wpcf7_ak_\"><label>&#916;<textarea name=\"_wpcf7_ak_hp_textarea\" cols=\"45\" rows=\"8\" maxlength=\"100\"><\/textarea><\/label><input type=\"hidden\" id=\"ak_js_1\" name=\"_wpcf7_ak_js\" value=\"104\"\/><script>document.getElementById( \"ak_js_1\" ).setAttribute( \"value\", ( new Date() ).getTime() );<\/script><\/p><div class=\"wpcf7-response-output\" aria-hidden=\"true\"><\/div>\n<\/form>\n<\/div>\n<div class=\"boc_spacing \" style=\"height: 10px\"><\/div>[\/vc_column][vc_column width=&#8221;1\/3&#8243; css=&#8221;.vc_custom_1433757075183{margin-top: 20px !important;padding-left: 50px !important;}&#8221; el_class=&#8221;no_side_padding_in_responsive_column&#8221;]<h4 class=\"boc_heading  al_left  \"  style=\"margin-bottom: 20px;margin-top: 0px;color: #333333;\"><span>Notre emplacement<\/span><\/h4><div class=\"boc_divider_holder\"><div class=\"boc_divider  \"  style=\"margin-top: 20px;margin-bottom: 20px;width: 200px;height: 1px;background: #e4e4e4;\"><\/div><\/div><div class=\"boc_spacing \" style=\"height: 20px\"><\/div>[vc_gmaps link=&#8221;#E-8_JTNDaWZyYW1lJTIwc3JjJTNEJTIyaHR0cHMlM0ElMkYlMkZ3d3cuZ29vZ2xlLmNvbSUyRm1hcHMlMkZlbWJlZCUzRnBiJTNEJTIxMW0xOCUyMTFtMTIlMjExbTMlMjExZDE5NDYuNjgyMDkyMDg4ODUlMjEyZC04LjAzNDk2NzY0MjA4NTg1NiUyMTNkMTIuNjI0MDk3MTE1MTM5NTIyJTIxMm0zJTIxMWYwJTIxMmYwJTIxM2YwJTIxM20yJTIxMWkxMDI0JTIxMmk3NjglMjE0ZjEzLjElMjEzbTMlMjExbTIlMjExczB4ZTUxY2M3MWQ3MTljNmM3JTI1M0EweGM4MDgxYmRmNmM3ZmVhYWYlMjEyc0NlbnRyZSUyNTIwc29sZWlsJTI1MjBkJTI2JTIzMzklM0JhZnJpcXVlJTIxNWUwJTIxM20yJTIxMXNlbiUyMTJzbWwlMjE0djE1OTgyMDY0NzA4NTQlMjE1bTIlMjExc2VuJTIxMnNtbCUyMiUyMHdpZHRoJTNEJTIyNjAwJTIyJTIwaGVpZ2h0JTNEJTIyNDUwJTIyJTIwZnJhbWVib3JkZXIlM0QlMjIwJTIyJTIwc3R5bGUlM0QlMjJib3JkZXIlM0EwJTNCJTIyJTIwYWxsb3dmdWxsc2NyZWVuJTNEJTIyJTIyJTIwYXJpYS1oaWRkZW4lM0QlMjJmYWxzZSUyMiUyMHRhYmluZGV4JTNEJTIyMCUyMiUzRSUzQyUyRmlmcmFtZSUzRQ==&#8221; size=&#8221;284&#8243;]<div class=\"boc_spacing \" style=\"height: 20px\"><\/div><h4 class=\"boc_heading  al_left  \"  style=\"margin-bottom: 20px;margin-top: 0px;color: #333333;\"><span>Adresse et num\u00e9ro de t\u00e9l\u00e9phone<\/span><\/h4><div class=\"boc_divider_holder\"><div class=\"boc_divider  \"  style=\"margin-top: 20px;margin-bottom: 20px;width: 200px;height: 1px;background: #e4e4e4;\"><\/div><\/div><div class=\"boc_list_item  \"  style=\"margin-bottom: 10px;\">\n\t\t\t\t\t<span class=\"li_icon small \" style=\"\"><i class=\"icon icon-mobile3\" style=\"\"><\/i><\/span>\n\t\t\t\t\t<div class=\"boc_list_item_text small\">+ 223 76 92 55 41<\/div>\n\t\t\t\t   <\/div><div class=\"boc_list_item  \"  style=\"margin-bottom: 10px;\">\n\t\t\t\t\t<span class=\"li_icon small \" style=\"\"><i class=\"icon icon-mail2\" style=\"\"><\/i><\/span>\n\t\t\t\t\t<div class=\"boc_list_item_text small\"><b><a href=\"mailto:donkosira@gmail.com\" target=\"_blank\" rel=\"noopener noreferrer\" data-auth=\"NotApplicable\" data-linkindex=\"0\">donkosira@gmail.com<\/a><\/b><\/div>\n\t\t\t\t   <\/div><div class=\"boc_list_item  \"  style=\"margin-bottom: 10px;\">\n\t\t\t\t\t<span class=\"li_icon small \" style=\"\"><i class=\"icon icon-location2\" style=\"\"><\/i><\/span>\n\t\t\t\t\t<div class=\"boc_list_item_text small\">Rue 2126, Porte 252, Bamako<\/div>\n\t\t\t\t   <\/div>[\/vc_column][\/vc_row][vc_row full_width=&#8221;stretch_row&#8221; bg_type=&#8221;bg_color&#8221; enable_overlay=&#8221;enable_overlay_value&#8221; overlay_color=&#8221;rgba(8,173,167,0.9)&#8221; el_class=&#8221;white_text&#8221; css=&#8221;.vc_custom_1598992431208{margin-bottom: 0px !important;padding-top: 20px !important;padding-bottom: 10px !important;}&#8221; bg_color_value=&#8221;#08ada7&#8243;][vc_column]<h2 class=\"boc_heading no_text_transform center  boc_subheading boc_animate_when_almost_visible boc_left-to-right\"  style=\"margin-bottom: 20px;color: #ffffff;font-size: 27px;\"><span>\u00ab Donkosira : le chemin de la connaissance \u00bb<\/span><\/h2>[\/vc_column][\/vc_row]<\/p>\n","protected":false},"excerpt":{"rendered":"<p>[vc_row bg_type=&#8221;image&#8221; bg_image_repeat=&#8221;no-repeat&#8221; bg_override=&#8221;full&#8221; parallax_content=&#8221;parallax_content_value&#8221; parallax_content_sense=&#8221;60&#8243; fadeout_row=&#8221;fadeout_row_value&#8221; fadeout_start_effect=&#8221;40&#8243; enable_overlay=&#8221;enable_overlay_value&#8221; overlay_color=&#8221;rgba(12,13,13,0.5)&#8221; overlay_pattern=&#8221;09.png&#8221; overlay_pattern_opacity=&#8221;20&#8243; seperator_enable=&#8221;off&#8221; css=&#8221;.vc_custom_1606779125662{margin-bottom: 0px !important;padding-top: 110px !important;}&#8221;][vc_column][\/vc_column][\/vc_row][vc_row bg_type=&#8221;bg_color&#8221; bg_override=&#8221;full&#8221; seperator_enable=&#8221;seperator_enable_value&#8221; seperator_type=&#8221;triangle_svg_seperator&#8221; seperator_position=&#8221;bottom_seperator&#8221; seperator_svg_height=&#8221;10&#8243; seperator_shape_background=&#8221;#08ada7&#8243; bg_color_value=&#8221;#ffffff&#8221; css=&#8221;.vc_custom_1606779424003{margin-bottom: 0px !important;padding-top: 20px !important;padding-bottom: 80px !important;}&#8221;][vc_column width=&#8221;2\/3&#8243; css=&#8221;.vc_custom_1433757069623{margin-top: 20px !important;border-top-width: 1px !important;border-right-width: 1px !important;border-bottom-width: 1px !important;border-left-width: 1px !important;padding-top: 30px !important;padding-right: 30px !important;padding-bottom: 30px !important;padding-left: 30px !important;background-color: #ffffff !important;border-left-color: #eeeeee !important;border-left-style: solid !important;border-right-color: #eeeeee<\/p>\n<div class=\"h10\"><\/div>\n<p><a class=\"more-link1\" href=\"https:\/\/www.donkosira.org\/en\/contact\/\">Lire plus<\/a><\/p>\n","protected":false},"author":1,"featured_media":0,"parent":0,"menu_order":0,"comment_status":"open","ping_status":"closed","template":"","meta":{"footnotes":""},"class_list":["post-22551","page","type-page","status-publish","hentry"],"translation":{"provider":"WPGlobus","version":"3.0.0","language":"en","enabled_languages":["fr","en"],"languages":{"fr":{"title":true,"content":true,"excerpt":false},"en":{"title":false,"content":false,"excerpt":false}}},"jetpack_likes_enabled":false,"jetpack_sharing_enabled":true,"_links":{"self":[{"href":"https:\/\/www.donkosira.org\/en\/wp-json\/wp\/v2\/pages\/22551","targetHints":{"allow":["GET"]}}],"collection":[{"href":"https:\/\/www.donkosira.org\/en\/wp-json\/wp\/v2\/pages"}],"about":[{"href":"https:\/\/www.donkosira.org\/en\/wp-json\/wp\/v2\/types\/page"}],"author":[{"embeddable":true,"href":"https:\/\/www.donkosira.org\/en\/wp-json\/wp\/v2\/users\/1"}],"replies":[{"embeddable":true,"href":"https:\/\/www.donkosira.org\/en\/wp-json\/wp\/v2\/comments?post=22551"}],"version-history":[{"count":0,"href":"https:\/\/www.donkosira.org\/en\/wp-json\/wp\/v2\/pages\/22551\/revisions"}],"wp:attachment":[{"href":"https:\/\/www.donkosira.org\/en\/wp-json\/wp\/v2\/media?parent=22551"}],"curies":[{"name":"wp","href":"https:\/\/api.w.org\/{rel}","templated":true}]}}