{"id":21676,"date":"2015-03-26T10:37:55","date_gmt":"2015-03-26T09:37:55","guid":{"rendered":"http:\/\/blueowlcreative.com\/wp\/fortuna_export\/?page_id=21676"},"modified":"2020-12-17T00:45:00","modified_gmt":"2020-12-17T00:45:00","slug":"moussa-john-kalapo","status":"publish","type":"page","link":"https:\/\/www.donkosira.org\/en\/notre-equipe\/moussa-john-kalapo\/","title":{"rendered":"Moussa John Kalapo"},"content":{"rendered":"<p>[vc_row css=&#8221;.vc_custom_1606782504542{padding-top: 40px !important;padding-bottom: 10px !important;}&#8221;][vc_column width=&#8221;1\/2&#8243;][vc_single_image image=&#8221;25229&#8243;][\/vc_column][vc_column width=&#8221;1\/2&#8243; css=&#8221;.vc_custom_1599071243267{padding-right: 20px !important;padding-bottom: 10px !important;padding-left: 40px !important;}&#8221;]<h1 class=\"boc_heading no_text_transform letter_spacing_negative al_left  \"  style=\"margin-bottom: 8px;margin-top: 0px;color: #00a0a5;font-size: 33px;\"><span>MOUSSA JOHN KALAPO<\/span><\/h1><h3 class=\"boc_heading  al_left  boc_subheading \"  style=\"margin-bottom: 20px;margin-top: 0px;color: #adadad;font-size: 19px;\"><span>Pr\u00e9sident<\/span><\/h3><div class=\"boc_divider_holder\"><div class=\"boc_divider  \"  style=\"margin-top: 22px;margin-bottom: 22px;width: 100px;height: 1px;background: #eeeeee;\"><\/div><\/div>[vc_column_text]<\/p>\n<p style=\"text-align: justify;\">Moussa KALAPO est un artiste plasticien bas\u00e9 \u00e0 Bamako, au Mali.<\/p>\n<p style=\"text-align: justify;\">Il se distingue principalement par son travail dans les domaines de la photographie et de la production vid\u00e9o, \u00e0 c\u00f4t\u00e9 de ses activit\u00e9s de blogging qui visent \u00e0 promouvoir des id\u00e9es de changement social \u00e0 travers le journalisme ind\u00e9pendant, la d\u00e9nonciation des structures de pouvoir injustes et les images documentaires.<\/p>\n<p style=\"text-align: justify;\">Kalapo est dipl\u00f4m\u00e9 en \u00e9tudes comptables et informatiques des instituts professionnels de Sikasso et de Bamako. Par la suite, il s&#8217;inscrit en 2010 au Centre de formation en photographie (CFP) de Bamako. Cela lui a permis de d\u00e9velopper ses comp\u00e9tences en mati\u00e8re de cr\u00e9ation d&#8217;images et d&#8217;\u00e9largir ses connaissances sur la photographie, ce qui le fascine depuis des ann\u00e9es. En 2011, il a obtenu son dipl\u00f4me en photographie conceptuelle et documentaire du CFP.<\/p>\n<p style=\"text-align: justify;\">De plus, en tant que stagiaire pour le projet Mali-Photo pour la conservation et l&#8217;archivage des n\u00e9gatifs photographiques, il a \u00e9t\u00e9 directement expos\u00e9 au patrimoine de c\u00e9l\u00e8bres photographes africains (tels que Malick Sidibe, Abderahmane Sakaly, Adama Kouyat\u00e9 et Tijani \u00c0d\u00ecg\u00fan Sitou).<\/p>\n<p>[\/vc_column_text][\/vc_column][\/vc_row][vc_row][vc_column][vc_column_text]<\/p>\n<p style=\"text-align: justify;\">Il est co-fondateur et membre actif de l&#8217;association Collectif images conceptuelles. Il contribue r\u00e9guli\u00e8rement \u00e0 la plus grande banque d&#8217;images mondiale (Getty Images).<\/p>\n<p style=\"text-align: justify;\">Il a \u00e9galement \u00e9t\u00e9 s\u00e9lectionn\u00e9 pour Telling Time, l&#8217;exposition panafricaine de la 10e \u00e9dition des Rencontres de Bamako &#8211; La Biennale africaine de la photographie (organis\u00e9e par Bisi Silva, Centre d&#8217;art contemporain &#8211; Lagos), qui pr\u00e9sentera son projet le plus r\u00e9cent &#8211; Esclavage moderne (travail domestique des enfants) Cette s\u00e9rie a re\u00e7u le deuxi\u00e8me prix du festival de la quinzaine de la photographie au B\u00e9nin en 2016. Pr\u00e9sent\u00e9 r\u00e9cemment \u00e0 l&#8217;Institut fran\u00e7ais de Bamako dans le cadre du colloque international sur l&#8217;esclavage en Afrique de l&#8217;Ouest.<\/p>\n<p>[\/vc_column_text]<div class=\"boc_spacing \" style=\"height: 5px\"><\/div><div class=\"boc_divider_holder\"><div class=\"boc_divider  \"  style=\"margin-top: 22px;margin-bottom: 22px;width: 100px;height: 1px;background: #eeeeee;\"><\/div><\/div>[vc_column_text]<em><a href=\"mailto:mkalapo@gmail.com\">mkalapo@gmail.com, <\/a><\/em><em><a href=\"mailto:johnkalapo@gmail.com\">johnkalapo@gmail.com<\/a><\/em><\/p>\n<p><em><a href=\"http:\/\/www.facebook.com\/mkalapo\">www.facebook.com\/mkalapo<\/a><\/em>[\/vc_column_text][\/vc_column][\/vc_row][vc_row][vc_column]<div class=\"boc_spacing \" style=\"height: 40px\"><\/div>[\/vc_column][\/vc_row][vc_row full_width=&#8221;stretch_row&#8221; bg_type=&#8221;bg_color&#8221; enable_overlay=&#8221;enable_overlay_value&#8221; overlay_color=&#8221;#00a0a5&#8243; el_class=&#8221;white_text&#8221; css=&#8221;.vc_custom_1599070450611{margin-bottom: 0px !important;padding-top: 20px !important;padding-bottom: 10px !important;}&#8221; bg_color_value=&#8221;#00a0a5&#8243;][vc_column]<h2 class=\"boc_heading  center  boc_subheading boc_animate_when_almost_visible boc_left-to-right\"  style=\"margin-bottom: 20px;margin-top: 0px;color: #ffffff;font-size: 27px;\"><span>\u00ab Donkosira : le chemin de la connaissance \u00bb<\/span><\/h2>[\/vc_column][\/vc_row]<\/p>\n","protected":false},"excerpt":{"rendered":"<p>[vc_row css=&#8221;.vc_custom_1606782504542{padding-top: 40px !important;padding-bottom: 10px !important;}&#8221;][vc_column width=&#8221;1\/2&#8243;][vc_single_image image=&#8221;25229&#8243;][\/vc_column][vc_column width=&#8221;1\/2&#8243; css=&#8221;.vc_custom_1599071243267{padding-right: 20px !important;padding-bottom: 10px !important;padding-left: 40px !important;}&#8221;][vc_column_text] Moussa KALAPO est un artiste plasticien bas\u00e9 \u00e0 Bamako, au Mali. Il se distingue principalement par son travail dans les domaines de la photographie et de la production vid\u00e9o, \u00e0 c\u00f4t\u00e9 de ses activit\u00e9s de blogging qui visent \u00e0 promouvoir des id\u00e9es de changement<\/p>\n<div class=\"h10\"><\/div>\n<p><a class=\"more-link1\" href=\"https:\/\/www.donkosira.org\/en\/notre-equipe\/moussa-john-kalapo\/\">Lire plus<\/a><\/p>\n","protected":false},"author":1,"featured_media":0,"parent":23104,"menu_order":16,"comment_status":"open","ping_status":"closed","template":"","meta":{"footnotes":""},"class_list":["post-21676","page","type-page","status-publish","hentry"],"translation":{"provider":"WPGlobus","version":"3.0.0","language":"en","enabled_languages":["fr","en"],"languages":{"fr":{"title":true,"content":true,"excerpt":false},"en":{"title":false,"content":false,"excerpt":false}}},"jetpack_likes_enabled":false,"jetpack_sharing_enabled":true,"_links":{"self":[{"href":"https:\/\/www.donkosira.org\/en\/wp-json\/wp\/v2\/pages\/21676","targetHints":{"allow":["GET"]}}],"collection":[{"href":"https:\/\/www.donkosira.org\/en\/wp-json\/wp\/v2\/pages"}],"about":[{"href":"https:\/\/www.donkosira.org\/en\/wp-json\/wp\/v2\/types\/page"}],"author":[{"embeddable":true,"href":"https:\/\/www.donkosira.org\/en\/wp-json\/wp\/v2\/users\/1"}],"replies":[{"embeddable":true,"href":"https:\/\/www.donkosira.org\/en\/wp-json\/wp\/v2\/comments?post=21676"}],"version-history":[{"count":0,"href":"https:\/\/www.donkosira.org\/en\/wp-json\/wp\/v2\/pages\/21676\/revisions"}],"up":[{"embeddable":true,"href":"https:\/\/www.donkosira.org\/en\/wp-json\/wp\/v2\/pages\/23104"}],"wp:attachment":[{"href":"https:\/\/www.donkosira.org\/en\/wp-json\/wp\/v2\/media?parent=21676"}],"curies":[{"name":"wp","href":"https:\/\/api.w.org\/{rel}","templated":true}]}}